{"id":16180,"date":"2023-06-21T13:40:01","date_gmt":"2023-06-21T13:40:01","guid":{"rendered":"https:\/\/chooseteethcare.com\/david-vs-goliath\/"},"modified":"2023-06-21T15:13:52","modified_gmt":"2023-06-21T15:13:52","slug":"david-vs-goliath","status":"publish","type":"page","link":"https:\/\/chooseteethcare.com\/de\/david-vs-goliath\/","title":{"rendered":"Unsere Story"},"content":{"rendered":"\t\t<div data-elementor-type=\"wp-page\" data-elementor-id=\"16180\" class=\"elementor elementor-16180 elementor-14716\" data-elementor-post-type=\"page\">\n\t\t\t\t\t\t<section class=\"elementor-section elementor-top-section elementor-element elementor-element-f05aba3 elementor-section-boxed elementor-section-height-default elementor-section-height-default\" data-id=\"f05aba3\" data-element_type=\"section\">\n\t\t\t\t\t\t<div class=\"elementor-container elementor-column-gap-default\">\n\t\t\t\t\t<div class=\"elementor-column elementor-col-100 elementor-top-column elementor-element elementor-element-1353de4\" data-id=\"1353de4\" data-element_type=\"column\">\n\t\t\t<div class=\"elementor-widget-wrap elementor-element-populated\">\n\t\t\t\t\t\t<section class=\"elementor-section elementor-inner-section elementor-element elementor-element-06e3386 elementor-section-boxed elementor-section-height-default elementor-section-height-default\" data-id=\"06e3386\" data-element_type=\"section\">\n\t\t\t\t\t\t<div class=\"elementor-container elementor-column-gap-default\">\n\t\t\t\t\t<div class=\"elementor-column elementor-col-50 elementor-inner-column elementor-element elementor-element-4ec998d\" data-id=\"4ec998d\" data-element_type=\"column\">\n\t\t\t<div class=\"elementor-widget-wrap elementor-element-populated\">\n\t\t\t\t\t\t<div class=\"elementor-element elementor-element-a8d64ad elementor-hidden-mobile elementor-widget elementor-widget-image\" data-id=\"a8d64ad\" data-element_type=\"widget\" data-widget_type=\"image.default\">\n\t\t\t\t<div class=\"elementor-widget-container\">\n\t\t\t\t\t\t\t\t\t\t\t\t\t\t\t<img fetchpriority=\"high\" decoding=\"async\" width=\"612\" height=\"418\" src=\"https:\/\/chooseteethcare.com\/wp-content\/uploads\/2023\/04\/David-vs-Goliath.jpg\" class=\"attachment-large size-large wp-image-14787\" alt=\"\" srcset=\"https:\/\/chooseteethcare.com\/wp-content\/uploads\/2023\/04\/David-vs-Goliath.jpg 612w, https:\/\/chooseteethcare.com\/wp-content\/uploads\/2023\/04\/David-vs-Goliath-300x205.jpg 300w, https:\/\/chooseteethcare.com\/wp-content\/uploads\/2023\/04\/David-vs-Goliath-600x410.jpg 600w\" sizes=\"(max-width: 612px) 100vw, 612px\" \/>\t\t\t\t\t\t\t\t\t\t\t\t\t\t\t<\/div>\n\t\t\t\t<\/div>\n\t\t\t\t\t<\/div>\n\t\t<\/div>\n\t\t\t\t<div class=\"elementor-column elementor-col-50 elementor-inner-column elementor-element elementor-element-bdcb79e\" data-id=\"bdcb79e\" data-element_type=\"column\">\n\t\t\t<div class=\"elementor-widget-wrap elementor-element-populated\">\n\t\t\t\t\t\t<div class=\"elementor-element elementor-element-e0d6544 elementor-widget__width-initial elementor-hidden-desktop elementor-hidden-tablet elementor-widget elementor-widget-image\" data-id=\"e0d6544\" data-element_type=\"widget\" data-widget_type=\"image.default\">\n\t\t\t\t<div class=\"elementor-widget-container\">\n\t\t\t\t\t\t\t\t\t\t\t\t\t\t\t<img decoding=\"async\" width=\"736\" height=\"490\" src=\"https:\/\/chooseteethcare.com\/wp-content\/uploads\/2023\/04\/Waste-of-plastic-toothpaste-tubes.jpg\" class=\"attachment-large size-large wp-image-14872\" alt=\"Waste of plastic toothpaste tubes\" srcset=\"https:\/\/chooseteethcare.com\/wp-content\/uploads\/2023\/04\/Waste-of-plastic-toothpaste-tubes.jpg 736w, https:\/\/chooseteethcare.com\/wp-content\/uploads\/2023\/04\/Waste-of-plastic-toothpaste-tubes-300x200.jpg 300w, https:\/\/chooseteethcare.com\/wp-content\/uploads\/2023\/04\/Waste-of-plastic-toothpaste-tubes-600x399.jpg 600w\" sizes=\"(max-width: 736px) 100vw, 736px\" \/>\t\t\t\t\t\t\t\t\t\t\t\t\t\t\t<\/div>\n\t\t\t\t<\/div>\n\t\t\t\t<div class=\"elementor-element elementor-element-09a6097 elementor-widget elementor-widget-text-editor\" data-id=\"09a6097\" data-element_type=\"widget\" data-widget_type=\"text-editor.default\">\n\t\t\t\t<div class=\"elementor-widget-container\">\n\t\t\t\t\t\t\t\t\t<p class=\"MsoNoSpacing\"><strong>A<\/strong><b>nno 2023<\/b> \u2013 Alles um uns herum wird immer nachhaltiger! Leider hinkt die traditionelle Mundpflegeindustrie in Sachen Nachhaltigkeit weit hinterher&#8230;<\/p><p class=\"MsoNoSpacing\"><em>Warum?<\/em> Weil die traditionelle Mundpflegeindustrie in den H\u00e4nden gro\u00dfer Konzerne liegt, die vor allem auf finanziellen Gewinn aus sind, anstatt Verantwortung zu \u00fcbernehmen und unseren Planeten zu sch\u00fctzen!<\/p>\t\t\t\t\t\t\t\t<\/div>\n\t\t\t\t<\/div>\n\t\t\t\t<div class=\"elementor-element elementor-element-ad6e636 elementor-widget__width-initial elementor-hidden-desktop elementor-hidden-tablet elementor-widget elementor-widget-image\" data-id=\"ad6e636\" data-element_type=\"widget\" data-widget_type=\"image.default\">\n\t\t\t\t<div class=\"elementor-widget-container\">\n\t\t\t\t\t\t\t\t\t\t\t\t\t\t\t<img fetchpriority=\"high\" decoding=\"async\" width=\"612\" height=\"418\" src=\"https:\/\/chooseteethcare.com\/wp-content\/uploads\/2023\/04\/David-vs-Goliath.jpg\" class=\"attachment-large size-large wp-image-14787\" alt=\"\" srcset=\"https:\/\/chooseteethcare.com\/wp-content\/uploads\/2023\/04\/David-vs-Goliath.jpg 612w, https:\/\/chooseteethcare.com\/wp-content\/uploads\/2023\/04\/David-vs-Goliath-300x205.jpg 300w, https:\/\/chooseteethcare.com\/wp-content\/uploads\/2023\/04\/David-vs-Goliath-600x410.jpg 600w\" sizes=\"(max-width: 612px) 100vw, 612px\" \/>\t\t\t\t\t\t\t\t\t\t\t\t\t\t\t<\/div>\n\t\t\t\t<\/div>\n\t\t\t\t<div class=\"elementor-element elementor-element-a057de5 elementor-widget elementor-widget-text-editor\" data-id=\"a057de5\" data-element_type=\"widget\" data-widget_type=\"text-editor.default\">\n\t\t\t\t<div class=\"elementor-widget-container\">\n\t\t\t\t\t\t\t\t\t<p class=\"MsoNoSpacing\"><strong style=\"color: var(--base-text-color); font-family: var(--base-font-family);\">David vs Goliath<\/strong><span style=\"color: var(--base-text-color); font-family: var(--base-font-family);\"> &#8211; Wir von CHOOSE! stellen uns dem nachhaltigen Kampf wie der kleine David, der es mit dem gigantischen Goliath aufnimmt. Genauso wie Goliath verl\u00e4sst sich die traditionelle Mundpflegeindustrie auf ihre Gr\u00f6\u00dfe und Macht und bleibt in alten Gewohnheiten wie Plastikzahnb\u00fcrsten und Tuben h\u00e4ngen.<\/span><\/p><p class=\"MsoNoSpacing\">\u00a0<\/p><p class=\"MsoNoSpacing\"><i>Das Problem \u2013 J\u00e4hrlich verschwinden mehr als 1,5 Milliarden Plastiktuben mit 5 bis 20 % zur\u00fcckgebliebener Zahnpasta (oft mit unn\u00f6tigen chemischen Stoffen) im Meer. Dieser Plastikm\u00fcll ist nicht abbaubar und hat ernsthafte Auswirkungen auf die Umwelt und unsere Meeresbewohner!<\/i><\/p>\t\t\t\t\t\t\t\t<\/div>\n\t\t\t\t<\/div>\n\t\t\t\t\t<\/div>\n\t\t<\/div>\n\t\t\t\t\t<\/div>\n\t\t<\/section>\n\t\t\t\t\t<\/div>\n\t\t<\/div>\n\t\t\t\t\t<\/div>\n\t\t<\/section>\n\t\t\t\t<section class=\"elementor-section elementor-top-section elementor-element elementor-element-99bd12f elementor-section-boxed elementor-section-height-default elementor-section-height-default\" data-id=\"99bd12f\" data-element_type=\"section\">\n\t\t\t\t\t\t<div class=\"elementor-container elementor-column-gap-default\">\n\t\t\t\t\t<div class=\"elementor-column elementor-col-100 elementor-top-column elementor-element elementor-element-a4befe7\" data-id=\"a4befe7\" data-element_type=\"column\">\n\t\t\t<div class=\"elementor-widget-wrap elementor-element-populated\">\n\t\t\t\t\t\t<section class=\"elementor-section elementor-inner-section elementor-element elementor-element-9ed2734 elementor-section-boxed elementor-section-height-default elementor-section-height-default\" data-id=\"9ed2734\" data-element_type=\"section\">\n\t\t\t\t\t\t<div class=\"elementor-container elementor-column-gap-default\">\n\t\t\t\t\t<div class=\"elementor-column elementor-col-50 elementor-inner-column elementor-element elementor-element-5d6e02c\" data-id=\"5d6e02c\" data-element_type=\"column\">\n\t\t\t<div class=\"elementor-widget-wrap elementor-element-populated\">\n\t\t\t\t\t\t<div class=\"elementor-element elementor-element-949ed7f elementor-widget elementor-widget-text-editor\" data-id=\"949ed7f\" data-element_type=\"widget\" data-widget_type=\"text-editor.default\">\n\t\t\t\t<div class=\"elementor-widget-container\">\n\t\t\t\t\t\t\t\t\t<p class=\"MsoNoSpacing\"><em>Zur\u00fcck zur Bibelgeschichte<\/em> \u2013 Es geht nicht um die Gr\u00f6\u00dfe von Goliath, sondern um die Kraft und Spannung der Schleuder von David. \u00a0 Mit CHOOSE! schaffen wir die Kraft, indem wir eine m\u00f6glichst nachhaltige und erschwingliche Alternative zu Zahnpasta in Plastiktuben f\u00fcr euch entwickeln!\u00a0<\/p>\t\t\t\t\t\t\t\t<\/div>\n\t\t\t\t<\/div>\n\t\t\t\t<div class=\"elementor-element elementor-element-118253a elementor-hidden-desktop elementor-hidden-tablet elementor-widget elementor-widget-image\" data-id=\"118253a\" data-element_type=\"widget\" data-widget_type=\"image.default\">\n\t\t\t\t<div class=\"elementor-widget-container\">\n\t\t\t\t\t\t\t\t\t\t\t\t\t\t\t\t<a href=\"https:\/\/chooseteethcare.com\/de\/geschaeft\/\">\n\t\t\t\t\t\t\t<img decoding=\"async\" width=\"878\" height=\"1024\" src=\"https:\/\/chooseteethcare.com\/wp-content\/uploads\/2023\/04\/4-878x1024.jpg\" class=\"attachment-large size-large wp-image-14440\" alt=\"\" srcset=\"https:\/\/chooseteethcare.com\/wp-content\/uploads\/2023\/04\/4-878x1024.jpg 878w, https:\/\/chooseteethcare.com\/wp-content\/uploads\/2023\/04\/4-257x300.jpg 257w, https:\/\/chooseteethcare.com\/wp-content\/uploads\/2023\/04\/4-768x896.jpg 768w, https:\/\/chooseteethcare.com\/wp-content\/uploads\/2023\/04\/4-600x700.jpg 600w, https:\/\/chooseteethcare.com\/wp-content\/uploads\/2023\/04\/4.jpg 1200w\" sizes=\"(max-width: 878px) 100vw, 878px\" \/>\t\t\t\t\t\t\t\t<\/a>\n\t\t\t\t\t\t\t\t\t\t\t\t\t\t\t<\/div>\n\t\t\t\t<\/div>\n\t\t\t\t<div class=\"elementor-element elementor-element-87fabea elementor-widget elementor-widget-text-editor\" data-id=\"87fabea\" data-element_type=\"widget\" data-widget_type=\"text-editor.default\">\n\t\t\t\t<div class=\"elementor-widget-container\">\n\t\t\t\t\t\t\t\t\t<p class=\"MsoNoSpacing\"><span style=\"color: var(--base-text-color); font-family: var(--base-font-family);\">Das tun wir mit <\/span><strong style=\"color: var(--base-text-color); font-family: var(--base-font-family);\">CHOOSE Paste<\/strong><span style=\"color: var(--base-text-color); font-family: var(--base-font-family);\"> \u2013 Hervorragende Zahnpasta aus einem kleinen Tablet, ohne Plastikm\u00fcll und unn\u00f6tige chemische Stoffe. Kauen, putzen und sp\u00fcre, wie es zu verantwortungsbewusster Zahnpasta aufsch\u00e4umt!<\/span><\/p>\t\t\t\t\t\t\t\t<\/div>\n\t\t\t\t<\/div>\n\t\t\t\t<div class=\"elementor-element elementor-element-b8b06e5 elementor-align-center elementor-widget elementor-widget-button\" data-id=\"b8b06e5\" data-element_type=\"widget\" data-widget_type=\"button.default\">\n\t\t\t\t<div class=\"elementor-widget-container\">\n\t\t\t\t\t\t\t\t\t<div class=\"elementor-button-wrapper\">\n\t\t\t\t\t<a class=\"elementor-button elementor-button-link elementor-size-sm\" href=\"https:\/\/chooseteethcare.com\/winkelmand\/?add-to-cart=8913\">\n\t\t\t\t\t\t<span class=\"elementor-button-content-wrapper\">\n\t\t\t\t\t\t\t\t\t<span class=\"elementor-button-text\">Jetzt bestellen!<\/span>\n\t\t\t\t\t<\/span>\n\t\t\t\t\t<\/a>\n\t\t\t\t<\/div>\n\t\t\t\t\t\t\t\t<\/div>\n\t\t\t\t<\/div>\n\t\t\t\t<div class=\"elementor-element elementor-element-b5a0946 elementor-widget elementor-widget-text-editor\" data-id=\"b5a0946\" data-element_type=\"widget\" data-widget_type=\"text-editor.default\">\n\t\t\t\t<div class=\"elementor-widget-container\">\n\t\t\t\t\t\t\t\t\t<p>Neben der Kraft unseres Produkts brauchen wir die richtige Spannung f\u00fcr die Schleuder, um den gro\u00dfen Goliath zu besiegen. Wir glauben, dass wir diese Spannung nur mit eurer massiven Unterst\u00fctzung erzeugen k\u00f6nnen!\u00a0<\/p><p><span style=\"color: var(--base-text-color); font-family: var(--base-font-family);\"><strong>Mit \u00fcber 15.000 zufriedenen Kunden<\/strong> in Europa sind wir auf dem richtigen Weg, aber wir haben noch einen langen Weg vor uns.\u00a0<\/span><\/p><p><span style=\"color: var(--base-text-color); font-family: var(--base-font-family);\">Schlie\u00df dich jetzt unserer CHOOSE!-Community an und putze t\u00e4glich ohne Plastik mit CHOOSE Paste!<\/span><\/p><p><span style=\"color: var(--base-text-color); font-family: var(--base-font-family);\">\u00a0Damit die Schleuder von David, wie in der Bibelgeschichte, den riesigen Goliath besiegt und wir unseren Planeten vor unn\u00f6tigem Plastikm\u00fcll sch\u00fctzen k\u00f6nnen!<\/span><\/p>\t\t\t\t\t\t\t\t<\/div>\n\t\t\t\t<\/div>\n\t\t\t\t<div class=\"elementor-element elementor-element-cd1be04 elementor-hidden-desktop elementor-hidden-tablet elementor-widget elementor-widget-image\" data-id=\"cd1be04\" data-element_type=\"widget\" data-widget_type=\"image.default\">\n\t\t\t\t<div class=\"elementor-widget-container\">\n\t\t\t\t\t\t\t\t\t\t\t\t\t\t\t\t<a href=\"https:\/\/chooseteethcare.com\/de\/geschaeft\/\">\n\t\t\t\t\t\t\t<img loading=\"lazy\" decoding=\"async\" width=\"1024\" height=\"1024\" src=\"https:\/\/chooseteethcare.com\/wp-content\/uploads\/2023\/05\/Offer-2-1024x1024.jpg\" class=\"attachment-large size-large wp-image-15615\" alt=\"\" srcset=\"https:\/\/chooseteethcare.com\/wp-content\/uploads\/2023\/05\/Offer-2-1024x1024.jpg 1024w, https:\/\/chooseteethcare.com\/wp-content\/uploads\/2023\/05\/Offer-2-300x300.jpg 300w, https:\/\/chooseteethcare.com\/wp-content\/uploads\/2023\/05\/Offer-2-150x150.jpg 150w, https:\/\/chooseteethcare.com\/wp-content\/uploads\/2023\/05\/Offer-2-768x768.jpg 768w, https:\/\/chooseteethcare.com\/wp-content\/uploads\/2023\/05\/Offer-2-600x600.jpg 600w, https:\/\/chooseteethcare.com\/wp-content\/uploads\/2023\/05\/Offer-2-100x100.jpg 100w, https:\/\/chooseteethcare.com\/wp-content\/uploads\/2023\/05\/Offer-2.jpg 1080w\" sizes=\"(max-width: 1024px) 100vw, 1024px\" \/>\t\t\t\t\t\t\t\t<\/a>\n\t\t\t\t\t\t\t\t\t\t\t\t\t\t\t<\/div>\n\t\t\t\t<\/div>\n\t\t\t\t<div class=\"elementor-element elementor-element-d2fc6da elementor-align-center elementor-hidden-desktop elementor-hidden-tablet elementor-widget elementor-widget-button\" data-id=\"d2fc6da\" data-element_type=\"widget\" data-widget_type=\"button.default\">\n\t\t\t\t<div class=\"elementor-widget-container\">\n\t\t\t\t\t\t\t\t\t<div class=\"elementor-button-wrapper\">\n\t\t\t\t\t<a class=\"elementor-button elementor-button-link elementor-size-sm\" href=\"https:\/\/chooseteethcare.com\/winkelmand\/?add-to-cart=8913\">\n\t\t\t\t\t\t<span class=\"elementor-button-content-wrapper\">\n\t\t\t\t\t\t\t\t\t<span class=\"elementor-button-text\">Jetzt bestellen!<\/span>\n\t\t\t\t\t<\/span>\n\t\t\t\t\t<\/a>\n\t\t\t\t<\/div>\n\t\t\t\t\t\t\t\t<\/div>\n\t\t\t\t<\/div>\n\t\t\t\t<div class=\"elementor-element elementor-element-d3bd0c4 elementor-widget elementor-widget-text-editor\" data-id=\"d3bd0c4\" data-element_type=\"widget\" data-widget_type=\"text-editor.default\">\n\t\t\t\t<div class=\"elementor-widget-container\">\n\t\t\t\t\t\t\t\t\t<p><span style=\"color: var(--base-text-color); font-family: var(--base-font-family);\">Damit die Schleuder von David, wie in der Bibelgeschichte, den riesigen Goliath besiegt und wir unseren Planeten vor unn\u00f6tigem Plastikm\u00fcll sch\u00fctzen k\u00f6nnen!<\/span><\/p>\t\t\t\t\t\t\t\t<\/div>\n\t\t\t\t<\/div>\n\t\t\t\t\t<\/div>\n\t\t<\/div>\n\t\t\t\t<div class=\"elementor-column elementor-col-50 elementor-inner-column elementor-element elementor-element-7f6f6a6\" data-id=\"7f6f6a6\" data-element_type=\"column\">\n\t\t\t<div class=\"elementor-widget-wrap elementor-element-populated\">\n\t\t\t\t\t\t<div class=\"elementor-element elementor-element-8bf3e5a elementor-hidden-mobile elementor-widget elementor-widget-image\" data-id=\"8bf3e5a\" data-element_type=\"widget\" data-widget_type=\"image.default\">\n\t\t\t\t<div class=\"elementor-widget-container\">\n\t\t\t\t\t\t\t\t\t\t\t\t\t\t\t<img decoding=\"async\" width=\"878\" height=\"1024\" src=\"https:\/\/chooseteethcare.com\/wp-content\/uploads\/2023\/04\/4-878x1024.jpg\" class=\"attachment-large size-large wp-image-14440\" alt=\"\" srcset=\"https:\/\/chooseteethcare.com\/wp-content\/uploads\/2023\/04\/4-878x1024.jpg 878w, https:\/\/chooseteethcare.com\/wp-content\/uploads\/2023\/04\/4-257x300.jpg 257w, https:\/\/chooseteethcare.com\/wp-content\/uploads\/2023\/04\/4-768x896.jpg 768w, https:\/\/chooseteethcare.com\/wp-content\/uploads\/2023\/04\/4-600x700.jpg 600w, https:\/\/chooseteethcare.com\/wp-content\/uploads\/2023\/04\/4.jpg 1200w\" sizes=\"(max-width: 878px) 100vw, 878px\" \/>\t\t\t\t\t\t\t\t\t\t\t\t\t\t\t<\/div>\n\t\t\t\t<\/div>\n\t\t\t\t\t<\/div>\n\t\t<\/div>\n\t\t\t\t\t<\/div>\n\t\t<\/section>\n\t\t\t\t<div class=\"elementor-element elementor-element-0790096 elementor-widget elementor-widget-spacer\" data-id=\"0790096\" data-element_type=\"widget\" data-widget_type=\"spacer.default\">\n\t\t\t\t<div class=\"elementor-widget-container\">\n\t\t\t\t\t\t\t<div class=\"elementor-spacer\">\n\t\t\t<div class=\"elementor-spacer-inner\"><\/div>\n\t\t<\/div>\n\t\t\t\t\t\t<\/div>\n\t\t\t\t<\/div>\n\t\t\t\t<div class=\"elementor-element elementor-element-e22a5df elementor-widget elementor-widget-heading\" data-id=\"e22a5df\" data-element_type=\"widget\" data-widget_type=\"heading.default\">\n\t\t\t\t<div class=\"elementor-widget-container\">\n\t\t\t\t\t<h2 class=\"elementor-heading-title elementor-size-default\">LET`S CHOOSE TO KICK OUT THE TUBE!<\/h2>\t\t\t\t<\/div>\n\t\t\t\t<\/div>\n\t\t\t\t<div class=\"elementor-element elementor-element-5b518b5 elementor-widget elementor-widget-image\" data-id=\"5b518b5\" data-element_type=\"widget\" data-widget_type=\"image.default\">\n\t\t\t\t<div class=\"elementor-widget-container\">\n\t\t\t\t\t\t\t\t\t\t\t\t\t\t\t<img loading=\"lazy\" decoding=\"async\" width=\"1024\" height=\"184\" src=\"https:\/\/chooseteethcare.com\/wp-content\/uploads\/2020\/11\/1.004-1-1-e1622634026560-1024x184.png\" class=\"attachment-large size-large wp-image-3676\" alt=\"Bamboe Tandenborstel + Tablet\" srcset=\"https:\/\/chooseteethcare.com\/wp-content\/uploads\/2020\/11\/1.004-1-1-e1622634026560-1024x184.png 1024w, https:\/\/chooseteethcare.com\/wp-content\/uploads\/2020\/11\/1.004-1-1-e1622634026560-300x54.png 300w, https:\/\/chooseteethcare.com\/wp-content\/uploads\/2020\/11\/1.004-1-1-e1622634026560-768x138.png 768w, https:\/\/chooseteethcare.com\/wp-content\/uploads\/2020\/11\/1.004-1-1-e1622634026560-600x108.png 600w, https:\/\/chooseteethcare.com\/wp-content\/uploads\/2020\/11\/1.004-1-1-e1622634026560.png 1200w\" sizes=\"(max-width: 1024px) 100vw, 1024px\" \/>\t\t\t\t\t\t\t\t\t\t\t\t\t\t\t<\/div>\n\t\t\t\t<\/div>\n\t\t\t\t\t<\/div>\n\t\t<\/div>\n\t\t\t\t\t<\/div>\n\t\t<\/section>\n\t\t\t\t<\/div>\n\t\t","protected":false},"excerpt":{"rendered":"<p>Anno 2023 \u2013 Alles um uns herum wird immer nachhaltiger! Leider hinkt die traditionelle Mundpflegeindustrie in Sachen Nachhaltigkeit weit hinterher&#8230;Warum? Weil die traditionelle Mundpflegeindustrie in den H\u00e4nden gro\u00dfer Konzerne liegt, die vor allem auf finanziellen Gewinn aus sind, anstatt Verantwortung zu \u00fcbernehmen und unseren Planeten zu sch\u00fctzen! David vs Goliath &#8211; Wir von CHOOSE! stellen &hellip; <a href=\"https:\/\/chooseteethcare.com\/de\/david-vs-goliath\/\">Continued<\/a><\/p>\n","protected":false},"author":1,"featured_media":0,"parent":0,"menu_order":0,"comment_status":"closed","ping_status":"closed","template":"","meta":{"_acf_changed":false,"footnotes":""},"class_list":["post-16180","page","type-page","status-publish","hentry"],"acf":[],"yoast_head":"<!-- This site is optimized with the Yoast SEO plugin v26.4 - https:\/\/yoast.com\/wordpress\/plugins\/seo\/ -->\n<title>Unsere Story - CHOOSE!\u2122<\/title>\n<meta name=\"robots\" content=\"index, follow, max-snippet:-1, max-image-preview:large, max-video-preview:-1\" \/>\n<link rel=\"canonical\" href=\"https:\/\/chooseteethcare.com\/de\/david-vs-goliath\/\" \/>\n<meta property=\"og:locale\" content=\"de_DE\" \/>\n<meta property=\"og:type\" content=\"article\" \/>\n<meta property=\"og:title\" content=\"Unsere Story - CHOOSE!\u2122\" \/>\n<meta property=\"og:description\" content=\"Anno 2023 \u2013 Alles um uns herum wird immer nachhaltiger! Leider hinkt die traditionelle Mundpflegeindustrie in Sachen Nachhaltigkeit weit hinterher&#8230;Warum? Weil die traditionelle Mundpflegeindustrie in den H\u00e4nden gro\u00dfer Konzerne liegt, die vor allem auf finanziellen Gewinn aus sind, anstatt Verantwortung zu \u00fcbernehmen und unseren Planeten zu sch\u00fctzen! David vs Goliath &#8211; Wir von CHOOSE! stellen &hellip; Continued\" \/>\n<meta property=\"og:url\" content=\"https:\/\/chooseteethcare.com\/de\/david-vs-goliath\/\" \/>\n<meta property=\"og:site_name\" content=\"CHOOSE!\u2122\" \/>\n<meta property=\"article:modified_time\" content=\"2023-06-21T15:13:52+00:00\" \/>\n<meta property=\"og:image\" content=\"https:\/\/chooseteethcare.com\/wp-content\/uploads\/2023\/04\/David-vs-Goliath.jpg\" \/>\n<meta name=\"twitter:card\" content=\"summary_large_image\" \/>\n<meta name=\"twitter:label1\" content=\"Gesch\u00e4tzte Lesezeit\" \/>\n\t<meta name=\"twitter:data1\" content=\"4\u00a0Minuten\" \/>\n<script type=\"application\/ld+json\" class=\"yoast-schema-graph\">{\"@context\":\"https:\/\/schema.org\",\"@graph\":[{\"@type\":\"WebPage\",\"@id\":\"https:\/\/chooseteethcare.com\/de\/david-vs-goliath\/\",\"url\":\"https:\/\/chooseteethcare.com\/de\/david-vs-goliath\/\",\"name\":\"Unsere Story - CHOOSE!\u2122\",\"isPartOf\":{\"@id\":\"https:\/\/chooseteethcare.com\/de\/#website\"},\"primaryImageOfPage\":{\"@id\":\"https:\/\/chooseteethcare.com\/de\/david-vs-goliath\/#primaryimage\"},\"image\":{\"@id\":\"https:\/\/chooseteethcare.com\/de\/david-vs-goliath\/#primaryimage\"},\"thumbnailUrl\":\"https:\/\/chooseteethcare.com\/wp-content\/uploads\/2023\/04\/David-vs-Goliath.jpg\",\"datePublished\":\"2023-06-21T13:40:01+00:00\",\"dateModified\":\"2023-06-21T15:13:52+00:00\",\"breadcrumb\":{\"@id\":\"https:\/\/chooseteethcare.com\/de\/david-vs-goliath\/#breadcrumb\"},\"inLanguage\":\"de\",\"potentialAction\":[{\"@type\":\"ReadAction\",\"target\":[\"https:\/\/chooseteethcare.com\/de\/david-vs-goliath\/\"]}]},{\"@type\":\"ImageObject\",\"inLanguage\":\"de\",\"@id\":\"https:\/\/chooseteethcare.com\/de\/david-vs-goliath\/#primaryimage\",\"url\":\"https:\/\/chooseteethcare.com\/wp-content\/uploads\/2023\/04\/David-vs-Goliath.jpg\",\"contentUrl\":\"https:\/\/chooseteethcare.com\/wp-content\/uploads\/2023\/04\/David-vs-Goliath.jpg\"},{\"@type\":\"BreadcrumbList\",\"@id\":\"https:\/\/chooseteethcare.com\/de\/david-vs-goliath\/#breadcrumb\",\"itemListElement\":[{\"@type\":\"ListItem\",\"position\":1,\"name\":\"Home\",\"item\":\"https:\/\/chooseteethcare.com\/de\/\"},{\"@type\":\"ListItem\",\"position\":2,\"name\":\"Unsere Story\"}]},{\"@type\":\"WebSite\",\"@id\":\"https:\/\/chooseteethcare.com\/de\/#website\",\"url\":\"https:\/\/chooseteethcare.com\/de\/\",\"name\":\"CHOOSE!\u2122\",\"description\":\"Get CHOOSE Paste - Excellent Tube-Free Toothpaste\",\"potentialAction\":[{\"@type\":\"SearchAction\",\"target\":{\"@type\":\"EntryPoint\",\"urlTemplate\":\"https:\/\/chooseteethcare.com\/de\/?s={search_term_string}\"},\"query-input\":{\"@type\":\"PropertyValueSpecification\",\"valueRequired\":true,\"valueName\":\"search_term_string\"}}],\"inLanguage\":\"de\"}]}<\/script>\n<!-- \/ Yoast SEO plugin. -->","yoast_head_json":{"title":"Unsere Story - CHOOSE!\u2122","robots":{"index":"index","follow":"follow","max-snippet":"max-snippet:-1","max-image-preview":"max-image-preview:large","max-video-preview":"max-video-preview:-1"},"canonical":"https:\/\/chooseteethcare.com\/de\/david-vs-goliath\/","og_locale":"de_DE","og_type":"article","og_title":"Unsere Story - CHOOSE!\u2122","og_description":"Anno 2023 \u2013 Alles um uns herum wird immer nachhaltiger! Leider hinkt die traditionelle Mundpflegeindustrie in Sachen Nachhaltigkeit weit hinterher&#8230;Warum? Weil die traditionelle Mundpflegeindustrie in den H\u00e4nden gro\u00dfer Konzerne liegt, die vor allem auf finanziellen Gewinn aus sind, anstatt Verantwortung zu \u00fcbernehmen und unseren Planeten zu sch\u00fctzen! David vs Goliath &#8211; Wir von CHOOSE! stellen &hellip; Continued","og_url":"https:\/\/chooseteethcare.com\/de\/david-vs-goliath\/","og_site_name":"CHOOSE!\u2122","article_modified_time":"2023-06-21T15:13:52+00:00","og_image":[{"url":"https:\/\/chooseteethcare.com\/wp-content\/uploads\/2023\/04\/David-vs-Goliath.jpg","type":"","width":"","height":""}],"twitter_card":"summary_large_image","twitter_misc":{"Gesch\u00e4tzte Lesezeit":"4\u00a0Minuten"},"schema":{"@context":"https:\/\/schema.org","@graph":[{"@type":"WebPage","@id":"https:\/\/chooseteethcare.com\/de\/david-vs-goliath\/","url":"https:\/\/chooseteethcare.com\/de\/david-vs-goliath\/","name":"Unsere Story - CHOOSE!\u2122","isPartOf":{"@id":"https:\/\/chooseteethcare.com\/de\/#website"},"primaryImageOfPage":{"@id":"https:\/\/chooseteethcare.com\/de\/david-vs-goliath\/#primaryimage"},"image":{"@id":"https:\/\/chooseteethcare.com\/de\/david-vs-goliath\/#primaryimage"},"thumbnailUrl":"https:\/\/chooseteethcare.com\/wp-content\/uploads\/2023\/04\/David-vs-Goliath.jpg","datePublished":"2023-06-21T13:40:01+00:00","dateModified":"2023-06-21T15:13:52+00:00","breadcrumb":{"@id":"https:\/\/chooseteethcare.com\/de\/david-vs-goliath\/#breadcrumb"},"inLanguage":"de","potentialAction":[{"@type":"ReadAction","target":["https:\/\/chooseteethcare.com\/de\/david-vs-goliath\/"]}]},{"@type":"ImageObject","inLanguage":"de","@id":"https:\/\/chooseteethcare.com\/de\/david-vs-goliath\/#primaryimage","url":"https:\/\/chooseteethcare.com\/wp-content\/uploads\/2023\/04\/David-vs-Goliath.jpg","contentUrl":"https:\/\/chooseteethcare.com\/wp-content\/uploads\/2023\/04\/David-vs-Goliath.jpg"},{"@type":"BreadcrumbList","@id":"https:\/\/chooseteethcare.com\/de\/david-vs-goliath\/#breadcrumb","itemListElement":[{"@type":"ListItem","position":1,"name":"Home","item":"https:\/\/chooseteethcare.com\/de\/"},{"@type":"ListItem","position":2,"name":"Unsere Story"}]},{"@type":"WebSite","@id":"https:\/\/chooseteethcare.com\/de\/#website","url":"https:\/\/chooseteethcare.com\/de\/","name":"CHOOSE!\u2122","description":"Get CHOOSE Paste - Excellent Tube-Free Toothpaste","potentialAction":[{"@type":"SearchAction","target":{"@type":"EntryPoint","urlTemplate":"https:\/\/chooseteethcare.com\/de\/?s={search_term_string}"},"query-input":{"@type":"PropertyValueSpecification","valueRequired":true,"valueName":"search_term_string"}}],"inLanguage":"de"}]}},"_links":{"self":[{"href":"https:\/\/chooseteethcare.com\/de\/wp-json\/wp\/v2\/pages\/16180","targetHints":{"allow":["GET"]}}],"collection":[{"href":"https:\/\/chooseteethcare.com\/de\/wp-json\/wp\/v2\/pages"}],"about":[{"href":"https:\/\/chooseteethcare.com\/de\/wp-json\/wp\/v2\/types\/page"}],"author":[{"embeddable":true,"href":"https:\/\/chooseteethcare.com\/de\/wp-json\/wp\/v2\/users\/1"}],"replies":[{"embeddable":true,"href":"https:\/\/chooseteethcare.com\/de\/wp-json\/wp\/v2\/comments?post=16180"}],"version-history":[{"count":0,"href":"https:\/\/chooseteethcare.com\/de\/wp-json\/wp\/v2\/pages\/16180\/revisions"}],"wp:attachment":[{"href":"https:\/\/chooseteethcare.com\/de\/wp-json\/wp\/v2\/media?parent=16180"}],"curies":[{"name":"wp","href":"https:\/\/api.w.org\/{rel}","templated":true}]}}