{"id":2927,"date":"2021-03-31T07:20:12","date_gmt":"2021-03-31T07:20:12","guid":{"rendered":"https:\/\/chooseteethcare.com\/datenschutz-bestimmungen\/"},"modified":"2021-03-31T07:21:18","modified_gmt":"2021-03-31T07:21:18","slug":"datenschutz-bestimmungen","status":"publish","type":"page","link":"https:\/\/chooseteethcare.com\/de\/datenschutz-bestimmungen\/","title":{"rendered":"Datenschutz-Bestimmungen"},"content":{"rendered":"<strong>Datenschutzerkl\u00e4rung W\u00e4hlen Sie TeethCare B.V.<\/strong>\n\n<strong>Chooseteethcare.com und alle anderen umleitenden Domainnamen<\/strong>\n\nChooseteethcare.com\n\nDiese Datenschutzrichtlinie beschreibt, wie Choose TeethCare B.V. Ihre Privatsph\u00e4re verwaltet, einschlie\u00dflich der Art und Weise, wie wir Sie kontaktieren k\u00f6nnen, und unserer Verwendung von Cookies. Es ist Teil unserer Nutzungsbedingungen f\u00fcr die Website. Choose TeethCare B.V. wei\u00df, dass es Ihnen als Besucher unserer Website (\u201edie Website\u201c) wichtig ist, wie Ihre pers\u00f6nlichen Daten gesammelt, verwendet, offengelegt, \u00fcbertragen, gespeichert und geteilt werden. W\u00e4hlen Sie TeethCare B.V., um Ihre Daten und Ihre Privatsph\u00e4re zu sch\u00fctzen.\n\nBitte machen Sie sich mit dieser Datenschutzerkl\u00e4rung vertraut. Wenn Sie Fragen dazu oder zu unserer Behandlung der von Ihnen bereitgestellten Informationen haben, wenden Sie sich bitte per E-Mail an: <a href=\"mailto:hello@chooseteethcare.com\">hello@chooseteethcare.com<\/a>. Diese Datenschutzrichtlinie wird bei Bedarf laufend aktualisiert und j\u00e4hrlich wird eine formelle \u00dcberpr\u00fcfung durchgef\u00fchrt. Wir werden Informationen gem\u00e4\u00df den zum Zeitpunkt des Umgangs mit diesen Informationen geltenden Datenschutzbestimmungen behandeln. Aktualisierungen dieser Datenschutzrichtlinie werden \u00f6ffentlich auf der Website ver\u00f6ffentlicht und sind ab dem Datum am Ende dieses Dokuments sofort wirksam.\n\n<strong>1. Annahme der Bedingungen<\/strong>\nUm die Choose TeethCare Services anzufordern und zu nutzen, m\u00fcssen Sie uns Ihren Namen, Ihre E-Mail-Adresse und Ihre Lieferadresse mitteilen. Alle pers\u00f6nlichen Informationen, die w\u00e4hrend Ihrer Nutzung der C-Dienste \u00fcbermittelt oder gesammelt werden, unterliegen dieser Datenschutzrichtlinie.\nDurch den Besuch der Website oder die Nutzung der Choose TeethCare-Dienste in irgendeiner Weise best\u00e4tigen Sie, dass Sie die hier beschriebenen Praktiken und Richtlinien vollst\u00e4ndig akzeptieren und dass Sie unserer Erfassung, Verwendung und \u00dcbertragung Ihrer Informationen auf folgende Weise zustimmen. Wenn Sie die Datenschutzrichtlinie insgesamt nicht akzeptieren, m\u00fcssen Sie die Nutzung der Website sofort einstellen und TeethCare Services ausw\u00e4hlen.\n\n<strong>2. Was wir sammeln und wie wir es verwenden<\/strong>\n\n<strong>2.1 Websites<\/strong>\nWenn Sie die Website besuchen, m\u00fcssen Sie keine pers\u00f6nlichen Daten angeben. Wenn Sie uns jedoch \u00fcber die Chat-Funktion auf der Website kontaktieren, wenn Sie sich anmelden, um Informationen von uns zu erhalten, oder wenn Sie sich anmelden, um die Choose TeethCare-Dienste zu erhalten und zu nutzen, m\u00fcssen Sie einige pers\u00f6nliche Informationen \u00fcber sich selbst und angeben M\u00f6glicherweise erfassen wir einige Navigationsinformationen gem\u00e4\u00df unserer unten stehenden Cookie-Richtlinie.\n\n<strong>2.2 Pers\u00f6nliche Informationen<\/strong>\n&#8220;Pers\u00f6nliche Informationen&#8221; beziehen sich auf alle Informationen, die Sie uns \u00fcbermitteln und die Sie pers\u00f6nlich identifizieren. Dazu geh\u00f6ren beispielsweise Ihr Name, Ihre E-Mail-Adresse, Adresse, Telefonnummer, Ihr Geburtsdatum und andere Informationen \u00fcber Sie. Dies kann auch Informationen \u00fcber Sie umfassen, die \u00f6ffentlich verf\u00fcgbar sind, sowie Informationen, die online \u00fcber Websites wie Facebook, LinkedIn, Twitter und Google \u00fcber Sie verf\u00fcgbar sind.\nZus\u00e4tzlich zu anderen in dieser Datenschutzrichtlinie genannten Verwendungen k\u00f6nnen wir Ihre pers\u00f6nlichen Daten auch verwenden, um:\n<ol>\n \t<li>Verbessern Sie Ihr Surferlebnis, indem Sie die Website personalisieren.<\/li>\n \t<li>Senden Sie uns Informationen per E-Mail oder auf andere Weise, von denen wir glauben, dass sie f\u00fcr Sie von Interesse sind.<\/li>\n \t<li>Verkn\u00fcpfen Sie die von uns gespeicherten Analyseinformationen mit den pers\u00f6nlichen Informationen, die Sie uns \u00fcbermitteln. und<\/li>\n \t<li>Kontaktieren Sie uns f\u00fcr Marketingzwecke im Zusammenhang mit unserem Gesch\u00e4ft, von denen wir glauben, dass sie f\u00fcr Sie von Interesse sind.<\/li>\n<\/ol>\n<strong>2.3 Navigationsinformationen<\/strong>\nDies bezieht sich auf Informationen zu Ihrem Computer, Ger\u00e4t, Besuchen der Website und Anmeldungen bei Choose TeethCare Services, einschlie\u00dflich Ihrer IP-Adresse, Ihres geografischen Standorts, Ihres Browsertyps, Ihrer Verweisquelle, der L\u00e4nge der Besuche, der angezeigten Seiten und des Heatmappings. Wir verwenden Navigationsinformationen, um die Website und die Dienste zu betreiben und zu verbessern, und k\u00f6nnen sie auch verwenden, um Ihnen personalisierte Informationen zu Choose TeethCare Services bereitzustellen. Aufgrund der Art der gesammelten Daten ist es m\u00f6glich, dass Navigationsinformationen pers\u00f6nliche Informationen enthalten.\n\n<strong>2.4 Dienstleister<\/strong>\nDie Website und die Dienste integrieren einige Dienste, die von Dritten bereitgestellt werden. Wir k\u00f6nnen einige Ihrer Informationen an diese Dienstleister weitergeben, damit diese ihre Dienste bereitstellen k\u00f6nnen. Dazu geh\u00f6ren das Entfernen sich wiederholender Informationen aus Interessentenlisten, das Analysieren von Daten, das Bereitstellen von Marketingunterst\u00fctzung, das Durchf\u00fchren von Kunden- und \/ oder Benutzerprofilen und das Bereitstellen von Kundendienstleistungen. Daher gelten die Bedingungen und Datenschutzrichtlinien dieser Dienstanbieter m\u00f6glicherweise auch f\u00fcr Sie, insbesondere: Google Analytics, Google AdWords, Google Tag Manager. Die Akzeptanz dieser Service Provider-Bedingungen ist erforderlich, um auf die Website und die Services zugreifen zu k\u00f6nnen. Weitere Informationen finden Sie weiter unten in unserer Cookie-Richtlinie.\nChoose TeethCare versucht, Datenverarbeitungsvereinbarungen mit jedem Dienstanbieter abzuschlie\u00dfen, bevor Dienste Dritter auf der Website implementiert werden, oder Choose TeethCare Services, um sicherzustellen, dass Ihre pers\u00f6nlichen Daten sicher und in \u00dcbereinstimmung mit dem Recht der Europ\u00e4ischen Union verwendet, gespeichert und \u00fcbertragen werden. Trotzdem kontrolliert oder \u00fcbernimmt Choose TeethCare keine Verantwortung f\u00fcr den Inhalt oder die Praktiken dieser Dienstanbieter, einschlie\u00dflich ihrer Richtlinien zur Datenspeicherung und -\u00fcbertragung, und diese Datenschutzrichtlinie gilt nicht f\u00fcr diese Funktionen, die ihren eigenen Richtlinien und Bedingungen unterliegen .\n\n<strong>2.5 Externe Websites<\/strong>\nDie Website und die Dienste k\u00f6nnen Links zu anderen Websites enthalten, die von Dritten betrieben werden. Unsere Bereitstellung dieser Links bedeutet weder die Billigung dieser anderen Websites noch deren Inhalt, Eigent\u00fcmer oder Praktiken. Diese Datenschutzrichtlinie gilt nicht f\u00fcr andere Websites, f\u00fcr die eigene Bedingungen gelten. Choose TeethCare kontrolliert oder \u00fcbernimmt keine Verantwortung f\u00fcr den Inhalt oder die Praktiken dieser anderen Websites.\n\n<strong>2.7 Werbema\u00dfnahmen<\/strong>\nWir k\u00f6nnen personenbezogene Daten in Bezug auf Werbe- \/ Marketingaktivit\u00e4ten oder -aktionen anfordern. Choose TeethCare verwendet diese Daten, um die eigentliche Aktion durchzuf\u00fchren, Preistr\u00e4ger und \/ oder Teilnehmer zu informieren oder die Reaktion zu messen. Die erhobenen Daten unterliegen dieser Datenschutzerkl\u00e4rung.\n\n<strong>2.8 Informationen von Minderj\u00e4hrigen<\/strong>\nDie Website und Choose TeethCare Services sind nicht f\u00fcr Kinder unter 13 Jahren gedacht oder richten sich an diese. Wir sammeln wissentlich keine Informationen \u00fcber Kinder unter 13 Jahren. Wenn Sie glauben, dass wir Informationen \u00fcber Minderj\u00e4hrige gesammelt haben, kontaktieren Sie uns bitte unter hello@chooseteethcare.nl, damit wir die Informationen l\u00f6schen k\u00f6nnen.\n\n<strong>2.9 Wir verkaufen keine pers\u00f6nlichen Daten<\/strong>\nWir werden Ihre pers\u00f6nlichen Daten niemals an Dritte verkaufen, wir versprechen es.\n\n<strong>3. Aufbewahrung und Sicherheit personenbezogener Daten<\/strong>\n\n<strong>3.1 Aufbewahrung personenbezogener Daten<\/strong>\nWir bewahren alle personenbezogenen Daten, die Sie uns zur Verf\u00fcgung stellen, so lange auf, wie wir dies f\u00fcr erforderlich halten. Nach dieser Zeit werden wir die Daten sicher l\u00f6schen. Auf Ihre Anfrage hin l\u00f6schen wir auch Ihre pers\u00f6nlichen Daten von unseren Servern.\n\n<strong>3.2 Sicherheit personenbezogener Daten<\/strong>\nUnsere Server befinden sich in sicheren und kontrollierten Umgebungen, die von Amazon Web Services (AWS) verwaltet werden und gem\u00e4\u00df der AWS Cloud Security-Richtlinie vor unbefugtem Zugriff gesch\u00fctzt sind: aws.amazon.com\/security\/. Personenbezogene Daten werden verschl\u00fcsselt, wenn sie \u00fcber die Website und die Dienste gesammelt und \/ oder gem\u00e4\u00df dieser Datenschutzrichtlinie an Dritte weitergegeben werden.\n\n<strong>3.3 \u00dcbermittlung personenbezogener Daten<\/strong>\nChoose TeethCare entspricht dem EU-Recht und unterh\u00e4lt strenge Datenschutz- und Datenschutzkontrollen, um Ihre pers\u00f6nlichen Daten zu sch\u00fctzen und deren Sicherheit w\u00e4hrend der internationalen \u00dcbertragung und w\u00e4hrend der Speicherung an ausl\u00e4ndischen Standorten zu gew\u00e4hrleisten. Als internationales Unternehmen k\u00f6nnen wir personenbezogene Daten aus der ganzen Welt \u00fcbertragen und darauf zugreifen, auch zwischen und innerhalb der Europ\u00e4ischen Union und den Vereinigten Staaten. Unabh\u00e4ngig davon, wo Sie oder Ihre Daten sich befinden, gilt diese Datenschutzrichtlinie auch dann, wenn wir personenbezogene Daten in andere L\u00e4nder \u00fcbertragen.\n\n<strong>3.4 Offenlegung Ihrer pers\u00f6nlichen Daten<\/strong>\nWir behalten uns das Recht vor, Ihre pers\u00f6nlichen Daten zu verwenden oder weiterzugeben, wenn dies gesetzlich vorgeschrieben ist oder wenn wir vern\u00fcnftigerweise feststellen, dass die Verwendung oder Offenlegung Ihrer pers\u00f6nlichen Daten zum Schutz unserer Rechte, Operationen oder Benutzer erforderlich ist. ein Gesetz, eine gerichtliche Anordnung oder ein Gerichtsverfahren einhalten; oder unsere vertraglichen Verpflichtungen erf\u00fcllen. Dar\u00fcber hinaus k\u00f6nnen wir im Falle einer Umstrukturierung, Fusion oder eines Verkaufs alle pers\u00f6nlichen Informationen, die wir sammeln, an die betreffende Partei \u00fcbertragen.\n\n<strong>4. Opt-out- und Anti-Spam-Richtlinien<\/strong>\n\n<strong>4.1 \u00dcberpr\u00fcfen, \u00c4ndern und Entfernen pers\u00f6nlicher Informationen<\/strong>\nWenn Sie uns Ihre pers\u00f6nlichen Daten zur Verf\u00fcgung stellen, haben Sie in Bezug auf diese Daten die folgenden Rechte:\n<ol>\n \t<li>\u00dcberpr\u00fcfen Sie die pers\u00f6nlichen Daten, die Sie uns zur Verf\u00fcgung gestellt haben.<\/li>\n \t<li>Fordern Sie eine Korrektur von Fehlern oder \u00c4nderungen veralteter Informationen oder Auslassungen in den pers\u00f6nlichen Informationen an, die Sie uns zur Verf\u00fcgung gestellt haben<\/li>\n \t<li>Fordern Sie an, dass Ihre pers\u00f6nlichen Daten nicht dazu verwendet werden, Sie zu kontaktieren.<\/li>\n \t<li>Fordern Sie an, dass Ihre pers\u00f6nlichen Daten von unseren Werbelisten entfernt werden.<\/li>\n \t<li>Fordern Sie an, dass Ihre pers\u00f6nlichen Daten aus unseren Unterlagen gel\u00f6scht werden. oder<\/li>\n \t<li>Deaktivieren Sie die Werbung durch Choose TeethCare B.V.<\/li>\n<\/ol>\nUm eines dieser Rechte auszu\u00fcben, kontaktieren Sie uns bitte per E-Mail unter hello@chooseteethcare.nl. Wir werden umgehend handeln, um Ihre pers\u00f6nlichen Daten zu \u00e4ndern oder zu l\u00f6schen, und Sie entsprechend benachrichtigen. Bitte beachten Sie, dass die Verwendung, Speicherung und \u00dcbertragung einiger Ihrer pers\u00f6nlichen Daten f\u00fcr die Zwecke unserer Beziehung erforderlich sein kann. Wenn wir eine Aufforderung zum L\u00f6schen pers\u00f6nlicher Informationen erhalten, die als notwendig eingestuft sind, werden wir Sie kontaktieren und mit Ihnen zusammenarbeiten, um eine angemessene L\u00f6sung zu finden.\n\n<strong>4.2 Abbestellen unserer Mitteilungen<\/strong>\nSie k\u00f6nnen den Erhalt unserer Marketingmitteilungen jederzeit abbestellen, indem Sie auf den Link &#8220;Abbestellen&#8221; unten in unseren E-Mails klicken und uns per E-Mail unter hello@chooseteethcare.nl kontaktieren.\n\nBitte beachten Sie, dass unsere Kunden und Benutzer den Empfang von Produkt- und Transaktions-E-Mails in Bezug auf ihr Konto bei uns nicht abbestellen k\u00f6nnen.\n\n<strong>5. Cookie-Richtlinie<\/strong>\nEin Cookie ist eine kleine Textdatei, die eine Website oder ein Onlinedienst auf Ihrem Computer oder Mobilger\u00e4t speichert, wenn Sie die Website besuchen oder den Dienst nutzen. Auf diese Weise kann sich die Website \u00fcber einen bestimmten Zeitraum hinweg an Ihre Aktionen und Einstellungen (z. B. Anmeldung, Sprache, Schriftgr\u00f6\u00dfe und andere Anzeigeeinstellungen) erinnern, sodass Sie diese nicht immer wieder neu eingeben m\u00fcssen, wenn Sie von einer Seite zur\u00fcckkehren oder bl\u00e4ttern zum anderen. Cookies helfen bei der Auswahl von TeethCare, um die Funktionalit\u00e4t und Effektivit\u00e4t der Website und der Dienste zu verbessern.\n\n<strong>5.2 Welche Art von Cookies verwenden wir?<\/strong>\nDie von uns verwendeten Cookies fallen in 3 Kategorien. Diese Kategorien werden nachfolgend beschrieben:\n\n<u>Wichtige Cookies:<\/u>\nDiese Cookies sind erforderlich, damit Sie auf unsere Website zugreifen, sich darin bewegen und alle Funktionen nutzen k\u00f6nnen. Ohne diese Cookies w\u00fcrde unsere Website nicht ordnungsgem\u00e4\u00df funktionieren und Sie k\u00f6nnten bestimmte wichtige Funktionen nicht nutzen.\n\n<u>Analyse- und Anpassungscookies:<\/u>\nBei Choose TeethCare m\u00f6chten wir Ihre Erfahrungen auf unserer Website so hilfreich, reibungslos und angenehm wie m\u00f6glich gestalten. We use cookies to help us understand how our website is being used and how we can improve your experience on it. Diese Art von sogenannten &#8220;Analytics&#8221; -Cookies kann uns anonyme Informationen liefern, damit wir verstehen, welche Teile unserer Website unsere Besucher interessieren und ob sie Fehler aufweisen. Wir verwenden diese Cookies, um verschiedene Designs und Funktionen f\u00fcr unsere Websites zu testen, und wir verwenden sie auch, um zu \u00fcberwachen, wie unsere Besucher unsere Websites erreichen.\n\n<u>Werbe-Cookies:<\/u>\nWerbe-Cookies tragen dazu bei, dass unsere Werbung f\u00fcr Sie so relevant wie m\u00f6glich ist. Wir arbeiten mit Werbekunden von Drittanbietern zusammen, um Ihnen Zugang zu interessanten und aufregenden Inhalten auf unserer Website zu verschaffen. Diese Cookies von Drittanbietern zeichnen Informationen \u00fcber Ihre Verwendung von Werbung auf und tragen zur Verbesserung Ihrer Online-Erfahrung bei. Einige Werbe-Cookies helfen beispielsweise bei der Auswahl von Werbung, die auf Ihren Interessen basiert. Andere verhindern, dass dieselbe Werbung f\u00fcr Sie immer wieder erscheint.\n\n<strong>5.3 So steuern Sie Cookies<\/strong>\nSie k\u00f6nnen Cookies nach Belieben steuern und \/ oder l\u00f6schen. Sie k\u00f6nnen alle Cookies l\u00f6schen, die sich bereits auf Ihrem Computer befinden, und Sie k\u00f6nnen die meisten Browser so einstellen, dass sie nicht platziert werden. In diesem Fall m\u00fcssen Sie jedoch m\u00f6glicherweise bei jedem Besuch der Website oder bei der Nutzung der Dienste einige Einstellungen manuell anpassen, und einige Funktionen funktionieren m\u00f6glicherweise nicht.\n\n<strong>Diese Datenschutzrichtlinie wurde zuletzt aktualisiert am: 17. September 2020.<\/strong>\n\n&nbsp;","protected":false},"excerpt":{"rendered":"<p>Datenschutzerkl\u00e4rung W\u00e4hlen Sie TeethCare B.V. Chooseteethcare.com und alle anderen umleitenden Domainnamen Chooseteethcare.com Diese Datenschutzrichtlinie beschreibt, wie Choose TeethCare B.V. Ihre Privatsph\u00e4re verwaltet, einschlie\u00dflich der Art und Weise, wie wir Sie kontaktieren k\u00f6nnen, und unserer Verwendung von Cookies. Es ist Teil unserer Nutzungsbedingungen f\u00fcr die Website. Choose TeethCare B.V. wei\u00df, dass es Ihnen als Besucher unserer &hellip; <a href=\"https:\/\/chooseteethcare.com\/de\/datenschutz-bestimmungen\/\">Continued<\/a><\/p>\n","protected":false},"author":1,"featured_media":0,"parent":0,"menu_order":0,"comment_status":"closed","ping_status":"open","template":"","meta":{"_acf_changed":false,"footnotes":""},"class_list":["post-2927","page","type-page","status-publish","hentry"],"acf":[],"yoast_head":"<!-- This site is optimized with the Yoast SEO plugin v26.4 - https:\/\/yoast.com\/wordpress\/plugins\/seo\/ -->\n<title>Datenschutz-Bestimmungen - CHOOSE!\u2122<\/title>\n<meta name=\"robots\" content=\"index, follow, max-snippet:-1, max-image-preview:large, max-video-preview:-1\" \/>\n<link rel=\"canonical\" href=\"https:\/\/chooseteethcare.com\/de\/datenschutz-bestimmungen\/\" \/>\n<meta property=\"og:locale\" content=\"de_DE\" \/>\n<meta property=\"og:type\" content=\"article\" \/>\n<meta property=\"og:title\" content=\"Datenschutz-Bestimmungen - CHOOSE!\u2122\" \/>\n<meta property=\"og:description\" content=\"Datenschutzerkl\u00e4rung W\u00e4hlen Sie TeethCare B.V. Chooseteethcare.com und alle anderen umleitenden Domainnamen Chooseteethcare.com Diese Datenschutzrichtlinie beschreibt, wie Choose TeethCare B.V. Ihre Privatsph\u00e4re verwaltet, einschlie\u00dflich der Art und Weise, wie wir Sie kontaktieren k\u00f6nnen, und unserer Verwendung von Cookies. Es ist Teil unserer Nutzungsbedingungen f\u00fcr die Website. Choose TeethCare B.V. wei\u00df, dass es Ihnen als Besucher unserer &hellip; Continued\" \/>\n<meta property=\"og:url\" content=\"https:\/\/chooseteethcare.com\/de\/datenschutz-bestimmungen\/\" \/>\n<meta property=\"og:site_name\" content=\"CHOOSE!\u2122\" \/>\n<meta property=\"article:modified_time\" content=\"2021-03-31T07:21:18+00:00\" \/>\n<meta name=\"twitter:card\" content=\"summary_large_image\" \/>\n<meta name=\"twitter:label1\" content=\"Gesch\u00e4tzte Lesezeit\" \/>\n\t<meta name=\"twitter:data1\" content=\"10\u00a0Minuten\" \/>\n<script type=\"application\/ld+json\" class=\"yoast-schema-graph\">{\"@context\":\"https:\/\/schema.org\",\"@graph\":[{\"@type\":\"WebPage\",\"@id\":\"https:\/\/chooseteethcare.com\/de\/datenschutz-bestimmungen\/\",\"url\":\"https:\/\/chooseteethcare.com\/de\/datenschutz-bestimmungen\/\",\"name\":\"Datenschutz-Bestimmungen - CHOOSE!\u2122\",\"isPartOf\":{\"@id\":\"https:\/\/chooseteethcare.com\/de\/#website\"},\"datePublished\":\"2021-03-31T07:20:12+00:00\",\"dateModified\":\"2021-03-31T07:21:18+00:00\",\"breadcrumb\":{\"@id\":\"https:\/\/chooseteethcare.com\/de\/datenschutz-bestimmungen\/#breadcrumb\"},\"inLanguage\":\"de\",\"potentialAction\":[{\"@type\":\"ReadAction\",\"target\":[\"https:\/\/chooseteethcare.com\/de\/datenschutz-bestimmungen\/\"]}]},{\"@type\":\"BreadcrumbList\",\"@id\":\"https:\/\/chooseteethcare.com\/de\/datenschutz-bestimmungen\/#breadcrumb\",\"itemListElement\":[{\"@type\":\"ListItem\",\"position\":1,\"name\":\"Home\",\"item\":\"https:\/\/chooseteethcare.com\/de\/\"},{\"@type\":\"ListItem\",\"position\":2,\"name\":\"Datenschutz-Bestimmungen\"}]},{\"@type\":\"WebSite\",\"@id\":\"https:\/\/chooseteethcare.com\/de\/#website\",\"url\":\"https:\/\/chooseteethcare.com\/de\/\",\"name\":\"CHOOSE!\u2122\",\"description\":\"Get CHOOSE Paste - Excellent Tube-Free Toothpaste\",\"potentialAction\":[{\"@type\":\"SearchAction\",\"target\":{\"@type\":\"EntryPoint\",\"urlTemplate\":\"https:\/\/chooseteethcare.com\/de\/?s={search_term_string}\"},\"query-input\":{\"@type\":\"PropertyValueSpecification\",\"valueRequired\":true,\"valueName\":\"search_term_string\"}}],\"inLanguage\":\"de\"}]}<\/script>\n<!-- \/ Yoast SEO plugin. -->","yoast_head_json":{"title":"Datenschutz-Bestimmungen - CHOOSE!\u2122","robots":{"index":"index","follow":"follow","max-snippet":"max-snippet:-1","max-image-preview":"max-image-preview:large","max-video-preview":"max-video-preview:-1"},"canonical":"https:\/\/chooseteethcare.com\/de\/datenschutz-bestimmungen\/","og_locale":"de_DE","og_type":"article","og_title":"Datenschutz-Bestimmungen - CHOOSE!\u2122","og_description":"Datenschutzerkl\u00e4rung W\u00e4hlen Sie TeethCare B.V. Chooseteethcare.com und alle anderen umleitenden Domainnamen Chooseteethcare.com Diese Datenschutzrichtlinie beschreibt, wie Choose TeethCare B.V. Ihre Privatsph\u00e4re verwaltet, einschlie\u00dflich der Art und Weise, wie wir Sie kontaktieren k\u00f6nnen, und unserer Verwendung von Cookies. Es ist Teil unserer Nutzungsbedingungen f\u00fcr die Website. Choose TeethCare B.V. wei\u00df, dass es Ihnen als Besucher unserer &hellip; Continued","og_url":"https:\/\/chooseteethcare.com\/de\/datenschutz-bestimmungen\/","og_site_name":"CHOOSE!\u2122","article_modified_time":"2021-03-31T07:21:18+00:00","twitter_card":"summary_large_image","twitter_misc":{"Gesch\u00e4tzte Lesezeit":"10\u00a0Minuten"},"schema":{"@context":"https:\/\/schema.org","@graph":[{"@type":"WebPage","@id":"https:\/\/chooseteethcare.com\/de\/datenschutz-bestimmungen\/","url":"https:\/\/chooseteethcare.com\/de\/datenschutz-bestimmungen\/","name":"Datenschutz-Bestimmungen - CHOOSE!\u2122","isPartOf":{"@id":"https:\/\/chooseteethcare.com\/de\/#website"},"datePublished":"2021-03-31T07:20:12+00:00","dateModified":"2021-03-31T07:21:18+00:00","breadcrumb":{"@id":"https:\/\/chooseteethcare.com\/de\/datenschutz-bestimmungen\/#breadcrumb"},"inLanguage":"de","potentialAction":[{"@type":"ReadAction","target":["https:\/\/chooseteethcare.com\/de\/datenschutz-bestimmungen\/"]}]},{"@type":"BreadcrumbList","@id":"https:\/\/chooseteethcare.com\/de\/datenschutz-bestimmungen\/#breadcrumb","itemListElement":[{"@type":"ListItem","position":1,"name":"Home","item":"https:\/\/chooseteethcare.com\/de\/"},{"@type":"ListItem","position":2,"name":"Datenschutz-Bestimmungen"}]},{"@type":"WebSite","@id":"https:\/\/chooseteethcare.com\/de\/#website","url":"https:\/\/chooseteethcare.com\/de\/","name":"CHOOSE!\u2122","description":"Get CHOOSE Paste - Excellent Tube-Free Toothpaste","potentialAction":[{"@type":"SearchAction","target":{"@type":"EntryPoint","urlTemplate":"https:\/\/chooseteethcare.com\/de\/?s={search_term_string}"},"query-input":{"@type":"PropertyValueSpecification","valueRequired":true,"valueName":"search_term_string"}}],"inLanguage":"de"}]}},"_links":{"self":[{"href":"https:\/\/chooseteethcare.com\/de\/wp-json\/wp\/v2\/pages\/2927","targetHints":{"allow":["GET"]}}],"collection":[{"href":"https:\/\/chooseteethcare.com\/de\/wp-json\/wp\/v2\/pages"}],"about":[{"href":"https:\/\/chooseteethcare.com\/de\/wp-json\/wp\/v2\/types\/page"}],"author":[{"embeddable":true,"href":"https:\/\/chooseteethcare.com\/de\/wp-json\/wp\/v2\/users\/1"}],"replies":[{"embeddable":true,"href":"https:\/\/chooseteethcare.com\/de\/wp-json\/wp\/v2\/comments?post=2927"}],"version-history":[{"count":0,"href":"https:\/\/chooseteethcare.com\/de\/wp-json\/wp\/v2\/pages\/2927\/revisions"}],"wp:attachment":[{"href":"https:\/\/chooseteethcare.com\/de\/wp-json\/wp\/v2\/media?parent=2927"}],"curies":[{"name":"wp","href":"https:\/\/api.w.org\/{rel}","templated":true}]}}