{"id":2989,"date":"2021-03-31T09:33:23","date_gmt":"2021-03-31T09:33:23","guid":{"rendered":"https:\/\/chooseteethcare.com\/chooserefill\/"},"modified":"2022-08-03T10:34:20","modified_gmt":"2022-08-03T10:34:20","slug":"chooserefill","status":"publish","type":"page","link":"https:\/\/chooseteethcare.com\/de\/chooserefill\/","title":{"rendered":"CHOOSE Refill"},"content":{"rendered":"<p class=\"txtp\"><strong>Erhalten Sie bis zu 45% Rabatt und werfen Sie den Plastikschlauch endg\u00fcltig aus Ihrem Badezimmer. Immer im Haus vorr\u00e4tig, automatisches Nachf\u00fcllen auf Ihrer Fu\u00dfmatte. <\/strong><\/p>\r\n<p class=\"txtp\"><strong><em>\u2013 Kostenlose Lieferung nach Hause + pausieren oder stoppen, wann immer Sie m\u00f6chten \u2013<\/em><\/strong><\/p>\r\n<p class=\"txtp\">Erhalten Sie zu jedem ausgew\u00e4hlten Zeitraum einen Vorrat an Zahnpasta-Tabs und einen kostenlosen Bamboo Refill Pot (Erstlieferung) in Ihrer Mailbox.<\/p>\r\n<p class=\"txtp\"><strong>Option 1 \u2013 Refill 3 Monate.<\/strong> Alle 3 Monate ein 3-Monatspaket zum Z\u00e4hneputzen 2x t\u00e4glich (2x 90 Zahnpasta-Tabletten). Rechnungsstellung &amp; Lieferung pro 3 Monate.<\/p>\r\n<p class=\"txtp\"><strong>Option 2 \u2013 Refill 12 Monate.<\/strong> Alle 12 Monate eine 12-Monats-Packung zum Z\u00e4hneputzen zweimal t\u00e4glich (8x 90 Zahnpasta-Tabletten). Rechnungsstellung &amp; Lieferung pro 12 Monate.<\/p>\r\n\r\n<ul>\r\n \t<li><strong>Umweltfreundlich.<\/strong> Sparen Sie dem Planeten 12 Plastiktuben pro Jahr und vermeiden Sie bis zu 20% Restzahnpasta pro Tube;<\/li>\r\n \t<li><strong>Verantwortungsvolle Qualit\u00e4t.<\/strong> Unsere Zahnpasta-Tabs werden von Zahn\u00e4rzten verantwortungsvoll entwickelt;<\/li>\r\n \t<li><strong>Giveback.<\/strong> Tragen Sie zur zahn\u00e4rztlichen Versorgung benachteiligter Kinder in Kenia bei; wir spenden 5% unseres Gewinns an die Dutch Dental Care Foundation.<\/li>\r\n<\/ul>","protected":false},"excerpt":{"rendered":"<p>Erhalten Sie bis zu 45% Rabatt und werfen Sie den Plastikschlauch endg\u00fcltig aus Ihrem Badezimmer. Immer im Haus vorr\u00e4tig, automatisches Nachf\u00fcllen auf Ihrer Fu\u00dfmatte. \u2013 Kostenlose Lieferung nach Hause + pausieren oder stoppen, wann immer Sie m\u00f6chten \u2013 Erhalten Sie zu jedem ausgew\u00e4hlten Zeitraum einen Vorrat an Zahnpasta-Tabs und einen kostenlosen Bamboo Refill Pot (Erstlieferung) &hellip; <a href=\"https:\/\/chooseteethcare.com\/de\/chooserefill\/\">Continued<\/a><\/p>\n","protected":false},"author":1,"featured_media":3248,"parent":0,"menu_order":0,"comment_status":"closed","ping_status":"closed","template":"template-product.php","meta":{"_acf_changed":false,"footnotes":""},"class_list":["post-2989","page","type-page","status-publish","has-post-thumbnail","hentry"],"acf":[],"yoast_head":"<!-- This site is optimized with the Yoast SEO plugin v26.4 - https:\/\/yoast.com\/wordpress\/plugins\/seo\/ -->\n<title>CHOOSE Refill Plan | Zahnpasta in Tablettenform Entwickelt von Zahn\u00e4rzten<\/title>\n<meta name=\"description\" content=\"Putzen Sie Ihre Z\u00e4hne auf umweltfreundliche und soziale Weise. Jedes ChooseRefill wird automatisch an Ihre Fu\u00dfmatte geliefert. Geen Kunststoffrohre. Kostenloser Versand. 100% vegan. Tierversuche kostenlos. Bambus.\" \/>\n<meta name=\"robots\" content=\"index, follow, max-snippet:-1, max-image-preview:large, max-video-preview:-1\" \/>\n<link rel=\"canonical\" href=\"https:\/\/chooseteethcare.com\/de\/chooserefill\/\" \/>\n<meta property=\"og:locale\" content=\"de_DE\" \/>\n<meta property=\"og:type\" content=\"article\" \/>\n<meta property=\"og:title\" content=\"CHOOSE Refill Plan | Zahnpasta in Tablettenform Entwickelt von Zahn\u00e4rzten\" \/>\n<meta property=\"og:description\" content=\"Putzen Sie Ihre Z\u00e4hne auf umweltfreundliche und soziale Weise. Jedes ChooseRefill wird automatisch an Ihre Fu\u00dfmatte geliefert. Geen Kunststoffrohre. Kostenloser Versand. 100% vegan. Tierversuche kostenlos. Bambus.\" \/>\n<meta property=\"og:url\" content=\"https:\/\/chooseteethcare.com\/de\/chooserefill\/\" \/>\n<meta property=\"og:site_name\" content=\"CHOOSE!\u2122\" \/>\n<meta property=\"article:modified_time\" content=\"2022-08-03T10:34:20+00:00\" \/>\n<meta property=\"og:image\" content=\"https:\/\/chooseteethcare.com\/wp-content\/uploads\/2021\/04\/Double-e1657084600376.png\" \/>\n\t<meta property=\"og:image:width\" content=\"780\" \/>\n\t<meta property=\"og:image:height\" content=\"782\" \/>\n\t<meta property=\"og:image:type\" content=\"image\/png\" \/>\n<meta name=\"twitter:card\" content=\"summary_large_image\" \/>\n<meta name=\"twitter:label1\" content=\"Gesch\u00e4tzte Lesezeit\" \/>\n\t<meta name=\"twitter:data1\" content=\"1\u00a0Minute\" \/>\n<script type=\"application\/ld+json\" class=\"yoast-schema-graph\">{\"@context\":\"https:\/\/schema.org\",\"@graph\":[{\"@type\":\"WebPage\",\"@id\":\"https:\/\/chooseteethcare.com\/de\/chooserefill\/\",\"url\":\"https:\/\/chooseteethcare.com\/de\/chooserefill\/\",\"name\":\"CHOOSE Refill Plan | Zahnpasta in Tablettenform Entwickelt von Zahn\u00e4rzten\",\"isPartOf\":{\"@id\":\"https:\/\/chooseteethcare.com\/de\/#website\"},\"primaryImageOfPage\":{\"@id\":\"https:\/\/chooseteethcare.com\/de\/chooserefill\/#primaryimage\"},\"image\":{\"@id\":\"https:\/\/chooseteethcare.com\/de\/chooserefill\/#primaryimage\"},\"thumbnailUrl\":\"https:\/\/chooseteethcare.com\/wp-content\/uploads\/2021\/04\/Double-e1657084600376.png\",\"datePublished\":\"2021-03-31T09:33:23+00:00\",\"dateModified\":\"2022-08-03T10:34:20+00:00\",\"description\":\"Putzen Sie Ihre Z\u00e4hne auf umweltfreundliche und soziale Weise. Jedes ChooseRefill wird automatisch an Ihre Fu\u00dfmatte geliefert. Geen Kunststoffrohre. Kostenloser Versand. 100% vegan. Tierversuche kostenlos. Bambus.\",\"breadcrumb\":{\"@id\":\"https:\/\/chooseteethcare.com\/de\/chooserefill\/#breadcrumb\"},\"inLanguage\":\"de\",\"potentialAction\":[{\"@type\":\"ReadAction\",\"target\":[\"https:\/\/chooseteethcare.com\/de\/chooserefill\/\"]}]},{\"@type\":\"ImageObject\",\"inLanguage\":\"de\",\"@id\":\"https:\/\/chooseteethcare.com\/de\/chooserefill\/#primaryimage\",\"url\":\"https:\/\/chooseteethcare.com\/wp-content\/uploads\/2021\/04\/Double-e1657084600376.png\",\"contentUrl\":\"https:\/\/chooseteethcare.com\/wp-content\/uploads\/2021\/04\/Double-e1657084600376.png\",\"width\":780,\"height\":782,\"caption\":\"Bambusglas mit Zahnpasta-Tabletten und Minze\"},{\"@type\":\"BreadcrumbList\",\"@id\":\"https:\/\/chooseteethcare.com\/de\/chooserefill\/#breadcrumb\",\"itemListElement\":[{\"@type\":\"ListItem\",\"position\":1,\"name\":\"Home\",\"item\":\"https:\/\/chooseteethcare.com\/de\/\"},{\"@type\":\"ListItem\",\"position\":2,\"name\":\"CHOOSE Refill\"}]},{\"@type\":\"WebSite\",\"@id\":\"https:\/\/chooseteethcare.com\/de\/#website\",\"url\":\"https:\/\/chooseteethcare.com\/de\/\",\"name\":\"CHOOSE!\u2122\",\"description\":\"Get CHOOSE Paste - Excellent Tube-Free Toothpaste\",\"potentialAction\":[{\"@type\":\"SearchAction\",\"target\":{\"@type\":\"EntryPoint\",\"urlTemplate\":\"https:\/\/chooseteethcare.com\/de\/?s={search_term_string}\"},\"query-input\":{\"@type\":\"PropertyValueSpecification\",\"valueRequired\":true,\"valueName\":\"search_term_string\"}}],\"inLanguage\":\"de\"}]}<\/script>\n<!-- \/ Yoast SEO plugin. -->","yoast_head_json":{"title":"CHOOSE Refill Plan | Zahnpasta in Tablettenform Entwickelt von Zahn\u00e4rzten","description":"Putzen Sie Ihre Z\u00e4hne auf umweltfreundliche und soziale Weise. Jedes ChooseRefill wird automatisch an Ihre Fu\u00dfmatte geliefert. Geen Kunststoffrohre. Kostenloser Versand. 100% vegan. Tierversuche kostenlos. Bambus.","robots":{"index":"index","follow":"follow","max-snippet":"max-snippet:-1","max-image-preview":"max-image-preview:large","max-video-preview":"max-video-preview:-1"},"canonical":"https:\/\/chooseteethcare.com\/de\/chooserefill\/","og_locale":"de_DE","og_type":"article","og_title":"CHOOSE Refill Plan | Zahnpasta in Tablettenform Entwickelt von Zahn\u00e4rzten","og_description":"Putzen Sie Ihre Z\u00e4hne auf umweltfreundliche und soziale Weise. Jedes ChooseRefill wird automatisch an Ihre Fu\u00dfmatte geliefert. Geen Kunststoffrohre. Kostenloser Versand. 100% vegan. Tierversuche kostenlos. Bambus.","og_url":"https:\/\/chooseteethcare.com\/de\/chooserefill\/","og_site_name":"CHOOSE!\u2122","article_modified_time":"2022-08-03T10:34:20+00:00","og_image":[{"width":780,"height":782,"url":"https:\/\/chooseteethcare.com\/wp-content\/uploads\/2021\/04\/Double-e1657084600376.png","type":"image\/png"}],"twitter_card":"summary_large_image","twitter_misc":{"Gesch\u00e4tzte Lesezeit":"1\u00a0Minute"},"schema":{"@context":"https:\/\/schema.org","@graph":[{"@type":"WebPage","@id":"https:\/\/chooseteethcare.com\/de\/chooserefill\/","url":"https:\/\/chooseteethcare.com\/de\/chooserefill\/","name":"CHOOSE Refill Plan | Zahnpasta in Tablettenform Entwickelt von Zahn\u00e4rzten","isPartOf":{"@id":"https:\/\/chooseteethcare.com\/de\/#website"},"primaryImageOfPage":{"@id":"https:\/\/chooseteethcare.com\/de\/chooserefill\/#primaryimage"},"image":{"@id":"https:\/\/chooseteethcare.com\/de\/chooserefill\/#primaryimage"},"thumbnailUrl":"https:\/\/chooseteethcare.com\/wp-content\/uploads\/2021\/04\/Double-e1657084600376.png","datePublished":"2021-03-31T09:33:23+00:00","dateModified":"2022-08-03T10:34:20+00:00","description":"Putzen Sie Ihre Z\u00e4hne auf umweltfreundliche und soziale Weise. Jedes ChooseRefill wird automatisch an Ihre Fu\u00dfmatte geliefert. Geen Kunststoffrohre. Kostenloser Versand. 100% vegan. Tierversuche kostenlos. Bambus.","breadcrumb":{"@id":"https:\/\/chooseteethcare.com\/de\/chooserefill\/#breadcrumb"},"inLanguage":"de","potentialAction":[{"@type":"ReadAction","target":["https:\/\/chooseteethcare.com\/de\/chooserefill\/"]}]},{"@type":"ImageObject","inLanguage":"de","@id":"https:\/\/chooseteethcare.com\/de\/chooserefill\/#primaryimage","url":"https:\/\/chooseteethcare.com\/wp-content\/uploads\/2021\/04\/Double-e1657084600376.png","contentUrl":"https:\/\/chooseteethcare.com\/wp-content\/uploads\/2021\/04\/Double-e1657084600376.png","width":780,"height":782,"caption":"Bambusglas mit Zahnpasta-Tabletten und Minze"},{"@type":"BreadcrumbList","@id":"https:\/\/chooseteethcare.com\/de\/chooserefill\/#breadcrumb","itemListElement":[{"@type":"ListItem","position":1,"name":"Home","item":"https:\/\/chooseteethcare.com\/de\/"},{"@type":"ListItem","position":2,"name":"CHOOSE Refill"}]},{"@type":"WebSite","@id":"https:\/\/chooseteethcare.com\/de\/#website","url":"https:\/\/chooseteethcare.com\/de\/","name":"CHOOSE!\u2122","description":"Get CHOOSE Paste - Excellent Tube-Free Toothpaste","potentialAction":[{"@type":"SearchAction","target":{"@type":"EntryPoint","urlTemplate":"https:\/\/chooseteethcare.com\/de\/?s={search_term_string}"},"query-input":{"@type":"PropertyValueSpecification","valueRequired":true,"valueName":"search_term_string"}}],"inLanguage":"de"}]}},"_links":{"self":[{"href":"https:\/\/chooseteethcare.com\/de\/wp-json\/wp\/v2\/pages\/2989","targetHints":{"allow":["GET"]}}],"collection":[{"href":"https:\/\/chooseteethcare.com\/de\/wp-json\/wp\/v2\/pages"}],"about":[{"href":"https:\/\/chooseteethcare.com\/de\/wp-json\/wp\/v2\/types\/page"}],"author":[{"embeddable":true,"href":"https:\/\/chooseteethcare.com\/de\/wp-json\/wp\/v2\/users\/1"}],"replies":[{"embeddable":true,"href":"https:\/\/chooseteethcare.com\/de\/wp-json\/wp\/v2\/comments?post=2989"}],"version-history":[{"count":0,"href":"https:\/\/chooseteethcare.com\/de\/wp-json\/wp\/v2\/pages\/2989\/revisions"}],"wp:featuredmedia":[{"embeddable":true,"href":"https:\/\/chooseteethcare.com\/de\/wp-json\/wp\/v2\/media\/3248"}],"wp:attachment":[{"href":"https:\/\/chooseteethcare.com\/de\/wp-json\/wp\/v2\/media?parent=2989"}],"curies":[{"name":"wp","href":"https:\/\/api.w.org\/{rel}","templated":true}]}}