{"id":3009,"date":"2021-03-31T09:54:20","date_gmt":"2021-03-31T09:54:20","guid":{"rendered":"https:\/\/chooseteethcare.com\/anweisung\/"},"modified":"2021-03-31T09:54:20","modified_gmt":"2021-03-31T09:54:20","slug":"anweisung","status":"publish","type":"page","link":"https:\/\/chooseteethcare.com\/de\/anweisung\/","title":{"rendered":"Anweisung"},"content":{"rendered":"","protected":false},"excerpt":{"rendered":"","protected":false},"author":1,"featured_media":0,"parent":0,"menu_order":0,"comment_status":"closed","ping_status":"closed","template":"template-home.php","meta":{"_acf_changed":false,"footnotes":""},"class_list":["post-3009","page","type-page","status-publish","hentry"],"acf":[],"yoast_head":"<!-- This site is optimized with the Yoast SEO plugin v26.4 - https:\/\/yoast.com\/wordpress\/plugins\/seo\/ -->\n<title>So putzen Sie - CHOOSE!\u2122 Reinigungsanweisungen - Elektrische und manuelle Zahnb\u00fcrste<\/title>\n<meta name=\"description\" content=\"\u00c4ndern Sie die Art und Weise, wie Sie Ihre Z\u00e4hne putzen, mit den Zahnpastatabletten Choose. Bestellen Sie das ChooseRefill-Abonnement ganz einfach online.\" \/>\n<meta name=\"robots\" content=\"index, follow, max-snippet:-1, max-image-preview:large, max-video-preview:-1\" \/>\n<link rel=\"canonical\" href=\"https:\/\/chooseteethcare.com\/de\/anweisung\/\" \/>\n<meta property=\"og:locale\" content=\"de_DE\" \/>\n<meta property=\"og:type\" content=\"article\" \/>\n<meta property=\"og:title\" content=\"So putzen Sie - CHOOSE!\u2122 Reinigungsanweisungen - Elektrische und manuelle Zahnb\u00fcrste\" \/>\n<meta property=\"og:description\" content=\"\u00c4ndern Sie die Art und Weise, wie Sie Ihre Z\u00e4hne putzen, mit den Zahnpastatabletten Choose. Bestellen Sie das ChooseRefill-Abonnement ganz einfach online.\" \/>\n<meta property=\"og:url\" content=\"https:\/\/chooseteethcare.com\/de\/anweisung\/\" \/>\n<meta property=\"og:site_name\" content=\"CHOOSE!\u2122\" \/>\n<meta name=\"twitter:card\" content=\"summary_large_image\" \/>\n<script type=\"application\/ld+json\" class=\"yoast-schema-graph\">{\"@context\":\"https:\/\/schema.org\",\"@graph\":[{\"@type\":\"WebPage\",\"@id\":\"https:\/\/chooseteethcare.com\/de\/anweisung\/\",\"url\":\"https:\/\/chooseteethcare.com\/de\/anweisung\/\",\"name\":\"So putzen Sie - CHOOSE!\u2122 Reinigungsanweisungen - Elektrische und manuelle Zahnb\u00fcrste\",\"isPartOf\":{\"@id\":\"https:\/\/chooseteethcare.com\/de\/#website\"},\"datePublished\":\"2021-03-31T09:54:20+00:00\",\"description\":\"\u00c4ndern Sie die Art und Weise, wie Sie Ihre Z\u00e4hne putzen, mit den Zahnpastatabletten Choose. Bestellen Sie das ChooseRefill-Abonnement ganz einfach online.\",\"breadcrumb\":{\"@id\":\"https:\/\/chooseteethcare.com\/de\/anweisung\/#breadcrumb\"},\"inLanguage\":\"de\",\"potentialAction\":[{\"@type\":\"ReadAction\",\"target\":[\"https:\/\/chooseteethcare.com\/de\/anweisung\/\"]}]},{\"@type\":\"BreadcrumbList\",\"@id\":\"https:\/\/chooseteethcare.com\/de\/anweisung\/#breadcrumb\",\"itemListElement\":[{\"@type\":\"ListItem\",\"position\":1,\"name\":\"Home\",\"item\":\"https:\/\/chooseteethcare.com\/de\/\"},{\"@type\":\"ListItem\",\"position\":2,\"name\":\"Anweisung\"}]},{\"@type\":\"WebSite\",\"@id\":\"https:\/\/chooseteethcare.com\/de\/#website\",\"url\":\"https:\/\/chooseteethcare.com\/de\/\",\"name\":\"CHOOSE!\u2122\",\"description\":\"Get CHOOSE Paste - Excellent Tube-Free Toothpaste\",\"potentialAction\":[{\"@type\":\"SearchAction\",\"target\":{\"@type\":\"EntryPoint\",\"urlTemplate\":\"https:\/\/chooseteethcare.com\/de\/?s={search_term_string}\"},\"query-input\":{\"@type\":\"PropertyValueSpecification\",\"valueRequired\":true,\"valueName\":\"search_term_string\"}}],\"inLanguage\":\"de\"}]}<\/script>\n<!-- \/ Yoast SEO plugin. -->","yoast_head_json":{"title":"So putzen Sie - CHOOSE!\u2122 Reinigungsanweisungen - Elektrische und manuelle Zahnb\u00fcrste","description":"\u00c4ndern Sie die Art und Weise, wie Sie Ihre Z\u00e4hne putzen, mit den Zahnpastatabletten Choose. Bestellen Sie das ChooseRefill-Abonnement ganz einfach online.","robots":{"index":"index","follow":"follow","max-snippet":"max-snippet:-1","max-image-preview":"max-image-preview:large","max-video-preview":"max-video-preview:-1"},"canonical":"https:\/\/chooseteethcare.com\/de\/anweisung\/","og_locale":"de_DE","og_type":"article","og_title":"So putzen Sie - CHOOSE!\u2122 Reinigungsanweisungen - Elektrische und manuelle Zahnb\u00fcrste","og_description":"\u00c4ndern Sie die Art und Weise, wie Sie Ihre Z\u00e4hne putzen, mit den Zahnpastatabletten Choose. Bestellen Sie das ChooseRefill-Abonnement ganz einfach online.","og_url":"https:\/\/chooseteethcare.com\/de\/anweisung\/","og_site_name":"CHOOSE!\u2122","twitter_card":"summary_large_image","schema":{"@context":"https:\/\/schema.org","@graph":[{"@type":"WebPage","@id":"https:\/\/chooseteethcare.com\/de\/anweisung\/","url":"https:\/\/chooseteethcare.com\/de\/anweisung\/","name":"So putzen Sie - CHOOSE!\u2122 Reinigungsanweisungen - Elektrische und manuelle Zahnb\u00fcrste","isPartOf":{"@id":"https:\/\/chooseteethcare.com\/de\/#website"},"datePublished":"2021-03-31T09:54:20+00:00","description":"\u00c4ndern Sie die Art und Weise, wie Sie Ihre Z\u00e4hne putzen, mit den Zahnpastatabletten Choose. Bestellen Sie das ChooseRefill-Abonnement ganz einfach online.","breadcrumb":{"@id":"https:\/\/chooseteethcare.com\/de\/anweisung\/#breadcrumb"},"inLanguage":"de","potentialAction":[{"@type":"ReadAction","target":["https:\/\/chooseteethcare.com\/de\/anweisung\/"]}]},{"@type":"BreadcrumbList","@id":"https:\/\/chooseteethcare.com\/de\/anweisung\/#breadcrumb","itemListElement":[{"@type":"ListItem","position":1,"name":"Home","item":"https:\/\/chooseteethcare.com\/de\/"},{"@type":"ListItem","position":2,"name":"Anweisung"}]},{"@type":"WebSite","@id":"https:\/\/chooseteethcare.com\/de\/#website","url":"https:\/\/chooseteethcare.com\/de\/","name":"CHOOSE!\u2122","description":"Get CHOOSE Paste - Excellent Tube-Free Toothpaste","potentialAction":[{"@type":"SearchAction","target":{"@type":"EntryPoint","urlTemplate":"https:\/\/chooseteethcare.com\/de\/?s={search_term_string}"},"query-input":{"@type":"PropertyValueSpecification","valueRequired":true,"valueName":"search_term_string"}}],"inLanguage":"de"}]}},"_links":{"self":[{"href":"https:\/\/chooseteethcare.com\/de\/wp-json\/wp\/v2\/pages\/3009","targetHints":{"allow":["GET"]}}],"collection":[{"href":"https:\/\/chooseteethcare.com\/de\/wp-json\/wp\/v2\/pages"}],"about":[{"href":"https:\/\/chooseteethcare.com\/de\/wp-json\/wp\/v2\/types\/page"}],"author":[{"embeddable":true,"href":"https:\/\/chooseteethcare.com\/de\/wp-json\/wp\/v2\/users\/1"}],"replies":[{"embeddable":true,"href":"https:\/\/chooseteethcare.com\/de\/wp-json\/wp\/v2\/comments?post=3009"}],"version-history":[{"count":0,"href":"https:\/\/chooseteethcare.com\/de\/wp-json\/wp\/v2\/pages\/3009\/revisions"}],"wp:attachment":[{"href":"https:\/\/chooseteethcare.com\/de\/wp-json\/wp\/v2\/media?parent=3009"}],"curies":[{"name":"wp","href":"https:\/\/api.w.org\/{rel}","templated":true}]}}