{"id":3024,"date":"2021-03-31T10:25:36","date_gmt":"2021-03-31T10:25:36","guid":{"rendered":"https:\/\/chooseteethcare.com\/geschaeftsbedingungen\/"},"modified":"2021-03-31T10:25:36","modified_gmt":"2021-03-31T10:25:36","slug":"geschaeftsbedingungen","status":"publish","type":"page","link":"https:\/\/chooseteethcare.com\/de\/geschaeftsbedingungen\/","title":{"rendered":"Gesch\u00e4ftsbedingungen"},"content":{"rendered":"<h3><strong>Anwendbarkeit<\/strong><\/h3>\n<ol>\n \t<li>Nur diese Allgemeinen Gesch\u00e4ftsbedingungen gelten f\u00fcr alle Angebote, Bestellungen und Vereinbarungen, die zwischen dem K\u00e4ufer und Choose TeethCare BV (&#8220;Choose!&#8221;) Geschlossen werden.<\/li>\n \t<li>Der K\u00e4ufer kann sich nur dann auf abweichende und \/ oder zus\u00e4tzliche Bestimmungen berufen, wenn diese von Choose TeethCare ausdr\u00fccklich akzeptiert wurden.<\/li>\n \t<li>Der K\u00e4ufer, mit dem diese Gesch\u00e4ftsbedingungen einmal vertraglich vereinbart wurden, akzeptiert die Anwendbarkeit dieser Gesch\u00e4ftsbedingungen auf sp\u00e4tere Vereinbarungen zwischen ihm und Choose TeethCare.<\/li>\n \t<li style=\"list-style-type: none;\">\n<ol>\n \t<li><strong>Abschluss der Vereinbarung<\/strong>\n<ol>\n \t<li>Ein Kaufvertrag wird zwischen Choose TeethCare und dem K\u00e4ufer geschlossen, wenn der K\u00e4ufer ein Angebot von Choose TeethCare annimmt, indem er das von Choose TeethCare zur Verf\u00fcgung gestellte Formular vollst\u00e4ndig und korrekt ausf\u00fcllt.<\/li>\n<\/ol>\n<\/li>\n \t<li><strong>Preis<\/strong>\n<ol>\n \t<li>Choose TeethCare beh\u00e4lt sich das Recht vor, die Preise der angebotenen Produkte in Serviceform w\u00e4hrend der Laufzeit des Service zu \u00e4ndern, wobei Choose TeethCare den K\u00e4ufer sp\u00e4testens 14 Tage im Voraus informiert und der K\u00e4ufer die M\u00f6glichkeit hat, den Service innerhalb von 10 Tagen zu stornieren Tage, ohne dass der K\u00e4ufer eine Entsch\u00e4digung f\u00fcr nicht gelieferte Produkte schuldet.<\/li>\n \t<li>Aktionscodes und Geschenkkarten haben die von Choose TeethCare zum Zeitpunkt der Ausstellung angegebene G\u00fcltigkeitsdauer.<\/li>\n \t<li>Sonderangebote und Angebote sind g\u00fcltig, solange der Vorrat reicht.<\/li>\n \t<li>W\u00e4hlen Sie TeethCare-Freunde &#8211; Rabattcodes d\u00fcrfen nicht f\u00fcr kommerzielle Zwecke und \/ oder andere Zwecke als die verwendet werden, f\u00fcr die sie ausgestellt wurden.<\/li>\n \t<li>Kommerzielle Zwecke: Unter keinen Umst\u00e4nden ist es gestattet, den Markennamen Choose TeethCare und alle m\u00f6glichen Kombinationen von Rechtschreibfehlern innerhalb von URL-Kombinationen zu verwenden, um Besucher anzulocken, die zur Verteilung des Rabattcodes f\u00fcr Freunde verwendet werden.<\/li>\n \t<li>Ausstellungszweck: Mit dem Rabattcode f\u00fcr Freunde sollen neue zahlende Kunden gewonnen werden (\u00fcber pers\u00f6nliche Social-Media-Kan\u00e4le, E-Mail, Mundpropaganda). Das Anbieten des Rabattcodes f\u00fcr Freunde au\u00dferhalb der pers\u00f6nlichen Kan\u00e4le (kommerzielle Kan\u00e4le) ist unter keinen Umst\u00e4nden zul\u00e4ssig.<\/li>\n \t<li>Jeder (versuchte) Betrug oder jede andere nicht autorisierte Handlung wird registriert und f\u00fchrt dazu, dass die Verwendung der Rabattcodes f\u00fcr Freunde verweigert wird. Choose TeethCare beh\u00e4lt sich das Recht vor, den erhaltenen Rabatt und das angesammelte Guthaben r\u00fcckwirkend zu begleichen.<\/li>\n<\/ol>\n<\/li>\n \t<li><strong>Zahlung<\/strong>\n<ol>\n \t<li>F\u00fcr die Zahlung kann der Besteller nur die von Choose TeethCare angebotenen Zahlungsoptionen verwenden.<\/li>\n \t<li>Bij het gebruik van een betalingslink die door Choose TeethCare voor automatische incasso wordt toegestuurd aan Besteller, geeft Besteller Choose TeethCare toestemming om ook toekomstige betalingen van het betreffende rekeningnummer te innen.<\/li>\n \t<li>Betaling vindt plaats uiterlijk binnen 14 dagen nadat een koopovereenkomst tot stand is gekomen. Die wiederkehrende Zahlung erfolgt vor jeder Serviceperiode.<\/li>\n \t<li>Bei Zahlungsverzug, beispielsweise aufgrund der Stornierung der belasteten Betr\u00e4ge oder aufgrund eines unzureichenden Guthabens auf dem betreffenden Konto, wird ein Betrag von 2,50 EUR berechnet.<\/li>\n \t<li>Wenn die Zahlung nicht innerhalb der darin festgelegten Frist nach der ersten Mahnung erfolgt, ist Choose TeethCare berechtigt, den Service einseitig mit sofortiger Wirkung zu beenden, unbeschadet des Rechts auf Entsch\u00e4digung und des Rechts, \u00fcberf\u00e4llige Zahlungen einzuziehen und die damit verbundenen Inkassokosten zu erstatten der K\u00e4ufer.<\/li>\n \t<li>Die Produkte bleiben Eigentum von Choose TeethCare, bis der K\u00e4ufer die Produkte bezahlt hat.<\/li>\n \t<li>Zahlungserinnerungen werden nur elektronisch von Choose TeethCare gesendet.<\/li>\n<\/ol>\n<\/li>\n \t<li><strong>Lieferung, Lieferzeit und Ausf\u00fchrung<\/strong>\n<ol>\n \t<li>Die Lieferung erfolgt auf Kosten von Choose TeethCare an die in der Bestellung angegebene Adresse.<\/li>\n \t<li>Der K\u00e4ufer (d. H. Die Person, an die die Sendung versendet wird) ist der Anmelder und Importeur in dem Land, f\u00fcr das die Sendung bestimmt ist.<\/li>\n \t<li>Bestellungen werden innerhalb von drei bis f\u00fcnf Werktagen nach Bestellung geliefert, wobei die Lieferung nur an Tagen m\u00f6glich ist, an denen PostNL in dem betreffenden Bereich liefert. Choose TeethCare bietet keine Abholung an.<\/li>\n \t<li>Der Besteller ist daf\u00fcr verantwortlich, die Kontaktdaten einschlie\u00dflich der Lieferadresse auf dem neuesten Stand zu halten. Wenn eine Bestellung nicht eintrifft, weil die Kontaktdaten nicht korrekt eingegeben wurden, sendet Choose TeethCare die Bestellung innerhalb von drei bis f\u00fcnf Tagen nach R\u00fccksendung der Bestellung und Erhalt der korrekten Adresse erneut und berechnet die Versandkosten.<\/li>\n \t<li>Um Produkte von Choose TeethCare zu erhalten, hat der Briefkasten des Bestellers die folgenden Abmessungen: mindestens 26,5 cm lang und 3,2 cm hoch.<\/li>\n<\/ol>\n<\/li>\n \t<li><strong>Datenschutz<\/strong>\n<ol>\n \t<li>Die personenbezogenen Daten, die der K\u00e4ufer zur Auswahl von TeethCare zur Verf\u00fcgung stellt, werden nur zur Ausf\u00fchrung der Bestellung gem\u00e4\u00df den Anforderungen des Gesetzes zum Schutz personenbezogener Daten verwendet. Weitere Informationen finden Sie in unseren Datenschutzbestimmungen.<\/li>\n<\/ol>\n<\/li>\n \t<li><strong>Garantie und Haftung<\/strong>\n<ol>\n \t<li>Choose TeethCare garantiert auf der Grundlage der von Choose TeethCare bereitgestellten Informationen nur, dass die von ihm gelieferten Produkte f\u00fcr den Zweck geeignet sind, f\u00fcr den sie bestimmt sind, und garantiert, dass die Produkte den gesetzlichen Verpflichtungen und anderen beh\u00f6rdlichen Vorschriften entsprechen, die f\u00fcr diese Verwendung gelten.<\/li>\n \t<li>Choose TeethCare garantiert, dass die von ihm gelieferten Produkte und Dienstleistungen unter Ber\u00fccksichtigung von Mensch und Umwelt ohne Kinderarbeit hergestellt oder geliefert werden.<\/li>\n<\/ol>\n<\/li>\n \t<li><strong>\u00c4nderungen<\/strong>\n<ol>\n \t<li>Choose TeethCare beh\u00e4lt sich das Recht vor, diese Allgemeinen Gesch\u00e4ftsbedingungen jederzeit zu \u00e4ndern. Es wird empfohlen, diese Allgemeinen Gesch\u00e4ftsbedingungen regelm\u00e4\u00dfig zu konsultieren.<\/li>\n<\/ol>\n<\/li>\n \t<li><strong>Aufl\u00f6sung<\/strong>\n<ol>\n \t<li>Wenn der K\u00e4ufer seinen Verpflichtungen aus dieser Vereinbarung nicht nachkommt, hat Choose TeethCare die Wahl: a. dem K\u00e4ufer die M\u00f6glichkeit zu geben, seine Verpflichtungen innerhalb einer von Choose TeethCare festgelegten Frist noch zu erf\u00fcllen; b. die Vereinbarung ohne vorherige Ank\u00fcndigung ganz oder teilweise aufzul\u00f6sen; Choose TeethCare beh\u00e4lt sich das Recht vor, jederzeit den vollen Schadenersatz und alle Kosten des K\u00e4ufers zus\u00e4tzlich zur Aufl\u00f6sung des Vertrags zu erstatten.<\/li>\n<\/ol>\n<\/li>\n \t<li><strong>Streitigkeiten und geltendes Recht<\/strong>\n<ol>\n \t<li>F\u00fcr alle Verpflichtungen zwischen Choose TeethCare und dem K\u00e4ufer gilt niederl\u00e4ndisches Recht.<\/li>\n \t<li>Das Bezirksgericht in Amsterdam ist ausschlie\u00dflich befugt, Streitigkeiten zwischen Choose TeethCare und dem K\u00e4ufer, die sich aus der Vereinbarung ergeben oder anderweitig damit zusammenh\u00e4ngen, zur Kenntnis zu nehmen.<\/li>\n<\/ol>\n<\/li>\n<\/ol>\n<\/li>\n<\/ol>\n&nbsp;\n<h3><strong>R\u00fcckgaberichtlinie W\u00e4hlen Sie TeethCare BV<\/strong><\/h3>\n<strong>R\u00fcckgabeprozess &#8211; Zusammenfassung<\/strong>\n\nWenn Sie mit Ihren Choose TeethCare B.V.-Produkten nicht 100% zufrieden sind, bieten wir Ihnen einen kostenlosen 30-Tage-R\u00fcckholservice an. Alle Artikel m\u00fcssen jedoch in neuwertigem Zustand an uns zur\u00fcckgesandt werden. Sie m\u00fcssen unbenutzt und in ihrer unbesch\u00e4digten Originalverpackung zur\u00fcckgegeben werden.\n\nBitte kontaktieren Sie unseren Kundenservice, bevor Sie Ihre Produkte zur\u00fccksenden. Sie helfen Ihnen gerne weiter.\n\nWir werden den Betrag, den Sie f\u00fcr Ihren Einkauf bei uns bezahlt haben, so schnell wie m\u00f6glich innerhalb von maximal 30 Tagen nach einer Bewertung der zur\u00fcckgegebenen Waren erstatten. Der Kunde tr\u00e4gt die Versandkosten. R\u00fccksendungen, die au\u00dferhalb des oben genannten Zeitraums eingehen, werden nicht akzeptiert.\n\nBitte senden Sie Ihre R\u00fccksendung an:\n<u>W\u00e4hlen Sie TeethCare BV &#8211; Retouren\nBoutweg 2, 4731 TT Oudenbosch<\/u>\n\n&nbsp;\n\n<strong>Beachten Sie bei der R\u00fccksendung Ihrer Produkte die folgenden Allgemeinen Gesch\u00e4ftsbedingungen:<\/strong>\n<ul>\n \t<li>Wir bieten einen 30-t\u00e4gigen R\u00fcckholservice.<\/li>\n \t<li>Wenn wir Ihr Paket in gutem Zustand erhalten, erstatten wir Ihnen innerhalb von 30 Tagen.<\/li>\n \t<li>Kosmetische Produkte d\u00fcrfen aus hygienischen Gr\u00fcnden nur unge\u00f6ffnet und in der Originalverpackung zur\u00fcckgegeben werden. Leider nehmen wir keine gebrauchten Zahnb\u00fcrsten, ge\u00f6ffneten Beh\u00e4lter, Gl\u00e4ser, Tuben oder Flaschen zur\u00fcck.<\/li>\n \t<li>R\u00fccksendungen von Zahnpasta-Beuteln k\u00f6nnen nur akzeptiert werden, wenn sie nicht verwendet wurden.<\/li>\n \t<li>Wir k\u00f6nnen Ihre R\u00fccksendungen und Umtausch nur dann bearbeiten, wenn die Bestellung in neuwertigem Zustand, in Originalverpackung und in einer stabilen R\u00fccksendebox an uns zur\u00fcckgesandt wird, ausgenommen fehlerhafte Produkte. Wir behalten uns das Recht vor, R\u00fccksendungen abzulehnen, die Verschlei\u00df oder andere vom Kunden verursachte Sch\u00e4den aufweisen.<\/li>\n \t<li>Umtausch in andere Gr\u00f6\u00dfen wird von Choose TeethCare kostenlos versandt.<\/li>\n \t<li>Besch\u00e4digte Lieferungen k\u00f6nnen kostenlos zur\u00fcckgesandt werden. Bitte wenden Sie sich an den Kundendienst.<\/li>\n \t<li>Der Kunde tr\u00e4gt die Versandkosten. R\u00fccksendungen, die au\u00dferhalb des oben genannten Zeitraums eingehen, werden nicht akzeptiert.<\/li>\n \t<li>F\u00fcr den Fall, dass Ihnen das falsche Produkt zugesandt wurde, erstatten wir den Betrag, den Sie f\u00fcr Ihren Kauf bei uns bezahlt haben, und alle in Ihrem Namen anfallenden Kosten f\u00fcr die R\u00fccksendung des falschen Artikels werden von uns ebenfalls erstattet, sobald wir das erhalten haben Waren von Ihnen innerhalb von 30 Tagen nach dem Kauf.<\/li>\n<\/ul>\n&nbsp;","protected":false},"excerpt":{"rendered":"<p>Anwendbarkeit Nur diese Allgemeinen Gesch\u00e4ftsbedingungen gelten f\u00fcr alle Angebote, Bestellungen und Vereinbarungen, die zwischen dem K\u00e4ufer und Choose TeethCare BV (&#8220;Choose!&#8221;) Geschlossen werden. Der K\u00e4ufer kann sich nur dann auf abweichende und \/ oder zus\u00e4tzliche Bestimmungen berufen, wenn diese von Choose TeethCare ausdr\u00fccklich akzeptiert wurden. Der K\u00e4ufer, mit dem diese Gesch\u00e4ftsbedingungen einmal vertraglich vereinbart wurden, &hellip; <a href=\"https:\/\/chooseteethcare.com\/de\/geschaeftsbedingungen\/\">Continued<\/a><\/p>\n","protected":false},"author":1,"featured_media":0,"parent":0,"menu_order":0,"comment_status":"closed","ping_status":"open","template":"","meta":{"_acf_changed":false,"footnotes":""},"class_list":["post-3024","page","type-page","status-publish","hentry"],"acf":[],"yoast_head":"<!-- This site is optimized with the Yoast SEO plugin v26.4 - https:\/\/yoast.com\/wordpress\/plugins\/seo\/ -->\n<title>Gesch\u00e4ftsbedingungen - CHOOSE!\u2122<\/title>\n<meta name=\"robots\" content=\"index, follow, max-snippet:-1, max-image-preview:large, max-video-preview:-1\" \/>\n<link rel=\"canonical\" href=\"https:\/\/chooseteethcare.com\/de\/geschaeftsbedingungen\/\" \/>\n<meta property=\"og:locale\" content=\"de_DE\" \/>\n<meta property=\"og:type\" content=\"article\" \/>\n<meta property=\"og:title\" content=\"Gesch\u00e4ftsbedingungen - CHOOSE!\u2122\" \/>\n<meta property=\"og:description\" content=\"Anwendbarkeit Nur diese Allgemeinen Gesch\u00e4ftsbedingungen gelten f\u00fcr alle Angebote, Bestellungen und Vereinbarungen, die zwischen dem K\u00e4ufer und Choose TeethCare BV (&#8220;Choose!&#8221;) Geschlossen werden. Der K\u00e4ufer kann sich nur dann auf abweichende und \/ oder zus\u00e4tzliche Bestimmungen berufen, wenn diese von Choose TeethCare ausdr\u00fccklich akzeptiert wurden. Der K\u00e4ufer, mit dem diese Gesch\u00e4ftsbedingungen einmal vertraglich vereinbart wurden, &hellip; Continued\" \/>\n<meta property=\"og:url\" content=\"https:\/\/chooseteethcare.com\/de\/geschaeftsbedingungen\/\" \/>\n<meta property=\"og:site_name\" content=\"CHOOSE!\u2122\" \/>\n<meta name=\"twitter:card\" content=\"summary_large_image\" \/>\n<meta name=\"twitter:label1\" content=\"Gesch\u00e4tzte Lesezeit\" \/>\n\t<meta name=\"twitter:data1\" content=\"7\u00a0Minuten\" \/>\n<script type=\"application\/ld+json\" class=\"yoast-schema-graph\">{\"@context\":\"https:\/\/schema.org\",\"@graph\":[{\"@type\":\"WebPage\",\"@id\":\"https:\/\/chooseteethcare.com\/de\/geschaeftsbedingungen\/\",\"url\":\"https:\/\/chooseteethcare.com\/de\/geschaeftsbedingungen\/\",\"name\":\"Gesch\u00e4ftsbedingungen - CHOOSE!\u2122\",\"isPartOf\":{\"@id\":\"https:\/\/chooseteethcare.com\/de\/#website\"},\"datePublished\":\"2021-03-31T10:25:36+00:00\",\"breadcrumb\":{\"@id\":\"https:\/\/chooseteethcare.com\/de\/geschaeftsbedingungen\/#breadcrumb\"},\"inLanguage\":\"de\",\"potentialAction\":[{\"@type\":\"ReadAction\",\"target\":[\"https:\/\/chooseteethcare.com\/de\/geschaeftsbedingungen\/\"]}]},{\"@type\":\"BreadcrumbList\",\"@id\":\"https:\/\/chooseteethcare.com\/de\/geschaeftsbedingungen\/#breadcrumb\",\"itemListElement\":[{\"@type\":\"ListItem\",\"position\":1,\"name\":\"Home\",\"item\":\"https:\/\/chooseteethcare.com\/de\/\"},{\"@type\":\"ListItem\",\"position\":2,\"name\":\"Gesch\u00e4ftsbedingungen\"}]},{\"@type\":\"WebSite\",\"@id\":\"https:\/\/chooseteethcare.com\/de\/#website\",\"url\":\"https:\/\/chooseteethcare.com\/de\/\",\"name\":\"CHOOSE!\u2122\",\"description\":\"Get CHOOSE Paste - Excellent Tube-Free Toothpaste\",\"potentialAction\":[{\"@type\":\"SearchAction\",\"target\":{\"@type\":\"EntryPoint\",\"urlTemplate\":\"https:\/\/chooseteethcare.com\/de\/?s={search_term_string}\"},\"query-input\":{\"@type\":\"PropertyValueSpecification\",\"valueRequired\":true,\"valueName\":\"search_term_string\"}}],\"inLanguage\":\"de\"}]}<\/script>\n<!-- \/ Yoast SEO plugin. -->","yoast_head_json":{"title":"Gesch\u00e4ftsbedingungen - CHOOSE!\u2122","robots":{"index":"index","follow":"follow","max-snippet":"max-snippet:-1","max-image-preview":"max-image-preview:large","max-video-preview":"max-video-preview:-1"},"canonical":"https:\/\/chooseteethcare.com\/de\/geschaeftsbedingungen\/","og_locale":"de_DE","og_type":"article","og_title":"Gesch\u00e4ftsbedingungen - CHOOSE!\u2122","og_description":"Anwendbarkeit Nur diese Allgemeinen Gesch\u00e4ftsbedingungen gelten f\u00fcr alle Angebote, Bestellungen und Vereinbarungen, die zwischen dem K\u00e4ufer und Choose TeethCare BV (&#8220;Choose!&#8221;) Geschlossen werden. Der K\u00e4ufer kann sich nur dann auf abweichende und \/ oder zus\u00e4tzliche Bestimmungen berufen, wenn diese von Choose TeethCare ausdr\u00fccklich akzeptiert wurden. Der K\u00e4ufer, mit dem diese Gesch\u00e4ftsbedingungen einmal vertraglich vereinbart wurden, &hellip; Continued","og_url":"https:\/\/chooseteethcare.com\/de\/geschaeftsbedingungen\/","og_site_name":"CHOOSE!\u2122","twitter_card":"summary_large_image","twitter_misc":{"Gesch\u00e4tzte Lesezeit":"7\u00a0Minuten"},"schema":{"@context":"https:\/\/schema.org","@graph":[{"@type":"WebPage","@id":"https:\/\/chooseteethcare.com\/de\/geschaeftsbedingungen\/","url":"https:\/\/chooseteethcare.com\/de\/geschaeftsbedingungen\/","name":"Gesch\u00e4ftsbedingungen - CHOOSE!\u2122","isPartOf":{"@id":"https:\/\/chooseteethcare.com\/de\/#website"},"datePublished":"2021-03-31T10:25:36+00:00","breadcrumb":{"@id":"https:\/\/chooseteethcare.com\/de\/geschaeftsbedingungen\/#breadcrumb"},"inLanguage":"de","potentialAction":[{"@type":"ReadAction","target":["https:\/\/chooseteethcare.com\/de\/geschaeftsbedingungen\/"]}]},{"@type":"BreadcrumbList","@id":"https:\/\/chooseteethcare.com\/de\/geschaeftsbedingungen\/#breadcrumb","itemListElement":[{"@type":"ListItem","position":1,"name":"Home","item":"https:\/\/chooseteethcare.com\/de\/"},{"@type":"ListItem","position":2,"name":"Gesch\u00e4ftsbedingungen"}]},{"@type":"WebSite","@id":"https:\/\/chooseteethcare.com\/de\/#website","url":"https:\/\/chooseteethcare.com\/de\/","name":"CHOOSE!\u2122","description":"Get CHOOSE Paste - Excellent Tube-Free Toothpaste","potentialAction":[{"@type":"SearchAction","target":{"@type":"EntryPoint","urlTemplate":"https:\/\/chooseteethcare.com\/de\/?s={search_term_string}"},"query-input":{"@type":"PropertyValueSpecification","valueRequired":true,"valueName":"search_term_string"}}],"inLanguage":"de"}]}},"_links":{"self":[{"href":"https:\/\/chooseteethcare.com\/de\/wp-json\/wp\/v2\/pages\/3024","targetHints":{"allow":["GET"]}}],"collection":[{"href":"https:\/\/chooseteethcare.com\/de\/wp-json\/wp\/v2\/pages"}],"about":[{"href":"https:\/\/chooseteethcare.com\/de\/wp-json\/wp\/v2\/types\/page"}],"author":[{"embeddable":true,"href":"https:\/\/chooseteethcare.com\/de\/wp-json\/wp\/v2\/users\/1"}],"replies":[{"embeddable":true,"href":"https:\/\/chooseteethcare.com\/de\/wp-json\/wp\/v2\/comments?post=3024"}],"version-history":[{"count":0,"href":"https:\/\/chooseteethcare.com\/de\/wp-json\/wp\/v2\/pages\/3024\/revisions"}],"wp:attachment":[{"href":"https:\/\/chooseteethcare.com\/de\/wp-json\/wp\/v2\/media?parent=3024"}],"curies":[{"name":"wp","href":"https:\/\/api.w.org\/{rel}","templated":true}]}}