{"id":3026,"date":"2021-03-31T10:27:28","date_gmt":"2021-03-31T10:27:28","guid":{"rendered":"https:\/\/chooseteethcare.com\/abmelden\/"},"modified":"2021-03-31T10:27:28","modified_gmt":"2021-03-31T10:27:28","slug":"abmelden","status":"publish","type":"page","link":"https:\/\/chooseteethcare.com\/de\/abmelden\/","title":{"rendered":"Abmelden"},"content":{"rendered":"Hallo <span id=\"bwfan_unsubscribe_name\">John<\/span>,\n\nSchade, dass Sie sich entschieden haben, keine zuk\u00fcnftigen Mitteilungen von uns zu erhalten.\n\nAuf jeden Fall vielen Dank f\u00fcr die Unterst\u00fctzung und hoffen, Sie bald zu sehen!\n\nAbmelden <span id=\"bwfan_unsubscribe_recipient\">john@example.com<\/span> der Website f\u00fcr Werbeaktionen.\n<style type='text\/css'>\n\t\t\ta#bwfan_unsubscribe {\n\t\t\t    text-shadow: none;\n\t\t\t    display: inline-block;\n\t\t\t    padding: 15px 20px;\n\t\t\t    cursor: pointer;\n\t\t\t    text-decoration: none !important;\n\t\t\t}\n\t\t\t.bwfan_loading{opacity: 1!important;position: relative;color: rgba(255,255,255,.05)!important;pointer-events: none!important;}\n\t\t\t.bwfan_loading::-moz-selection {color: rgba(255, 255, 255, .05) !important;}\n\t\t\t.bwfan_loading::selection {color: rgba(255, 255, 255, .05) !important;}\n\t\t\t.bwfan_loading:after {animation: bwfan_spin 500ms infinite linear;border: 2px solid #fff;border-radius: 50%;border-right-color: transparent !important;border-top-color: transparent !important;content: '';display: block;width: 16px;height: 16px;top: 50%;left: 50%;margin-top: -8px;margin-left: -8px;position: absolute;}\n\t\t\t@keyframes bwfan_spin { 0% {transform: rotate(0deg)}100% {transform: rotate(360deg)}}\n\t\t<\/style><form id=\"bwfan_unsubscribe_fields\">        <style>\n            .bwfan-unsubscribe-single-list {\n                border-bottom: 1px solid #aaa;\n                padding: 20px;\n            }\n\n            .bwfan-unsubscribe-single-list:last-child {\n                border: none;\n                padding: 20px;\n            }\n\n            .bwfan-unsubscribe-single-list p {\n                margin-top: 3px;\n                margin-bottom: 0;\n            }\n\n            .bwfan-unsubscribe-single-list label {\n                margin-left: 10px;\n            }\n\n            p.bwfan-unsubscribe-list-description {\n                font-size: 14px;\n            }\n\n            .bwfan-unsubscribe-lists {\n                margin-bottom: 30px;\n            }\n\n            .bwfan-unsubscribe-from-all-lists label {\n                font-size: 16px;\n                font-weight: 500;\n            }\n\n            .bwfan_response {\n                margin-top: 12px;\n            }\n        <\/style>\n        <div class=\"bwfan-unsubscribe-lists\" id=\"bwfan-unsubscribe-lists\">\n\t\t\t            <!-- Global Unsubscription option -->\n            <div class=\"bwfan-unsubscribe-single-list bwfan-unsubscribe-from-all-lists\">\n                <div class=\"bwfan-unsubscribe-list-checkbox\">\n                    <input id=\"bwfan-list-unsubscribe-all\" type=\"checkbox\" value=\"unsubscribe_all\"  \/>\n                    <label for=\"bwfan-list-unsubscribe-all\">Afmelden van alle e-maillijsten<\/label>\n                <\/div>\n\t\t\t\t                    <p class=\"bwfan-unsubscribe-list-description\">Je zult nog steeds belangrijke facturerings- en transactie-e-mails ontvangen. <\/p>\n\t\t\t\t            <\/div>\n        <\/div>\n\t\t<a id=\"bwfan_unsubscribe\" class=\"button-primary button\" href=\"#\">Update my preference<\/a><input type=\"hidden\" id=\"bwfan_one_click\" value=\"0\" name=\"one_click\"><input type=\"hidden\" id=\"bwfan_unsubscribe_nonce\" value=\"2c2858aa72\" name=\"bwfan_unsubscribe_nonce\"><\/form>","protected":false},"excerpt":{"rendered":"<p>Hallo , Schade, dass Sie sich entschieden haben, keine zuk\u00fcnftigen Mitteilungen von uns zu erhalten. Auf jeden Fall vielen Dank f\u00fcr die Unterst\u00fctzung und hoffen, Sie bald zu sehen! Abmelden der Website f\u00fcr Werbeaktionen.<\/p>\n","protected":false},"author":1,"featured_media":0,"parent":0,"menu_order":0,"comment_status":"closed","ping_status":"closed","template":"","meta":{"_acf_changed":false,"footnotes":""},"class_list":["post-3026","page","type-page","status-publish","hentry"],"acf":[],"yoast_head":"<!-- This site is optimized with the Yoast SEO plugin v26.4 - https:\/\/yoast.com\/wordpress\/plugins\/seo\/ -->\n<title>Abmelden - CHOOSE!\u2122<\/title>\n<meta name=\"robots\" content=\"index, follow, max-snippet:-1, max-image-preview:large, max-video-preview:-1\" \/>\n<link rel=\"canonical\" href=\"https:\/\/chooseteethcare.com\/de\/abmelden\/\" \/>\n<meta property=\"og:locale\" content=\"de_DE\" \/>\n<meta property=\"og:type\" content=\"article\" \/>\n<meta property=\"og:title\" content=\"Abmelden - CHOOSE!\u2122\" \/>\n<meta property=\"og:description\" content=\"Hallo , Schade, dass Sie sich entschieden haben, keine zuk\u00fcnftigen Mitteilungen von uns zu erhalten. Auf jeden Fall vielen Dank f\u00fcr die Unterst\u00fctzung und hoffen, Sie bald zu sehen! Abmelden der Website f\u00fcr Werbeaktionen.\" \/>\n<meta property=\"og:url\" content=\"https:\/\/chooseteethcare.com\/de\/abmelden\/\" \/>\n<meta property=\"og:site_name\" content=\"CHOOSE!\u2122\" \/>\n<meta name=\"twitter:card\" content=\"summary_large_image\" \/>\n<script type=\"application\/ld+json\" class=\"yoast-schema-graph\">{\"@context\":\"https:\/\/schema.org\",\"@graph\":[{\"@type\":\"WebPage\",\"@id\":\"https:\/\/chooseteethcare.com\/de\/abmelden\/\",\"url\":\"https:\/\/chooseteethcare.com\/de\/abmelden\/\",\"name\":\"Abmelden - CHOOSE!\u2122\",\"isPartOf\":{\"@id\":\"https:\/\/chooseteethcare.com\/de\/#website\"},\"datePublished\":\"2021-03-31T10:27:28+00:00\",\"breadcrumb\":{\"@id\":\"https:\/\/chooseteethcare.com\/de\/abmelden\/#breadcrumb\"},\"inLanguage\":\"de\",\"potentialAction\":[{\"@type\":\"ReadAction\",\"target\":[\"https:\/\/chooseteethcare.com\/de\/abmelden\/\"]}]},{\"@type\":\"BreadcrumbList\",\"@id\":\"https:\/\/chooseteethcare.com\/de\/abmelden\/#breadcrumb\",\"itemListElement\":[{\"@type\":\"ListItem\",\"position\":1,\"name\":\"Home\",\"item\":\"https:\/\/chooseteethcare.com\/de\/\"},{\"@type\":\"ListItem\",\"position\":2,\"name\":\"Abmelden\"}]},{\"@type\":\"WebSite\",\"@id\":\"https:\/\/chooseteethcare.com\/de\/#website\",\"url\":\"https:\/\/chooseteethcare.com\/de\/\",\"name\":\"CHOOSE!\u2122\",\"description\":\"Get CHOOSE Paste - Excellent Tube-Free Toothpaste\",\"potentialAction\":[{\"@type\":\"SearchAction\",\"target\":{\"@type\":\"EntryPoint\",\"urlTemplate\":\"https:\/\/chooseteethcare.com\/de\/?s={search_term_string}\"},\"query-input\":{\"@type\":\"PropertyValueSpecification\",\"valueRequired\":true,\"valueName\":\"search_term_string\"}}],\"inLanguage\":\"de\"}]}<\/script>\n<!-- \/ Yoast SEO plugin. -->","yoast_head_json":{"title":"Abmelden - CHOOSE!\u2122","robots":{"index":"index","follow":"follow","max-snippet":"max-snippet:-1","max-image-preview":"max-image-preview:large","max-video-preview":"max-video-preview:-1"},"canonical":"https:\/\/chooseteethcare.com\/de\/abmelden\/","og_locale":"de_DE","og_type":"article","og_title":"Abmelden - CHOOSE!\u2122","og_description":"Hallo , Schade, dass Sie sich entschieden haben, keine zuk\u00fcnftigen Mitteilungen von uns zu erhalten. Auf jeden Fall vielen Dank f\u00fcr die Unterst\u00fctzung und hoffen, Sie bald zu sehen! Abmelden der Website f\u00fcr Werbeaktionen.","og_url":"https:\/\/chooseteethcare.com\/de\/abmelden\/","og_site_name":"CHOOSE!\u2122","twitter_card":"summary_large_image","schema":{"@context":"https:\/\/schema.org","@graph":[{"@type":"WebPage","@id":"https:\/\/chooseteethcare.com\/de\/abmelden\/","url":"https:\/\/chooseteethcare.com\/de\/abmelden\/","name":"Abmelden - CHOOSE!\u2122","isPartOf":{"@id":"https:\/\/chooseteethcare.com\/de\/#website"},"datePublished":"2021-03-31T10:27:28+00:00","breadcrumb":{"@id":"https:\/\/chooseteethcare.com\/de\/abmelden\/#breadcrumb"},"inLanguage":"de","potentialAction":[{"@type":"ReadAction","target":["https:\/\/chooseteethcare.com\/de\/abmelden\/"]}]},{"@type":"BreadcrumbList","@id":"https:\/\/chooseteethcare.com\/de\/abmelden\/#breadcrumb","itemListElement":[{"@type":"ListItem","position":1,"name":"Home","item":"https:\/\/chooseteethcare.com\/de\/"},{"@type":"ListItem","position":2,"name":"Abmelden"}]},{"@type":"WebSite","@id":"https:\/\/chooseteethcare.com\/de\/#website","url":"https:\/\/chooseteethcare.com\/de\/","name":"CHOOSE!\u2122","description":"Get CHOOSE Paste - Excellent Tube-Free Toothpaste","potentialAction":[{"@type":"SearchAction","target":{"@type":"EntryPoint","urlTemplate":"https:\/\/chooseteethcare.com\/de\/?s={search_term_string}"},"query-input":{"@type":"PropertyValueSpecification","valueRequired":true,"valueName":"search_term_string"}}],"inLanguage":"de"}]}},"_links":{"self":[{"href":"https:\/\/chooseteethcare.com\/de\/wp-json\/wp\/v2\/pages\/3026","targetHints":{"allow":["GET"]}}],"collection":[{"href":"https:\/\/chooseteethcare.com\/de\/wp-json\/wp\/v2\/pages"}],"about":[{"href":"https:\/\/chooseteethcare.com\/de\/wp-json\/wp\/v2\/types\/page"}],"author":[{"embeddable":true,"href":"https:\/\/chooseteethcare.com\/de\/wp-json\/wp\/v2\/users\/1"}],"replies":[{"embeddable":true,"href":"https:\/\/chooseteethcare.com\/de\/wp-json\/wp\/v2\/comments?post=3026"}],"version-history":[{"count":0,"href":"https:\/\/chooseteethcare.com\/de\/wp-json\/wp\/v2\/pages\/3026\/revisions"}],"wp:attachment":[{"href":"https:\/\/chooseteethcare.com\/de\/wp-json\/wp\/v2\/media?parent=3026"}],"curies":[{"name":"wp","href":"https:\/\/api.w.org\/{rel}","templated":true}]}}