{"id":3028,"date":"2021-03-31T10:32:22","date_gmt":"2021-03-31T10:32:22","guid":{"rendered":"https:\/\/chooseteethcare.com\/kundendienst-2\/"},"modified":"2021-03-31T10:32:24","modified_gmt":"2021-03-31T10:32:24","slug":"kundendienst-2","status":"publish","type":"page","link":"https:\/\/chooseteethcare.com\/de\/kundendienst-2\/","title":{"rendered":"Kundendienst"},"content":{"rendered":"","protected":false},"excerpt":{"rendered":"","protected":false},"author":1,"featured_media":0,"parent":0,"menu_order":0,"comment_status":"closed","ping_status":"closed","template":"template-klantenservice.php","meta":{"_acf_changed":false,"footnotes":""},"class_list":["post-3028","page","type-page","status-publish","hentry"],"acf":[],"yoast_head":"<!-- This site is optimized with the Yoast SEO plugin v26.4 - https:\/\/yoast.com\/wordpress\/plugins\/seo\/ -->\n<title>Kundendienst - W\u00c4HLEN SIE, kunststofffrei zu sein<\/title>\n<meta name=\"description\" content=\"In unseren h\u00e4ufig gestellten Fragen zum Kundenservice finden Sie h\u00e4ufig gestellte Fragen. Hier finden Sie Antworten auf alle Ihre Fragen zu unseren Produkten.\" \/>\n<meta name=\"robots\" content=\"index, follow, max-snippet:-1, max-image-preview:large, max-video-preview:-1\" \/>\n<link rel=\"canonical\" href=\"https:\/\/chooseteethcare.com\/de\/kundendienst-2\/\" \/>\n<meta property=\"og:locale\" content=\"de_DE\" \/>\n<meta property=\"og:type\" content=\"article\" \/>\n<meta property=\"og:title\" content=\"Kundendienst - W\u00c4HLEN SIE, kunststofffrei zu sein\" \/>\n<meta property=\"og:description\" content=\"In unseren h\u00e4ufig gestellten Fragen zum Kundenservice finden Sie h\u00e4ufig gestellte Fragen. Hier finden Sie Antworten auf alle Ihre Fragen zu unseren Produkten.\" \/>\n<meta property=\"og:url\" content=\"https:\/\/chooseteethcare.com\/de\/kundendienst-2\/\" \/>\n<meta property=\"og:site_name\" content=\"CHOOSE!\u2122\" \/>\n<meta property=\"article:modified_time\" content=\"2021-03-31T10:32:24+00:00\" \/>\n<meta name=\"twitter:card\" content=\"summary_large_image\" \/>\n<script type=\"application\/ld+json\" class=\"yoast-schema-graph\">{\"@context\":\"https:\/\/schema.org\",\"@graph\":[{\"@type\":\"WebPage\",\"@id\":\"https:\/\/chooseteethcare.com\/de\/kundendienst-2\/\",\"url\":\"https:\/\/chooseteethcare.com\/de\/kundendienst-2\/\",\"name\":\"Kundendienst - W\u00c4HLEN SIE, kunststofffrei zu sein\",\"isPartOf\":{\"@id\":\"https:\/\/chooseteethcare.com\/de\/#website\"},\"datePublished\":\"2021-03-31T10:32:22+00:00\",\"dateModified\":\"2021-03-31T10:32:24+00:00\",\"description\":\"In unseren h\u00e4ufig gestellten Fragen zum Kundenservice finden Sie h\u00e4ufig gestellte Fragen. Hier finden Sie Antworten auf alle Ihre Fragen zu unseren Produkten.\",\"breadcrumb\":{\"@id\":\"https:\/\/chooseteethcare.com\/de\/kundendienst-2\/#breadcrumb\"},\"inLanguage\":\"de\",\"potentialAction\":[{\"@type\":\"ReadAction\",\"target\":[\"https:\/\/chooseteethcare.com\/de\/kundendienst-2\/\"]}]},{\"@type\":\"BreadcrumbList\",\"@id\":\"https:\/\/chooseteethcare.com\/de\/kundendienst-2\/#breadcrumb\",\"itemListElement\":[{\"@type\":\"ListItem\",\"position\":1,\"name\":\"Home\",\"item\":\"https:\/\/chooseteethcare.com\/de\/\"},{\"@type\":\"ListItem\",\"position\":2,\"name\":\"Kundendienst\"}]},{\"@type\":\"WebSite\",\"@id\":\"https:\/\/chooseteethcare.com\/de\/#website\",\"url\":\"https:\/\/chooseteethcare.com\/de\/\",\"name\":\"CHOOSE!\u2122\",\"description\":\"Get CHOOSE Paste - Excellent Tube-Free Toothpaste\",\"potentialAction\":[{\"@type\":\"SearchAction\",\"target\":{\"@type\":\"EntryPoint\",\"urlTemplate\":\"https:\/\/chooseteethcare.com\/de\/?s={search_term_string}\"},\"query-input\":{\"@type\":\"PropertyValueSpecification\",\"valueRequired\":true,\"valueName\":\"search_term_string\"}}],\"inLanguage\":\"de\"}]}<\/script>\n<!-- \/ Yoast SEO plugin. -->","yoast_head_json":{"title":"Kundendienst - W\u00c4HLEN SIE, kunststofffrei zu sein","description":"In unseren h\u00e4ufig gestellten Fragen zum Kundenservice finden Sie h\u00e4ufig gestellte Fragen. Hier finden Sie Antworten auf alle Ihre Fragen zu unseren Produkten.","robots":{"index":"index","follow":"follow","max-snippet":"max-snippet:-1","max-image-preview":"max-image-preview:large","max-video-preview":"max-video-preview:-1"},"canonical":"https:\/\/chooseteethcare.com\/de\/kundendienst-2\/","og_locale":"de_DE","og_type":"article","og_title":"Kundendienst - W\u00c4HLEN SIE, kunststofffrei zu sein","og_description":"In unseren h\u00e4ufig gestellten Fragen zum Kundenservice finden Sie h\u00e4ufig gestellte Fragen. Hier finden Sie Antworten auf alle Ihre Fragen zu unseren Produkten.","og_url":"https:\/\/chooseteethcare.com\/de\/kundendienst-2\/","og_site_name":"CHOOSE!\u2122","article_modified_time":"2021-03-31T10:32:24+00:00","twitter_card":"summary_large_image","schema":{"@context":"https:\/\/schema.org","@graph":[{"@type":"WebPage","@id":"https:\/\/chooseteethcare.com\/de\/kundendienst-2\/","url":"https:\/\/chooseteethcare.com\/de\/kundendienst-2\/","name":"Kundendienst - W\u00c4HLEN SIE, kunststofffrei zu sein","isPartOf":{"@id":"https:\/\/chooseteethcare.com\/de\/#website"},"datePublished":"2021-03-31T10:32:22+00:00","dateModified":"2021-03-31T10:32:24+00:00","description":"In unseren h\u00e4ufig gestellten Fragen zum Kundenservice finden Sie h\u00e4ufig gestellte Fragen. Hier finden Sie Antworten auf alle Ihre Fragen zu unseren Produkten.","breadcrumb":{"@id":"https:\/\/chooseteethcare.com\/de\/kundendienst-2\/#breadcrumb"},"inLanguage":"de","potentialAction":[{"@type":"ReadAction","target":["https:\/\/chooseteethcare.com\/de\/kundendienst-2\/"]}]},{"@type":"BreadcrumbList","@id":"https:\/\/chooseteethcare.com\/de\/kundendienst-2\/#breadcrumb","itemListElement":[{"@type":"ListItem","position":1,"name":"Home","item":"https:\/\/chooseteethcare.com\/de\/"},{"@type":"ListItem","position":2,"name":"Kundendienst"}]},{"@type":"WebSite","@id":"https:\/\/chooseteethcare.com\/de\/#website","url":"https:\/\/chooseteethcare.com\/de\/","name":"CHOOSE!\u2122","description":"Get CHOOSE Paste - Excellent Tube-Free Toothpaste","potentialAction":[{"@type":"SearchAction","target":{"@type":"EntryPoint","urlTemplate":"https:\/\/chooseteethcare.com\/de\/?s={search_term_string}"},"query-input":{"@type":"PropertyValueSpecification","valueRequired":true,"valueName":"search_term_string"}}],"inLanguage":"de"}]}},"_links":{"self":[{"href":"https:\/\/chooseteethcare.com\/de\/wp-json\/wp\/v2\/pages\/3028","targetHints":{"allow":["GET"]}}],"collection":[{"href":"https:\/\/chooseteethcare.com\/de\/wp-json\/wp\/v2\/pages"}],"about":[{"href":"https:\/\/chooseteethcare.com\/de\/wp-json\/wp\/v2\/types\/page"}],"author":[{"embeddable":true,"href":"https:\/\/chooseteethcare.com\/de\/wp-json\/wp\/v2\/users\/1"}],"replies":[{"embeddable":true,"href":"https:\/\/chooseteethcare.com\/de\/wp-json\/wp\/v2\/comments?post=3028"}],"version-history":[{"count":0,"href":"https:\/\/chooseteethcare.com\/de\/wp-json\/wp\/v2\/pages\/3028\/revisions"}],"wp:attachment":[{"href":"https:\/\/chooseteethcare.com\/de\/wp-json\/wp\/v2\/media?parent=3028"}],"curies":[{"name":"wp","href":"https:\/\/api.w.org\/{rel}","templated":true}]}}