{"id":4664,"date":"2021-06-24T10:52:21","date_gmt":"2021-06-24T10:52:21","guid":{"rendered":"https:\/\/chooseteethcare.com\/?page_id=4664"},"modified":"2021-06-24T10:55:09","modified_gmt":"2021-06-24T10:55:09","slug":"impressum","status":"publish","type":"page","link":"https:\/\/chooseteethcare.com\/de\/impressum\/","title":{"rendered":"Impressum"},"content":{"rendered":"CHOOSE TeethCare BV\r\nGesch\u00e4ftsf\u00fchrer Pim van der Grind\r\nKVK 78441978\r\n\r\nSt. Jacobstraat 123 -135\r\n3511 BP Utrecht \u2013 Die Niederlande\r\nTel <a href=\"tel:0031303690472\">+31 30 36 90 472<\/a>\r\nhello@chooseteethcare.nl\r\n\r\nNotarispraktijk Interwaert\r\nUSt-IdNr. DE340484349\r\n\r\nPlattform der EU-Kommission zur Online-Streitbeilegung:\u00a0<a href=\"http:\/\/www.ec.europa.eu\/consumers\/odr\">www.ec.europa.eu\/consumers\/odr<\/a>\r\nWir sind zur Teilnahme an einem Streitbeilegungsverfahren vor einer Verbraucherschlichtungsstelle weder verpflichtet noch bereit.\r\n\r\n<strong>Haftung f\u00fcr Inhalte<\/strong>\r\nAls Diensteanbieter sind wir gem\u00e4\u00df \u00a7 7 Abs.1 TMG f\u00fcr eigene Inhalte auf diesen Seiten nach den allgemeinen Gesetzen verantwortlich. Nach \u00a7\u00a7 8 bis 10 TMG sind wir als Diensteanbieter jedoch nicht verpflichtet, \u00fcbermittelte oder gespeicherte fremde Informationen zu \u00fcberwachen oder nach Umst\u00e4nden zu forschen, die auf eine rechtswidrige T\u00e4tigkeit hinweisen. Verpflichtungen zur Entfernung oder Sperrung der Nutzung von Informationen nach den allgemeinen Gesetzen bleiben hiervon unber\u00fchrt. Eine diesbez\u00fcgliche Haftung ist jedoch erst ab dem Zeitpunkt der Kenntnis einer konkreten Rechtsverletzung m\u00f6glich. Bei Bekanntwerden von entsprechenden Rechtsverletzungen werden wir diese Inhalte umgehend entfernen.\r\n\r\n<strong>\r\nHaftung f\u00fcr Links<\/strong>\r\nUnser Angebot enth\u00e4lt Links zu externen Webseiten Dritter, auf deren Inhalte wir keinen Einfluss haben. Deshalb k\u00f6nnen wir f\u00fcr diese fremden Inhalte auch keine Gew\u00e4hr \u00fcbernehmen. F\u00fcr die Inhalte der verlinkten Seiten ist stets der jeweilige Anbieter oder Betreiber der Seiten verantwortlich. Die verlinkten Seiten wurden zum Zeitpunkt der Verlinkung auf m\u00f6gliche Rechtsverst\u00f6\u00dfe \u00fcberpr\u00fcft. Rechtswidrige Inhalte waren zum Zeitpunkt der Verlinkung nicht erkennbar. Eine permanente inhaltliche Kontrolle der verlinkten Seiten ist jedoch ohne konkrete Anhaltspunkte einer Rechtsverletzung nicht zumutbar. Bei Bekanntwerden von Rechtsverletzungen werden wir derartige Links umgehend entfernen.\r\n\r\n<strong>\r\nUrheberrecht<\/strong>\r\nDie durch die Seitenbetreiber erstellten Inhalte und Werke auf diesen Seiten unterliegen dem deutschen Urheberrecht. Die Vervielf\u00e4ltigung, Bearbeitung, Verbreitung und jede Art der Verwertung au\u00dferhalb der Grenzen des Urheberrechtes bed\u00fcrfen der schriftlichen Zustimmung des jeweiligen Autors bzw. Erstellers. Downloads und Kopien dieser Seite sind nur f\u00fcr den privaten, nicht kommerziellen Gebrauch gestattet. Soweit die Inhalte auf dieser Seite nicht vom Betreiber erstellt wurden, werden die Urheberrechte Dritter beachtet. Insbesondere werden Inhalte Dritter als solche gekennzeichnet. Sollten Sie trotzdem auf eine Urheberrechtsverletzung aufmerksam werden, bitten wir um einen entsprechenden Hinweis. Bei Bekanntwerden von Rechtsverletzungen werden wir derartige Inhalte umgehend entfernen.","protected":false},"excerpt":{"rendered":"<p>CHOOSE TeethCare BV Gesch\u00e4ftsf\u00fchrer Pim van der Grind KVK 78441978 St. Jacobstraat 123 -135 3511 BP Utrecht \u2013 Die Niederlande Tel +31 30 36 90 472 hello@chooseteethcare.nl Notarispraktijk Interwaert USt-IdNr. DE340484349 Plattform der EU-Kommission zur Online-Streitbeilegung:\u00a0www.ec.europa.eu\/consumers\/odr Wir sind zur Teilnahme an einem Streitbeilegungsverfahren vor einer Verbraucherschlichtungsstelle weder verpflichtet noch bereit. Haftung f\u00fcr Inhalte Als Diensteanbieter &hellip; <a href=\"https:\/\/chooseteethcare.com\/de\/impressum\/\">Continued<\/a><\/p>\n","protected":false},"author":1,"featured_media":0,"parent":0,"menu_order":0,"comment_status":"closed","ping_status":"closed","template":"","meta":{"_acf_changed":false,"footnotes":""},"class_list":["post-4664","page","type-page","status-publish","hentry"],"acf":[],"yoast_head":"<!-- This site is optimized with the Yoast SEO plugin v26.4 - https:\/\/yoast.com\/wordpress\/plugins\/seo\/ -->\n<title>Impressum - CHOOSE!\u2122<\/title>\n<meta name=\"robots\" content=\"index, follow, max-snippet:-1, max-image-preview:large, max-video-preview:-1\" \/>\n<link rel=\"canonical\" href=\"https:\/\/chooseteethcare.com\/de\/impressum\/\" \/>\n<meta property=\"og:locale\" content=\"de_DE\" \/>\n<meta property=\"og:type\" content=\"article\" \/>\n<meta property=\"og:title\" content=\"Impressum - CHOOSE!\u2122\" \/>\n<meta property=\"og:description\" content=\"CHOOSE TeethCare BV Gesch\u00e4ftsf\u00fchrer Pim van der Grind KVK 78441978 St. Jacobstraat 123 -135 3511 BP Utrecht \u2013 Die Niederlande Tel +31 30 36 90 472 hello@chooseteethcare.nl Notarispraktijk Interwaert USt-IdNr. DE340484349 Plattform der EU-Kommission zur Online-Streitbeilegung:\u00a0www.ec.europa.eu\/consumers\/odr Wir sind zur Teilnahme an einem Streitbeilegungsverfahren vor einer Verbraucherschlichtungsstelle weder verpflichtet noch bereit. Haftung f\u00fcr Inhalte Als Diensteanbieter &hellip; Continued\" \/>\n<meta property=\"og:url\" content=\"https:\/\/chooseteethcare.com\/de\/impressum\/\" \/>\n<meta property=\"og:site_name\" content=\"CHOOSE!\u2122\" \/>\n<meta property=\"article:modified_time\" content=\"2021-06-24T10:55:09+00:00\" \/>\n<meta name=\"twitter:card\" content=\"summary_large_image\" \/>\n<meta name=\"twitter:label1\" content=\"Gesch\u00e4tzte Lesezeit\" \/>\n\t<meta name=\"twitter:data1\" content=\"2\u00a0Minuten\" \/>\n<script type=\"application\/ld+json\" class=\"yoast-schema-graph\">{\"@context\":\"https:\/\/schema.org\",\"@graph\":[{\"@type\":\"WebPage\",\"@id\":\"https:\/\/chooseteethcare.com\/de\/impressum\/\",\"url\":\"https:\/\/chooseteethcare.com\/de\/impressum\/\",\"name\":\"Impressum - CHOOSE!\u2122\",\"isPartOf\":{\"@id\":\"https:\/\/chooseteethcare.com\/de\/#website\"},\"datePublished\":\"2021-06-24T10:52:21+00:00\",\"dateModified\":\"2021-06-24T10:55:09+00:00\",\"breadcrumb\":{\"@id\":\"https:\/\/chooseteethcare.com\/de\/impressum\/#breadcrumb\"},\"inLanguage\":\"de\",\"potentialAction\":[{\"@type\":\"ReadAction\",\"target\":[\"https:\/\/chooseteethcare.com\/de\/impressum\/\"]}]},{\"@type\":\"BreadcrumbList\",\"@id\":\"https:\/\/chooseteethcare.com\/de\/impressum\/#breadcrumb\",\"itemListElement\":[{\"@type\":\"ListItem\",\"position\":1,\"name\":\"Home\",\"item\":\"https:\/\/chooseteethcare.com\/de\/\"},{\"@type\":\"ListItem\",\"position\":2,\"name\":\"Impressum\"}]},{\"@type\":\"WebSite\",\"@id\":\"https:\/\/chooseteethcare.com\/de\/#website\",\"url\":\"https:\/\/chooseteethcare.com\/de\/\",\"name\":\"CHOOSE!\u2122\",\"description\":\"Get CHOOSE Paste - Excellent Tube-Free Toothpaste\",\"potentialAction\":[{\"@type\":\"SearchAction\",\"target\":{\"@type\":\"EntryPoint\",\"urlTemplate\":\"https:\/\/chooseteethcare.com\/de\/?s={search_term_string}\"},\"query-input\":{\"@type\":\"PropertyValueSpecification\",\"valueRequired\":true,\"valueName\":\"search_term_string\"}}],\"inLanguage\":\"de\"}]}<\/script>\n<!-- \/ Yoast SEO plugin. -->","yoast_head_json":{"title":"Impressum - CHOOSE!\u2122","robots":{"index":"index","follow":"follow","max-snippet":"max-snippet:-1","max-image-preview":"max-image-preview:large","max-video-preview":"max-video-preview:-1"},"canonical":"https:\/\/chooseteethcare.com\/de\/impressum\/","og_locale":"de_DE","og_type":"article","og_title":"Impressum - CHOOSE!\u2122","og_description":"CHOOSE TeethCare BV Gesch\u00e4ftsf\u00fchrer Pim van der Grind KVK 78441978 St. Jacobstraat 123 -135 3511 BP Utrecht \u2013 Die Niederlande Tel +31 30 36 90 472 hello@chooseteethcare.nl Notarispraktijk Interwaert USt-IdNr. DE340484349 Plattform der EU-Kommission zur Online-Streitbeilegung:\u00a0www.ec.europa.eu\/consumers\/odr Wir sind zur Teilnahme an einem Streitbeilegungsverfahren vor einer Verbraucherschlichtungsstelle weder verpflichtet noch bereit. Haftung f\u00fcr Inhalte Als Diensteanbieter &hellip; Continued","og_url":"https:\/\/chooseteethcare.com\/de\/impressum\/","og_site_name":"CHOOSE!\u2122","article_modified_time":"2021-06-24T10:55:09+00:00","twitter_card":"summary_large_image","twitter_misc":{"Gesch\u00e4tzte Lesezeit":"2\u00a0Minuten"},"schema":{"@context":"https:\/\/schema.org","@graph":[{"@type":"WebPage","@id":"https:\/\/chooseteethcare.com\/de\/impressum\/","url":"https:\/\/chooseteethcare.com\/de\/impressum\/","name":"Impressum - CHOOSE!\u2122","isPartOf":{"@id":"https:\/\/chooseteethcare.com\/de\/#website"},"datePublished":"2021-06-24T10:52:21+00:00","dateModified":"2021-06-24T10:55:09+00:00","breadcrumb":{"@id":"https:\/\/chooseteethcare.com\/de\/impressum\/#breadcrumb"},"inLanguage":"de","potentialAction":[{"@type":"ReadAction","target":["https:\/\/chooseteethcare.com\/de\/impressum\/"]}]},{"@type":"BreadcrumbList","@id":"https:\/\/chooseteethcare.com\/de\/impressum\/#breadcrumb","itemListElement":[{"@type":"ListItem","position":1,"name":"Home","item":"https:\/\/chooseteethcare.com\/de\/"},{"@type":"ListItem","position":2,"name":"Impressum"}]},{"@type":"WebSite","@id":"https:\/\/chooseteethcare.com\/de\/#website","url":"https:\/\/chooseteethcare.com\/de\/","name":"CHOOSE!\u2122","description":"Get CHOOSE Paste - Excellent Tube-Free Toothpaste","potentialAction":[{"@type":"SearchAction","target":{"@type":"EntryPoint","urlTemplate":"https:\/\/chooseteethcare.com\/de\/?s={search_term_string}"},"query-input":{"@type":"PropertyValueSpecification","valueRequired":true,"valueName":"search_term_string"}}],"inLanguage":"de"}]}},"_links":{"self":[{"href":"https:\/\/chooseteethcare.com\/de\/wp-json\/wp\/v2\/pages\/4664","targetHints":{"allow":["GET"]}}],"collection":[{"href":"https:\/\/chooseteethcare.com\/de\/wp-json\/wp\/v2\/pages"}],"about":[{"href":"https:\/\/chooseteethcare.com\/de\/wp-json\/wp\/v2\/types\/page"}],"author":[{"embeddable":true,"href":"https:\/\/chooseteethcare.com\/de\/wp-json\/wp\/v2\/users\/1"}],"replies":[{"embeddable":true,"href":"https:\/\/chooseteethcare.com\/de\/wp-json\/wp\/v2\/comments?post=4664"}],"version-history":[{"count":0,"href":"https:\/\/chooseteethcare.com\/de\/wp-json\/wp\/v2\/pages\/4664\/revisions"}],"wp:attachment":[{"href":"https:\/\/chooseteethcare.com\/de\/wp-json\/wp\/v2\/media?parent=4664"}],"curies":[{"name":"wp","href":"https:\/\/api.w.org\/{rel}","templated":true}]}}