{"id":3056,"date":"2021-03-21T14:37:31","date_gmt":"2021-04-01T09:07:40","guid":{"rendered":"https:\/\/chooseteethcare.com\/product\/waehlen-sie-starterbox-2\/"},"modified":"2021-07-20T09:51:07","modified_gmt":"2021-07-20T09:51:07","slug":"choose-starter-box-aktion","status":"publish","type":"product","link":"https:\/\/chooseteethcare.com\/de\/produkt\/choose-starter-box-aktion\/","title":{"rendered":"CHOOSE Starter Box &#8211; AKTION"},"content":{"rendered":"<strong><span style=\"vertical-align: inherit;\"><span style=\"vertical-align: inherit;\">Jedes Jahr disparate mehr as 1,5 Milliarden Zahnpastatuben aus Kunststoff with 5 bis 20% Zahnpasta im M\u00fclleimer &#8230;<\/span><\/span><\/strong>\r\n\r\n<span style=\"vertical-align: inherit;\"><span style=\"vertical-align: inherit;\">W\u00e4hlen Sie bewusst mit dem separaten Kauf unserer Choose Boxes. <\/span><span style=\"vertical-align: inherit;\">Start Sie eine soziale und umweltfreundliche Art, Ihre Z\u00e4hne mit unserer Zahnpasta in Tablettenform mit frischem Minzgeschmack zu putzen.<\/span><\/span>\r\n<ul>\r\n \t<li><strong><span style=\"vertical-align: inherit;\"><span style=\"vertical-align: inherit;\">Umweltfreundlich\u2013<\/span><\/span><\/strong><span style=\"vertical-align: inherit;\"><span style=\"vertical-align: inherit;\"> Bewahren Sie den Plastikm\u00fcll des Planeten aus Tuben auf und hindern Sie, that bis zu 20% Zahnpasta pro Tube zur\u00fcckbleiben.<\/span><\/span><\/li>\r\n \t<li><strong><span style=\"vertical-align: inherit;\"><span style=\"vertical-align: inherit;\">Responsible Qualit\u00e4t<\/span><\/span><\/strong><span style=\"vertical-align: inherit;\"><span style=\"vertical-align: inherit;\"> &#8211; Unsere Zahnpastatablets were von Zahn\u00e4rzten verantwortungsbewusst entwickelt.<\/span><\/span><\/li>\r\n \t<li><strong><span style=\"vertical-align: inherit;\"><span style=\"vertical-align: inherit;\">Zur\u00fcck geben<\/span><\/span><\/strong><span style=\"vertical-align: inherit;\"><span style=\"vertical-align: inherit;\"> &#8211; Beitrag zur zahn\u00e4rztlichen Versorgung benachtiligter Kinder in Kenya; <\/span><span style=\"vertical-align: inherit;\">Pro Subscription Lieferung spend wir 1 \u20ac from Dutch Dental Care.<\/span><\/span><\/li>\r\n<\/ul>\r\n<p style=\"text-align: center;\"><span style=\"vertical-align: inherit;\"><span style=\"vertical-align: inherit;\"><a class=\"button button-aqua button-shortcode \" href=\"https:\/\/chooseteethcare.com\/winkelmand\/?add-to-cart=465 \">Buy now for \u20ac 12.95<\/a><\/span><\/span><\/p>\r\n&nbsp;","protected":false},"excerpt":{"rendered":"<p>Jedes Jahr disparate mehr as 1,5 Milliarden Zahnpastatuben aus Kunststoff with 5 bis 20% Zahnpasta im M\u00fclleimer &#8230; W\u00e4hlen Sie bewusst mit dem separaten Kauf unserer Choose Boxes. Start Sie eine soziale und umweltfreundliche Art, Ihre Z\u00e4hne mit unserer Zahnpasta in Tablettenform mit frischem Minzgeschmack zu putzen. Umweltfreundlich\u2013 Bewahren Sie den Plastikm\u00fcll des Planeten aus &hellip; <a href=\"https:\/\/chooseteethcare.com\/de\/produkt\/choose-starter-box-aktion\/\">Continued<\/a><\/p>\n","protected":false},"featured_media":18559,"comment_status":"open","ping_status":"closed","template":"","meta":{"_acf_changed":false},"product_brand":[],"product_cat":[84,210,85,106],"product_tag":[124,114,125,115,116,117,118,108,119,109,120,110,121,111,122,112,123,113],"class_list":{"0":"post-3056","1":"product","2":"type-product","3":"status-publish","4":"has-post-thumbnail","6":"product_cat-im-archiv-verstecken","7":"product_cat-90-tabs-de","8":"product_cat-produkt","9":"product_cat-keine-kategorie","10":"product_tag-zahnpastapillen","11":"product_tag-bio-zahnpasta","12":"product_tag-zahnburstentabletten","13":"product_tag-oko-tandpasta","14":"product_tag-tandpasta-null-abfall","15":"product_tag-bio-zahnpasta-de","16":"product_tag-vegane-tandpasta","17":"product_tag-kauf","18":"product_tag-zahnpastatabletten-de","19":"product_tag-zahnpastatabletten","20":"product_tag-umweltfreundliche-zahnpasta","21":"product_tag-wahlen-sie-tandpasta","22":"product_tag-zahnpasta-ohne-plastik","23":"product_tag-dauerhafte-zahnpasta","24":"product_tag-naturliche-zahnpasta","25":"product_tag-okologische-zahnpasta","26":"product_tag-kunststofffreie-zahnpasta","27":"product_tag-wahlen-sie-zahnpflege","28":"product_shipping_class-standardversand","30":"first","31":"instock","32":"sale","33":"shipping-taxable","34":"purchasable","35":"product-type-simple"},"bundled_by":[],"bundle_stock_status":"instock","bundle_stock_quantity":null,"bundle_virtual":false,"bundle_layout":"","bundle_add_to_cart_form_location":"","bundle_editable_in_cart":false,"bundle_sold_individually_context":"","bundle_item_grouping":"","bundle_min_size":"","bundle_max_size":"","bundle_price":[],"bundled_items":[],"bundle_sell_ids":[],"acf":[],"yoast_head":"<!-- This site is optimized with the Yoast SEO plugin v26.4 - https:\/\/yoast.com\/wordpress\/plugins\/seo\/ -->\n<title>CHOOSE Starter Box - AKTION - CHOOSE!\u2122<\/title>\n<meta name=\"description\" content=\"Zahnpasta in Tablettenform; W\u00e4hlen Sie Impact und putzen Sie Ihre Z\u00e4hne auf umweltfreundliche und soziale Weise!\" \/>\n<meta name=\"robots\" content=\"noindex, nofollow\" \/>\n<meta property=\"og:locale\" content=\"de_DE\" \/>\n<meta property=\"og:type\" content=\"article\" \/>\n<meta property=\"og:title\" content=\"CHOOSE Starter Box - AKTION - CHOOSE!\u2122\" \/>\n<meta property=\"og:description\" content=\"Zahnpasta in Tablettenform; W\u00e4hlen Sie Impact und putzen Sie Ihre Z\u00e4hne auf umweltfreundliche und soziale Weise!\" \/>\n<meta property=\"og:url\" content=\"https:\/\/chooseteethcare.com\/de\/produkt\/choose-starter-box-aktion\/\" \/>\n<meta property=\"og:site_name\" content=\"CHOOSE!\u2122\" \/>\n<meta property=\"article:modified_time\" content=\"2021-07-20T09:51:07+00:00\" \/>\n<meta property=\"og:image\" content=\"https:\/\/chooseteethcare.com\/wp-content\/uploads\/2022\/07\/Starter-Box.png\" \/>\n\t<meta property=\"og:image:width\" content=\"1080\" \/>\n\t<meta property=\"og:image:height\" content=\"1080\" \/>\n\t<meta property=\"og:image:type\" content=\"image\/png\" \/>\n<meta name=\"twitter:card\" content=\"summary_large_image\" \/>\n<meta name=\"twitter:label1\" content=\"Gesch\u00e4tzte Lesezeit\" \/>\n\t<meta name=\"twitter:data1\" content=\"1\u00a0Minute\" \/>\n<script type=\"application\/ld+json\" class=\"yoast-schema-graph\">{\"@context\":\"https:\/\/schema.org\",\"@graph\":[{\"@type\":\"WebPage\",\"@id\":\"https:\/\/chooseteethcare.com\/de\/produkt\/choose-starter-box-aktion\/\",\"url\":\"https:\/\/chooseteethcare.com\/de\/produkt\/choose-starter-box-aktion\/\",\"name\":\"CHOOSE Starter Box - AKTION - CHOOSE!\u2122\",\"isPartOf\":{\"@id\":\"https:\/\/chooseteethcare.com\/de\/#website\"},\"primaryImageOfPage\":{\"@id\":\"https:\/\/chooseteethcare.com\/de\/produkt\/choose-starter-box-aktion\/#primaryimage\"},\"image\":{\"@id\":\"https:\/\/chooseteethcare.com\/de\/produkt\/choose-starter-box-aktion\/#primaryimage\"},\"thumbnailUrl\":\"https:\/\/chooseteethcare.com\/wp-content\/uploads\/2022\/07\/Starter-Box.png\",\"datePublished\":\"2021-04-01T09:07:40+00:00\",\"dateModified\":\"2021-07-20T09:51:07+00:00\",\"description\":\"Zahnpasta in Tablettenform; W\u00e4hlen Sie Impact und putzen Sie Ihre Z\u00e4hne auf umweltfreundliche und soziale Weise!\",\"breadcrumb\":{\"@id\":\"https:\/\/chooseteethcare.com\/de\/produkt\/choose-starter-box-aktion\/#breadcrumb\"},\"inLanguage\":\"de\",\"potentialAction\":[{\"@type\":\"ReadAction\",\"target\":[\"https:\/\/chooseteethcare.com\/de\/produkt\/choose-starter-box-aktion\/\"]}]},{\"@type\":\"ImageObject\",\"inLanguage\":\"de\",\"@id\":\"https:\/\/chooseteethcare.com\/de\/produkt\/choose-starter-box-aktion\/#primaryimage\",\"url\":\"https:\/\/chooseteethcare.com\/wp-content\/uploads\/2022\/07\/Starter-Box.png\",\"contentUrl\":\"https:\/\/chooseteethcare.com\/wp-content\/uploads\/2022\/07\/Starter-Box.png\",\"width\":1080,\"height\":1080,\"caption\":\"Starter Box - Tandpasta Tabletten\"},{\"@type\":\"BreadcrumbList\",\"@id\":\"https:\/\/chooseteethcare.com\/de\/produkt\/choose-starter-box-aktion\/#breadcrumb\",\"itemListElement\":[{\"@type\":\"ListItem\",\"position\":1,\"name\":\"Home\",\"item\":\"https:\/\/chooseteethcare.com\/de\/\"},{\"@type\":\"ListItem\",\"position\":2,\"name\":\"Produkte\",\"item\":\"https:\/\/chooseteethcare.com\/de\/shop\/\"},{\"@type\":\"ListItem\",\"position\":3,\"name\":\"CHOOSE Starter Box &#8211; AKTION\"}]},{\"@type\":\"WebSite\",\"@id\":\"https:\/\/chooseteethcare.com\/de\/#website\",\"url\":\"https:\/\/chooseteethcare.com\/de\/\",\"name\":\"CHOOSE!\u2122\",\"description\":\"Get CHOOSE Paste - Excellent Tube-Free Toothpaste\",\"potentialAction\":[{\"@type\":\"SearchAction\",\"target\":{\"@type\":\"EntryPoint\",\"urlTemplate\":\"https:\/\/chooseteethcare.com\/de\/?s={search_term_string}\"},\"query-input\":{\"@type\":\"PropertyValueSpecification\",\"valueRequired\":true,\"valueName\":\"search_term_string\"}}],\"inLanguage\":\"de\"}]}<\/script>\n<!-- \/ Yoast SEO plugin. -->","yoast_head_json":{"title":"CHOOSE Starter Box - AKTION - CHOOSE!\u2122","description":"Zahnpasta in Tablettenform; W\u00e4hlen Sie Impact und putzen Sie Ihre Z\u00e4hne auf umweltfreundliche und soziale Weise!","robots":{"index":"noindex","follow":"nofollow"},"og_locale":"de_DE","og_type":"article","og_title":"CHOOSE Starter Box - AKTION - CHOOSE!\u2122","og_description":"Zahnpasta in Tablettenform; W\u00e4hlen Sie Impact und putzen Sie Ihre Z\u00e4hne auf umweltfreundliche und soziale Weise!","og_url":"https:\/\/chooseteethcare.com\/de\/produkt\/choose-starter-box-aktion\/","og_site_name":"CHOOSE!\u2122","article_modified_time":"2021-07-20T09:51:07+00:00","og_image":[{"width":1080,"height":1080,"url":"https:\/\/chooseteethcare.com\/wp-content\/uploads\/2022\/07\/Starter-Box.png","type":"image\/png"}],"twitter_card":"summary_large_image","twitter_misc":{"Gesch\u00e4tzte Lesezeit":"1\u00a0Minute"},"schema":{"@context":"https:\/\/schema.org","@graph":[{"@type":"WebPage","@id":"https:\/\/chooseteethcare.com\/de\/produkt\/choose-starter-box-aktion\/","url":"https:\/\/chooseteethcare.com\/de\/produkt\/choose-starter-box-aktion\/","name":"CHOOSE Starter Box - AKTION - CHOOSE!\u2122","isPartOf":{"@id":"https:\/\/chooseteethcare.com\/de\/#website"},"primaryImageOfPage":{"@id":"https:\/\/chooseteethcare.com\/de\/produkt\/choose-starter-box-aktion\/#primaryimage"},"image":{"@id":"https:\/\/chooseteethcare.com\/de\/produkt\/choose-starter-box-aktion\/#primaryimage"},"thumbnailUrl":"https:\/\/chooseteethcare.com\/wp-content\/uploads\/2022\/07\/Starter-Box.png","datePublished":"2021-04-01T09:07:40+00:00","dateModified":"2021-07-20T09:51:07+00:00","description":"Zahnpasta in Tablettenform; W\u00e4hlen Sie Impact und putzen Sie Ihre Z\u00e4hne auf umweltfreundliche und soziale Weise!","breadcrumb":{"@id":"https:\/\/chooseteethcare.com\/de\/produkt\/choose-starter-box-aktion\/#breadcrumb"},"inLanguage":"de","potentialAction":[{"@type":"ReadAction","target":["https:\/\/chooseteethcare.com\/de\/produkt\/choose-starter-box-aktion\/"]}]},{"@type":"ImageObject","inLanguage":"de","@id":"https:\/\/chooseteethcare.com\/de\/produkt\/choose-starter-box-aktion\/#primaryimage","url":"https:\/\/chooseteethcare.com\/wp-content\/uploads\/2022\/07\/Starter-Box.png","contentUrl":"https:\/\/chooseteethcare.com\/wp-content\/uploads\/2022\/07\/Starter-Box.png","width":1080,"height":1080,"caption":"Starter Box - Tandpasta Tabletten"},{"@type":"BreadcrumbList","@id":"https:\/\/chooseteethcare.com\/de\/produkt\/choose-starter-box-aktion\/#breadcrumb","itemListElement":[{"@type":"ListItem","position":1,"name":"Home","item":"https:\/\/chooseteethcare.com\/de\/"},{"@type":"ListItem","position":2,"name":"Produkte","item":"https:\/\/chooseteethcare.com\/de\/shop\/"},{"@type":"ListItem","position":3,"name":"CHOOSE Starter Box &#8211; AKTION"}]},{"@type":"WebSite","@id":"https:\/\/chooseteethcare.com\/de\/#website","url":"https:\/\/chooseteethcare.com\/de\/","name":"CHOOSE!\u2122","description":"Get CHOOSE Paste - Excellent Tube-Free Toothpaste","potentialAction":[{"@type":"SearchAction","target":{"@type":"EntryPoint","urlTemplate":"https:\/\/chooseteethcare.com\/de\/?s={search_term_string}"},"query-input":{"@type":"PropertyValueSpecification","valueRequired":true,"valueName":"search_term_string"}}],"inLanguage":"de"}]}},"_links":{"self":[{"href":"https:\/\/chooseteethcare.com\/de\/wp-json\/wp\/v2\/product\/3056","targetHints":{"allow":["GET"]}}],"collection":[{"href":"https:\/\/chooseteethcare.com\/de\/wp-json\/wp\/v2\/product"}],"about":[{"href":"https:\/\/chooseteethcare.com\/de\/wp-json\/wp\/v2\/types\/product"}],"replies":[{"embeddable":true,"href":"https:\/\/chooseteethcare.com\/de\/wp-json\/wp\/v2\/comments?post=3056"}],"version-history":[{"count":0,"href":"https:\/\/chooseteethcare.com\/de\/wp-json\/wp\/v2\/product\/3056\/revisions"}],"wp:featuredmedia":[{"embeddable":true,"href":"https:\/\/chooseteethcare.com\/de\/wp-json\/wp\/v2\/media\/18559"}],"wp:attachment":[{"href":"https:\/\/chooseteethcare.com\/de\/wp-json\/wp\/v2\/media?parent=3056"}],"wp:term":[{"taxonomy":"product_brand","embeddable":true,"href":"https:\/\/chooseteethcare.com\/de\/wp-json\/wp\/v2\/product_brand?post=3056"},{"taxonomy":"product_cat","embeddable":true,"href":"https:\/\/chooseteethcare.com\/de\/wp-json\/wp\/v2\/product_cat?post=3056"},{"taxonomy":"product_tag","embeddable":true,"href":"https:\/\/chooseteethcare.com\/de\/wp-json\/wp\/v2\/product_tag?post=3056"}],"curies":[{"name":"wp","href":"https:\/\/api.w.org\/{rel}","templated":true}]}}