{"id":3080,"date":"2020-09-07T10:11:33","date_gmt":"2020-09-07T10:11:33","guid":{"rendered":"https:\/\/chooseteethcare.com\/product\/bambuszahnbuerste\/"},"modified":"2022-01-19T13:03:50","modified_gmt":"2022-01-19T13:03:50","slug":"bambus-zahnbuerste","status":"publish","type":"product","link":"https:\/\/chooseteethcare.com\/de\/produkt\/bambus-zahnbuerste\/","title":{"rendered":"Bambus Zahnb\u00fcrste"},"content":{"rendered":"<div class=\"page\" title=\"Page 4\">\r\n<div class=\"section\">\r\n<div class=\"layoutArea\">\r\n<div class=\"column\">\r\n\r\nEntscheiden Sie sich f\u00fcr den separaten Kauf unserer Bambuszahnb\u00fcrste, bei der die B\u00fcrste ausgetauscht werden kann. Und putzen Sie Ihre Z\u00e4hne auf umweltfreundliche und soziale Weise.\r\n\r\nMit Choose! Wir halten Ihre Z\u00e4hne gesund, die Ozeane sauber und tragen zur Zahnpflege f\u00fcr benachteiligte Kinder in Kenia bei.\r\n<ul>\r\n \t<li>Bewahren Sie den Plastikabfall des Planeten vor Zahnb\u00fcrsten auf<\/li>\r\n \t<li>Sparen Sie 50% bei der Packungsgr\u00f6\u00dfe und ersetzen Sie die B\u00fcrste erst nach 3 Monaten<\/li>\r\n \t<li>Der Pinsel ist mittelgro\u00df; nicht zu weich und nicht zu hart.<\/li>\r\n<\/ul>\r\n<p style=\"text-align: center;\"><a class=\"button button-aqua button-shortcode \" href=\"https:\/\/chooseteethcare.com\/winkelmand\/?add-to-cart=135 \">Kaufen Sie es jetzt f\u00fcr 5.97<\/a><\/p>\r\n\r\n<\/div>\r\n<\/div>\r\n<\/div>\r\n<\/div>","protected":false},"excerpt":{"rendered":"<p>Entscheiden Sie sich f\u00fcr den separaten Kauf unserer Bambuszahnb\u00fcrste, bei der die B\u00fcrste ausgetauscht werden kann. Und putzen Sie Ihre Z\u00e4hne auf umweltfreundliche und soziale Weise. Mit Choose! Wir halten Ihre Z\u00e4hne gesund, die Ozeane sauber und tragen zur Zahnpflege f\u00fcr benachteiligte Kinder in Kenia bei. Bewahren Sie den Plastikabfall des Planeten vor Zahnb\u00fcrsten auf &hellip; <a href=\"https:\/\/chooseteethcare.com\/de\/produkt\/bambus-zahnbuerste\/\">Continued<\/a><\/p>\n","protected":false},"featured_media":3258,"comment_status":"open","ping_status":"closed","template":"","meta":{"_acf_changed":false},"product_brand":[],"product_cat":[106,84],"product_tag":[],"class_list":{"0":"post-3080","1":"product","2":"type-product","3":"status-publish","4":"has-post-thumbnail","6":"product_cat-keine-kategorie","7":"product_cat-im-archiv-verstecken","8":"product_shipping_class-kostenloser-versand","10":"first","11":"instock","12":"shipping-taxable","13":"purchasable","14":"product-type-simple"},"bundled_by":[],"bundle_stock_status":"instock","bundle_stock_quantity":null,"bundle_virtual":false,"bundle_layout":"","bundle_add_to_cart_form_location":"","bundle_editable_in_cart":false,"bundle_sold_individually_context":"","bundle_item_grouping":"","bundle_min_size":"","bundle_max_size":"","bundle_price":[],"bundled_items":[],"bundle_sell_ids":[],"acf":[],"yoast_head":"<!-- This site is optimized with the Yoast SEO plugin v26.4 - https:\/\/yoast.com\/wordpress\/plugins\/seo\/ -->\n<title>Bambus Zahnb\u00fcrste - CHOOSE!\u2122<\/title>\n<meta name=\"robots\" content=\"index, follow, max-snippet:-1, max-image-preview:large, max-video-preview:-1\" \/>\n<link rel=\"canonical\" href=\"https:\/\/chooseteethcare.com\/de\/produkt\/bambus-zahnbuerste\/\" \/>\n<meta property=\"og:locale\" content=\"de_DE\" \/>\n<meta property=\"og:type\" content=\"article\" \/>\n<meta property=\"og:title\" content=\"Bambus Zahnb\u00fcrste - CHOOSE!\u2122\" \/>\n<meta property=\"og:description\" content=\"Entscheiden Sie sich f\u00fcr den separaten Kauf unserer Bambuszahnb\u00fcrste, bei der die B\u00fcrste ausgetauscht werden kann. Und putzen Sie Ihre Z\u00e4hne auf umweltfreundliche und soziale Weise. Mit Choose! Wir halten Ihre Z\u00e4hne gesund, die Ozeane sauber und tragen zur Zahnpflege f\u00fcr benachteiligte Kinder in Kenia bei. Bewahren Sie den Plastikabfall des Planeten vor Zahnb\u00fcrsten auf &hellip; Continued\" \/>\n<meta property=\"og:url\" content=\"https:\/\/chooseteethcare.com\/de\/produkt\/bambus-zahnbuerste\/\" \/>\n<meta property=\"og:site_name\" content=\"CHOOSE!\u2122\" \/>\n<meta property=\"article:modified_time\" content=\"2022-01-19T13:03:50+00:00\" \/>\n<meta property=\"og:image\" content=\"https:\/\/chooseteethcare.com\/wp-content\/uploads\/2020\/09\/Brush-two.png\" \/>\n\t<meta property=\"og:image:width\" content=\"983\" \/>\n\t<meta property=\"og:image:height\" content=\"983\" \/>\n\t<meta property=\"og:image:type\" content=\"image\/png\" \/>\n<meta name=\"twitter:card\" content=\"summary_large_image\" \/>\n<meta name=\"twitter:label1\" content=\"Gesch\u00e4tzte Lesezeit\" \/>\n\t<meta name=\"twitter:data1\" content=\"1\u00a0Minute\" \/>\n<script type=\"application\/ld+json\" class=\"yoast-schema-graph\">{\"@context\":\"https:\/\/schema.org\",\"@graph\":[{\"@type\":\"WebPage\",\"@id\":\"https:\/\/chooseteethcare.com\/de\/produkt\/bambus-zahnbuerste\/\",\"url\":\"https:\/\/chooseteethcare.com\/de\/produkt\/bambus-zahnbuerste\/\",\"name\":\"Bambus Zahnb\u00fcrste - CHOOSE!\u2122\",\"isPartOf\":{\"@id\":\"https:\/\/chooseteethcare.com\/de\/#website\"},\"primaryImageOfPage\":{\"@id\":\"https:\/\/chooseteethcare.com\/de\/produkt\/bambus-zahnbuerste\/#primaryimage\"},\"image\":{\"@id\":\"https:\/\/chooseteethcare.com\/de\/produkt\/bambus-zahnbuerste\/#primaryimage\"},\"thumbnailUrl\":\"https:\/\/chooseteethcare.com\/wp-content\/uploads\/2020\/09\/Brush-two.png\",\"datePublished\":\"2020-09-07T10:11:33+00:00\",\"dateModified\":\"2022-01-19T13:03:50+00:00\",\"breadcrumb\":{\"@id\":\"https:\/\/chooseteethcare.com\/de\/produkt\/bambus-zahnbuerste\/#breadcrumb\"},\"inLanguage\":\"de\",\"potentialAction\":[{\"@type\":\"ReadAction\",\"target\":[\"https:\/\/chooseteethcare.com\/de\/produkt\/bambus-zahnbuerste\/\"]}]},{\"@type\":\"ImageObject\",\"inLanguage\":\"de\",\"@id\":\"https:\/\/chooseteethcare.com\/de\/produkt\/bambus-zahnbuerste\/#primaryimage\",\"url\":\"https:\/\/chooseteethcare.com\/wp-content\/uploads\/2020\/09\/Brush-two.png\",\"contentUrl\":\"https:\/\/chooseteethcare.com\/wp-content\/uploads\/2020\/09\/Brush-two.png\",\"width\":983,\"height\":983,\"caption\":\"Bambus Zahnb\u00fcrste\"},{\"@type\":\"BreadcrumbList\",\"@id\":\"https:\/\/chooseteethcare.com\/de\/produkt\/bambus-zahnbuerste\/#breadcrumb\",\"itemListElement\":[{\"@type\":\"ListItem\",\"position\":1,\"name\":\"Home\",\"item\":\"https:\/\/chooseteethcare.com\/de\/\"},{\"@type\":\"ListItem\",\"position\":2,\"name\":\"Produkte\",\"item\":\"https:\/\/chooseteethcare.com\/de\/shop\/\"},{\"@type\":\"ListItem\",\"position\":3,\"name\":\"Bambus Zahnb\u00fcrste\"}]},{\"@type\":\"WebSite\",\"@id\":\"https:\/\/chooseteethcare.com\/de\/#website\",\"url\":\"https:\/\/chooseteethcare.com\/de\/\",\"name\":\"CHOOSE!\u2122\",\"description\":\"Get CHOOSE Paste - Excellent Tube-Free Toothpaste\",\"potentialAction\":[{\"@type\":\"SearchAction\",\"target\":{\"@type\":\"EntryPoint\",\"urlTemplate\":\"https:\/\/chooseteethcare.com\/de\/?s={search_term_string}\"},\"query-input\":{\"@type\":\"PropertyValueSpecification\",\"valueRequired\":true,\"valueName\":\"search_term_string\"}}],\"inLanguage\":\"de\"}]}<\/script>\n<!-- \/ Yoast SEO plugin. -->","yoast_head_json":{"title":"Bambus Zahnb\u00fcrste - CHOOSE!\u2122","robots":{"index":"index","follow":"follow","max-snippet":"max-snippet:-1","max-image-preview":"max-image-preview:large","max-video-preview":"max-video-preview:-1"},"canonical":"https:\/\/chooseteethcare.com\/de\/produkt\/bambus-zahnbuerste\/","og_locale":"de_DE","og_type":"article","og_title":"Bambus Zahnb\u00fcrste - CHOOSE!\u2122","og_description":"Entscheiden Sie sich f\u00fcr den separaten Kauf unserer Bambuszahnb\u00fcrste, bei der die B\u00fcrste ausgetauscht werden kann. Und putzen Sie Ihre Z\u00e4hne auf umweltfreundliche und soziale Weise. Mit Choose! Wir halten Ihre Z\u00e4hne gesund, die Ozeane sauber und tragen zur Zahnpflege f\u00fcr benachteiligte Kinder in Kenia bei. Bewahren Sie den Plastikabfall des Planeten vor Zahnb\u00fcrsten auf &hellip; Continued","og_url":"https:\/\/chooseteethcare.com\/de\/produkt\/bambus-zahnbuerste\/","og_site_name":"CHOOSE!\u2122","article_modified_time":"2022-01-19T13:03:50+00:00","og_image":[{"width":983,"height":983,"url":"https:\/\/chooseteethcare.com\/wp-content\/uploads\/2020\/09\/Brush-two.png","type":"image\/png"}],"twitter_card":"summary_large_image","twitter_misc":{"Gesch\u00e4tzte Lesezeit":"1\u00a0Minute"},"schema":{"@context":"https:\/\/schema.org","@graph":[{"@type":"WebPage","@id":"https:\/\/chooseteethcare.com\/de\/produkt\/bambus-zahnbuerste\/","url":"https:\/\/chooseteethcare.com\/de\/produkt\/bambus-zahnbuerste\/","name":"Bambus Zahnb\u00fcrste - CHOOSE!\u2122","isPartOf":{"@id":"https:\/\/chooseteethcare.com\/de\/#website"},"primaryImageOfPage":{"@id":"https:\/\/chooseteethcare.com\/de\/produkt\/bambus-zahnbuerste\/#primaryimage"},"image":{"@id":"https:\/\/chooseteethcare.com\/de\/produkt\/bambus-zahnbuerste\/#primaryimage"},"thumbnailUrl":"https:\/\/chooseteethcare.com\/wp-content\/uploads\/2020\/09\/Brush-two.png","datePublished":"2020-09-07T10:11:33+00:00","dateModified":"2022-01-19T13:03:50+00:00","breadcrumb":{"@id":"https:\/\/chooseteethcare.com\/de\/produkt\/bambus-zahnbuerste\/#breadcrumb"},"inLanguage":"de","potentialAction":[{"@type":"ReadAction","target":["https:\/\/chooseteethcare.com\/de\/produkt\/bambus-zahnbuerste\/"]}]},{"@type":"ImageObject","inLanguage":"de","@id":"https:\/\/chooseteethcare.com\/de\/produkt\/bambus-zahnbuerste\/#primaryimage","url":"https:\/\/chooseteethcare.com\/wp-content\/uploads\/2020\/09\/Brush-two.png","contentUrl":"https:\/\/chooseteethcare.com\/wp-content\/uploads\/2020\/09\/Brush-two.png","width":983,"height":983,"caption":"Bambus Zahnb\u00fcrste"},{"@type":"BreadcrumbList","@id":"https:\/\/chooseteethcare.com\/de\/produkt\/bambus-zahnbuerste\/#breadcrumb","itemListElement":[{"@type":"ListItem","position":1,"name":"Home","item":"https:\/\/chooseteethcare.com\/de\/"},{"@type":"ListItem","position":2,"name":"Produkte","item":"https:\/\/chooseteethcare.com\/de\/shop\/"},{"@type":"ListItem","position":3,"name":"Bambus Zahnb\u00fcrste"}]},{"@type":"WebSite","@id":"https:\/\/chooseteethcare.com\/de\/#website","url":"https:\/\/chooseteethcare.com\/de\/","name":"CHOOSE!\u2122","description":"Get CHOOSE Paste - Excellent Tube-Free Toothpaste","potentialAction":[{"@type":"SearchAction","target":{"@type":"EntryPoint","urlTemplate":"https:\/\/chooseteethcare.com\/de\/?s={search_term_string}"},"query-input":{"@type":"PropertyValueSpecification","valueRequired":true,"valueName":"search_term_string"}}],"inLanguage":"de"}]}},"_links":{"self":[{"href":"https:\/\/chooseteethcare.com\/de\/wp-json\/wp\/v2\/product\/3080","targetHints":{"allow":["GET"]}}],"collection":[{"href":"https:\/\/chooseteethcare.com\/de\/wp-json\/wp\/v2\/product"}],"about":[{"href":"https:\/\/chooseteethcare.com\/de\/wp-json\/wp\/v2\/types\/product"}],"replies":[{"embeddable":true,"href":"https:\/\/chooseteethcare.com\/de\/wp-json\/wp\/v2\/comments?post=3080"}],"version-history":[{"count":0,"href":"https:\/\/chooseteethcare.com\/de\/wp-json\/wp\/v2\/product\/3080\/revisions"}],"wp:featuredmedia":[{"embeddable":true,"href":"https:\/\/chooseteethcare.com\/de\/wp-json\/wp\/v2\/media\/3258"}],"wp:attachment":[{"href":"https:\/\/chooseteethcare.com\/de\/wp-json\/wp\/v2\/media?parent=3080"}],"wp:term":[{"taxonomy":"product_brand","embeddable":true,"href":"https:\/\/chooseteethcare.com\/de\/wp-json\/wp\/v2\/product_brand?post=3080"},{"taxonomy":"product_cat","embeddable":true,"href":"https:\/\/chooseteethcare.com\/de\/wp-json\/wp\/v2\/product_cat?post=3080"},{"taxonomy":"product_tag","embeddable":true,"href":"https:\/\/chooseteethcare.com\/de\/wp-json\/wp\/v2\/product_tag?post=3080"}],"curies":[{"name":"wp","href":"https:\/\/api.w.org\/{rel}","templated":true}]}}