{"id":3115,"date":"2020-09-07T09:58:22","date_gmt":"2020-09-07T09:58:22","guid":{"rendered":"https:\/\/chooseteethcare.com\/product\/chooserefill-plan-2\/"},"modified":"2026-04-27T13:40:01","modified_gmt":"2026-04-27T13:40:01","slug":"chooserefill","status":"publish","type":"product","link":"https:\/\/chooseteethcare.com\/de\/produkt\/chooserefill\/","title":{"rendered":"CHOOSE Refill Plan"},"content":{"rendered":"<p class=\"txtp\"><strong>Erhalten Sie bis zu 45% Rabatt und werfen Sie den Plastikschlauch endg\u00fcltig aus Ihrem Badezimmer. Immer im Haus vorr\u00e4tig, automatisches Nachf\u00fcllen auf Ihrer Fu\u00dfmatte. <\/strong><\/p>\r\n<p class=\"txtp\"><strong><em>\u2013 Kostenlose Lieferung nach Hause + pausieren oder stoppen, wann immer Sie m\u00f6chten \u2013<\/em><\/strong><\/p>\r\n<p class=\"txtp\">Erhalten Sie zu jedem ausgew\u00e4hlten Zeitraum einen Vorrat an Zahnpasta-Tabs und einen kostenlosen Bamboo Refill Pot (Erstlieferung) in Ihrer Mailbox.<\/p>\r\n<p class=\"txtp\"><strong>Option 1 \u2013 Refill 3 Monate.<\/strong> Alle 3 Monate ein 3-Monatspaket zum Z\u00e4hneputzen zweimal t\u00e4glich (2x 90 Zahnpasta-Tabletten). Rechnungsstellung &amp; Lieferung pro 3 Monate.<\/p>\r\n<p class=\"txtp\"><strong>Option 2 \u2013 Refill 12 Monate.<\/strong> Alle 12 Monate eine 12-Monats-Packung zum Z\u00e4hneputzen zweimal t\u00e4glich (8x 90 Zahnpasta-Tabletten). Rechnungsstellung &amp; Lieferung pro 12 Monate.<\/p>\r\n\r\n<ul>\r\n \t<li><strong>Sparen Sie Plastikm\u00fcll.<\/strong>\u00a0Rette den Planeten um bis zu 12 Plastiktuben pro Jahr und vermeide bis zu 20% Zahnpastaabfall pro Tube.\u00a0<em>Das ist besser f\u00fcr unsere Meerestiere und die Umwelt!<\/em><\/li>\r\n \t<li><strong>Ausgezeichnete Qualit\u00e4t.<\/strong>\u00a0Unsere Zahnpastatabletten werden unabh\u00e4ngig getestet und von Zahn\u00e4rzten mit verantwortungsvollen Inhaltsstoffen hergestellt.\u00a0<em>Habe gesunde und strahlende Z\u00e4hne!<\/em><\/li>\r\n \t<li><strong>Giveback.<\/strong>\u00a0Trage zur zahn\u00e4rztlichen Versorgung unterprivilegierter Kinder in Kenia bei; 5% unserer Gewinne werden an die Dutch Dental Care Foundation (ANBI Status) gespendet.\u00a0<em>Lass diese Kinder wieder mit gesunden Z\u00e4hnen l\u00e4cheln!<\/em><\/li>\r\n<\/ul>","protected":false},"excerpt":{"rendered":"<p>Erhalten Sie bis zu 45% Rabatt und werfen Sie den Plastikschlauch endg\u00fcltig aus Ihrem Badezimmer. Immer im Haus vorr\u00e4tig, automatisches Nachf\u00fcllen auf Ihrer Fu\u00dfmatte. \u2013 Kostenlose Lieferung nach Hause + pausieren oder stoppen, wann immer Sie m\u00f6chten \u2013 Erhalten Sie zu jedem ausgew\u00e4hlten Zeitraum einen Vorrat an Zahnpasta-Tabs und einen kostenlosen Bamboo Refill Pot (Erstlieferung) &hellip; <a href=\"https:\/\/chooseteethcare.com\/de\/produkt\/chooserefill\/\">Continued<\/a><\/p>\n","protected":false},"featured_media":22566,"comment_status":"open","ping_status":"closed","template":"","meta":{"_acf_changed":false},"product_brand":[],"product_cat":[144],"product_tag":[],"class_list":{"0":"post-3115","1":"product","2":"type-product","3":"status-publish","4":"has-post-thumbnail","6":"product_cat-chooserefill-plan-de","7":"product_shipping_class-kostenloser-versand","9":"first","10":"instock","11":"shipping-taxable","12":"purchasable","13":"product-type-subscription"},"bundled_by":[],"bundle_stock_status":"instock","bundle_stock_quantity":null,"bundle_virtual":false,"bundle_layout":"","bundle_add_to_cart_form_location":"","bundle_editable_in_cart":false,"bundle_sold_individually_context":"","bundle_item_grouping":"","bundle_min_size":"","bundle_max_size":"","bundle_price":[],"bundled_items":[],"bundle_sell_ids":[],"acf":[],"yoast_head":"<!-- This site is optimized with the Yoast SEO plugin v26.4 - https:\/\/yoast.com\/wordpress\/plugins\/seo\/ -->\n<title>CHOOSE Refill Plan - CHOOSE!\u2122<\/title>\n<meta name=\"robots\" content=\"noindex, follow\" \/>\n<meta property=\"og:locale\" content=\"de_DE\" \/>\n<meta property=\"og:type\" content=\"article\" \/>\n<meta property=\"og:title\" content=\"CHOOSE Refill Plan - CHOOSE!\u2122\" \/>\n<meta property=\"og:description\" content=\"Erhalten Sie bis zu 45% Rabatt und werfen Sie den Plastikschlauch endg\u00fcltig aus Ihrem Badezimmer. Immer im Haus vorr\u00e4tig, automatisches Nachf\u00fcllen auf Ihrer Fu\u00dfmatte. \u2013 Kostenlose Lieferung nach Hause + pausieren oder stoppen, wann immer Sie m\u00f6chten \u2013 Erhalten Sie zu jedem ausgew\u00e4hlten Zeitraum einen Vorrat an Zahnpasta-Tabs und einen kostenlosen Bamboo Refill Pot (Erstlieferung) &hellip; Continued\" \/>\n<meta property=\"og:url\" content=\"https:\/\/chooseteethcare.com\/de\/produkt\/chooserefill\/\" \/>\n<meta property=\"og:site_name\" content=\"CHOOSE!\u2122\" \/>\n<meta property=\"article:modified_time\" content=\"2026-04-27T13:40:01+00:00\" \/>\n<meta property=\"og:image\" content=\"https:\/\/chooseteethcare.com\/wp-content\/uploads\/2022\/07\/Transparant-3-Maandpakket.png\" \/>\n\t<meta property=\"og:image:width\" content=\"1080\" \/>\n\t<meta property=\"og:image:height\" content=\"1080\" \/>\n\t<meta property=\"og:image:type\" content=\"image\/png\" \/>\n<meta name=\"twitter:card\" content=\"summary_large_image\" \/>\n<meta name=\"twitter:label1\" content=\"Gesch\u00e4tzte Lesezeit\" \/>\n\t<meta name=\"twitter:data1\" content=\"3\u00a0Minuten\" \/>\n<script type=\"application\/ld+json\" class=\"yoast-schema-graph\">{\"@context\":\"https:\/\/schema.org\",\"@graph\":[{\"@type\":\"WebPage\",\"@id\":\"https:\/\/chooseteethcare.com\/de\/produkt\/chooserefill\/\",\"url\":\"https:\/\/chooseteethcare.com\/de\/produkt\/chooserefill\/\",\"name\":\"CHOOSE Refill Plan - CHOOSE!\u2122\",\"isPartOf\":{\"@id\":\"https:\/\/chooseteethcare.com\/de\/#website\"},\"primaryImageOfPage\":{\"@id\":\"https:\/\/chooseteethcare.com\/de\/produkt\/chooserefill\/#primaryimage\"},\"image\":{\"@id\":\"https:\/\/chooseteethcare.com\/de\/produkt\/chooserefill\/#primaryimage\"},\"thumbnailUrl\":\"https:\/\/chooseteethcare.com\/wp-content\/uploads\/2022\/07\/Transparant-3-Maandpakket.png\",\"datePublished\":\"2020-09-07T09:58:22+00:00\",\"dateModified\":\"2026-04-27T13:40:01+00:00\",\"breadcrumb\":{\"@id\":\"https:\/\/chooseteethcare.com\/de\/produkt\/chooserefill\/#breadcrumb\"},\"inLanguage\":\"de\",\"potentialAction\":[{\"@type\":\"ReadAction\",\"target\":[\"https:\/\/chooseteethcare.com\/de\/produkt\/chooserefill\/\"]}]},{\"@type\":\"ImageObject\",\"inLanguage\":\"de\",\"@id\":\"https:\/\/chooseteethcare.com\/de\/produkt\/chooserefill\/#primaryimage\",\"url\":\"https:\/\/chooseteethcare.com\/wp-content\/uploads\/2022\/07\/Transparant-3-Maandpakket.png\",\"contentUrl\":\"https:\/\/chooseteethcare.com\/wp-content\/uploads\/2022\/07\/Transparant-3-Maandpakket.png\",\"width\":1080,\"height\":1080,\"caption\":\"CHOOSE 3-Maandpakket Tandpasta Tabletten\"},{\"@type\":\"BreadcrumbList\",\"@id\":\"https:\/\/chooseteethcare.com\/de\/produkt\/chooserefill\/#breadcrumb\",\"itemListElement\":[{\"@type\":\"ListItem\",\"position\":1,\"name\":\"Home\",\"item\":\"https:\/\/chooseteethcare.com\/de\/\"},{\"@type\":\"ListItem\",\"position\":2,\"name\":\"Produkte\",\"item\":\"https:\/\/chooseteethcare.com\/de\/shop\/\"},{\"@type\":\"ListItem\",\"position\":3,\"name\":\"CHOOSE Refill Plan\"}]},{\"@type\":\"WebSite\",\"@id\":\"https:\/\/chooseteethcare.com\/de\/#website\",\"url\":\"https:\/\/chooseteethcare.com\/de\/\",\"name\":\"CHOOSE!\u2122\",\"description\":\"Get CHOOSE Paste - Excellent Tube-Free Toothpaste\",\"potentialAction\":[{\"@type\":\"SearchAction\",\"target\":{\"@type\":\"EntryPoint\",\"urlTemplate\":\"https:\/\/chooseteethcare.com\/de\/?s={search_term_string}\"},\"query-input\":{\"@type\":\"PropertyValueSpecification\",\"valueRequired\":true,\"valueName\":\"search_term_string\"}}],\"inLanguage\":\"de\"}]}<\/script>\n<!-- \/ Yoast SEO plugin. -->","yoast_head_json":{"title":"CHOOSE Refill Plan - CHOOSE!\u2122","robots":{"index":"noindex","follow":"follow"},"og_locale":"de_DE","og_type":"article","og_title":"CHOOSE Refill Plan - CHOOSE!\u2122","og_description":"Erhalten Sie bis zu 45% Rabatt und werfen Sie den Plastikschlauch endg\u00fcltig aus Ihrem Badezimmer. Immer im Haus vorr\u00e4tig, automatisches Nachf\u00fcllen auf Ihrer Fu\u00dfmatte. \u2013 Kostenlose Lieferung nach Hause + pausieren oder stoppen, wann immer Sie m\u00f6chten \u2013 Erhalten Sie zu jedem ausgew\u00e4hlten Zeitraum einen Vorrat an Zahnpasta-Tabs und einen kostenlosen Bamboo Refill Pot (Erstlieferung) &hellip; Continued","og_url":"https:\/\/chooseteethcare.com\/de\/produkt\/chooserefill\/","og_site_name":"CHOOSE!\u2122","article_modified_time":"2026-04-27T13:40:01+00:00","og_image":[{"width":1080,"height":1080,"url":"https:\/\/chooseteethcare.com\/wp-content\/uploads\/2022\/07\/Transparant-3-Maandpakket.png","type":"image\/png"}],"twitter_card":"summary_large_image","twitter_misc":{"Gesch\u00e4tzte Lesezeit":"3\u00a0Minuten"},"schema":{"@context":"https:\/\/schema.org","@graph":[{"@type":"WebPage","@id":"https:\/\/chooseteethcare.com\/de\/produkt\/chooserefill\/","url":"https:\/\/chooseteethcare.com\/de\/produkt\/chooserefill\/","name":"CHOOSE Refill Plan - CHOOSE!\u2122","isPartOf":{"@id":"https:\/\/chooseteethcare.com\/de\/#website"},"primaryImageOfPage":{"@id":"https:\/\/chooseteethcare.com\/de\/produkt\/chooserefill\/#primaryimage"},"image":{"@id":"https:\/\/chooseteethcare.com\/de\/produkt\/chooserefill\/#primaryimage"},"thumbnailUrl":"https:\/\/chooseteethcare.com\/wp-content\/uploads\/2022\/07\/Transparant-3-Maandpakket.png","datePublished":"2020-09-07T09:58:22+00:00","dateModified":"2026-04-27T13:40:01+00:00","breadcrumb":{"@id":"https:\/\/chooseteethcare.com\/de\/produkt\/chooserefill\/#breadcrumb"},"inLanguage":"de","potentialAction":[{"@type":"ReadAction","target":["https:\/\/chooseteethcare.com\/de\/produkt\/chooserefill\/"]}]},{"@type":"ImageObject","inLanguage":"de","@id":"https:\/\/chooseteethcare.com\/de\/produkt\/chooserefill\/#primaryimage","url":"https:\/\/chooseteethcare.com\/wp-content\/uploads\/2022\/07\/Transparant-3-Maandpakket.png","contentUrl":"https:\/\/chooseteethcare.com\/wp-content\/uploads\/2022\/07\/Transparant-3-Maandpakket.png","width":1080,"height":1080,"caption":"CHOOSE 3-Maandpakket Tandpasta Tabletten"},{"@type":"BreadcrumbList","@id":"https:\/\/chooseteethcare.com\/de\/produkt\/chooserefill\/#breadcrumb","itemListElement":[{"@type":"ListItem","position":1,"name":"Home","item":"https:\/\/chooseteethcare.com\/de\/"},{"@type":"ListItem","position":2,"name":"Produkte","item":"https:\/\/chooseteethcare.com\/de\/shop\/"},{"@type":"ListItem","position":3,"name":"CHOOSE Refill Plan"}]},{"@type":"WebSite","@id":"https:\/\/chooseteethcare.com\/de\/#website","url":"https:\/\/chooseteethcare.com\/de\/","name":"CHOOSE!\u2122","description":"Get CHOOSE Paste - Excellent Tube-Free Toothpaste","potentialAction":[{"@type":"SearchAction","target":{"@type":"EntryPoint","urlTemplate":"https:\/\/chooseteethcare.com\/de\/?s={search_term_string}"},"query-input":{"@type":"PropertyValueSpecification","valueRequired":true,"valueName":"search_term_string"}}],"inLanguage":"de"}]}},"_links":{"self":[{"href":"https:\/\/chooseteethcare.com\/de\/wp-json\/wp\/v2\/product\/3115","targetHints":{"allow":["GET"]}}],"collection":[{"href":"https:\/\/chooseteethcare.com\/de\/wp-json\/wp\/v2\/product"}],"about":[{"href":"https:\/\/chooseteethcare.com\/de\/wp-json\/wp\/v2\/types\/product"}],"replies":[{"embeddable":true,"href":"https:\/\/chooseteethcare.com\/de\/wp-json\/wp\/v2\/comments?post=3115"}],"version-history":[{"count":1,"href":"https:\/\/chooseteethcare.com\/de\/wp-json\/wp\/v2\/product\/3115\/revisions"}],"predecessor-version":[{"id":22638,"href":"https:\/\/chooseteethcare.com\/de\/wp-json\/wp\/v2\/product\/3115\/revisions\/22638"}],"wp:featuredmedia":[{"embeddable":true,"href":"https:\/\/chooseteethcare.com\/de\/wp-json\/wp\/v2\/media\/22566"}],"wp:attachment":[{"href":"https:\/\/chooseteethcare.com\/de\/wp-json\/wp\/v2\/media?parent=3115"}],"wp:term":[{"taxonomy":"product_brand","embeddable":true,"href":"https:\/\/chooseteethcare.com\/de\/wp-json\/wp\/v2\/product_brand?post=3115"},{"taxonomy":"product_cat","embeddable":true,"href":"https:\/\/chooseteethcare.com\/de\/wp-json\/wp\/v2\/product_cat?post=3115"},{"taxonomy":"product_tag","embeddable":true,"href":"https:\/\/chooseteethcare.com\/de\/wp-json\/wp\/v2\/product_tag?post=3115"}],"curies":[{"name":"wp","href":"https:\/\/api.w.org\/{rel}","templated":true}]}}