{"id":4909,"date":"2021-07-07T13:40:00","date_gmt":"2021-07-07T13:40:00","guid":{"rendered":"https:\/\/chooseteethcare.com\/?post_type=product&#038;p=4909"},"modified":"2026-04-27T11:26:06","modified_gmt":"2026-04-27T11:26:06","slug":"zahnpasta-tabletten-family-box","status":"publish","type":"product","link":"https:\/\/chooseteethcare.com\/de\/produkt\/zahnpasta-tabletten-family-box\/","title":{"rendered":"CHOOSE Family Box"},"content":{"rendered":"<div class=\"page\">\r\n<div class=\"section\">\r\n<div class=\"layoutArea\">\r\n<div class=\"column\">\r\n<div class=\"page\">\r\n<div class=\"section\">\r\n<div class=\"layoutArea\">\r\n<p class=\"txtp\"><strong>Starten Sie mit unserer ausgezeichneten Zahnpasta mit frischem Minzgeschmack! Kaue, putze und sp\u00fcre, wie sie zu Zahnpasta aufsch\u00e4umt, wie du es gewohnt bist, aber (mikro-)plastikfrei, 100% vegan, tierversuchsfrei und auf nachhaltig!<\/strong><\/p>\r\n<strong>Bis 2050 werden wir mehr Fische als Plastik im Meer haben!<\/strong> Jedes Jahr verschwinden 1,5 Milliarden Plastikzahnpastatuben mit 5-20% Zahnpasta-Resten im M\u00fcll und schlie\u00dflich im Meer. Die Tuben k\u00f6nnen von der Natur nicht vollst\u00e4ndig abgebaut werden. Als Folge davon treiben kleine Plastikteile (Mikroplastik) im Meer herum, die unsere Meerestiere t\u00f6ten k\u00f6nnen, wenn sie verschluckt werden&#8230;!\r\n<ul>\r\n \t<li><strong>Sparen Sie Plastikm\u00fcll.<\/strong> Rette den Planeten um bis zu 12 Plastiktuben pro Jahr und vermeide bis zu 20% Zahnpastaabfall pro Tube. <em>Das ist besser f\u00fcr unsere Meerestiere und die Umwelt!<\/em><\/li>\r\n \t<li><strong>Ausgezeichnete Qualit\u00e4t.<\/strong> Unsere Zahnpastatabletten werden unabh\u00e4ngig getestet und von Zahn\u00e4rzten mit verantwortungsvollen Inhaltsstoffen hergestellt. <em>Habe gesunde und strahlende Z\u00e4hne!<\/em><\/li>\r\n \t<li><strong>Giveback.<\/strong> Trage zur zahn\u00e4rztlichen Versorgung unterprivilegierter Kinder in Kenia bei; 5% unserer Gewinne werden an die Dutch Dental Care Foundation (ANBI Status) gespendet. <em>Lass diese Kinder wieder mit gesunden Z\u00e4hnen l\u00e4cheln!<\/em><\/li>\r\n<\/ul>\r\n<p style=\"text-align: center;\"><strong><em>&#8211; <\/em>Erstellt von Zahn\u00e4rzten &#8211; <\/strong><\/p>\r\n<p style=\"text-align: center;\"><a class=\"button button-aqua button-shortcode ajax-cart\" href=\"https:\/\/chooseteethcare.com\/winkelmand\/?add-to-cart=4909 \">In den Einkaufswagen - 18,95<\/a><\/p>\r\n<p style=\"text-align: center;\">(Das sind \u20ac1,58 pro Woche)<\/p>\r\n\r\n<\/div>\r\n<\/div>\r\n<\/div>\r\n<\/div>\r\n<\/div>\r\n<\/div>\r\n<\/div>","protected":false},"excerpt":{"rendered":"<p>Starten Sie mit unserer ausgezeichneten Zahnpasta mit frischem Minzgeschmack! Kaue, putze und sp\u00fcre, wie sie zu Zahnpasta aufsch\u00e4umt, wie du es gewohnt bist, aber (mikro-)plastikfrei, 100% vegan, tierversuchsfrei und auf nachhaltig! Bis 2050 werden wir mehr Fische als Plastik im Meer haben! Jedes Jahr verschwinden 1,5 Milliarden Plastikzahnpastatuben mit 5-20% Zahnpasta-Resten im M\u00fcll und schlie\u00dflich &hellip; <a href=\"https:\/\/chooseteethcare.com\/de\/produkt\/zahnpasta-tabletten-family-box\/\">Continued<\/a><\/p>\n","protected":false},"featured_media":22515,"comment_status":"open","ping_status":"closed","template":"","meta":{"_acf_changed":false},"product_brand":[],"product_cat":[212,194,85,106],"product_tag":[121,199,111,122,200,112,123,201,113,124,114,125,213,115,116,117,195,118,196,119,197,109,120,198,110],"class_list":{"0":"post-4909","1":"product","2":"type-product","3":"status-publish","4":"has-post-thumbnail","6":"product_cat-family-box-de","7":"product_cat-180-tabs-de","8":"product_cat-produkt","9":"product_cat-keine-kategorie","10":"product_tag-zahnpasta-ohne-plastik","11":"product_tag-plastikfrei","12":"product_tag-dauerhafte-zahnpasta","13":"product_tag-naturliche-zahnpasta","14":"product_tag-beste-zahnpastatabletten","15":"product_tag-okologische-zahnpasta","16":"product_tag-kunststofffreie-zahnpasta","17":"product_tag-von-zahnarzten-gemacht","18":"product_tag-wahlen-sie-zahnpflege","19":"product_tag-zahnpastapillen","20":"product_tag-bio-zahnpasta","21":"product_tag-zahnburstentabletten","22":"product_tag-family-box-de","23":"product_tag-oko-tandpasta","24":"product_tag-tandpasta-null-abfall","25":"product_tag-bio-zahnpasta-de","26":"product_tag-choose-paste-de","27":"product_tag-vegane-tandpasta","28":"product_tag-zahnpasta-mit-fluorid","29":"product_tag-zahnpastatabletten-de","30":"product_tag-zahnpastatablette","31":"product_tag-zahnpastatabletten","32":"product_tag-umweltfreundliche-zahnpasta","33":"product_tag-ohne-mikroplastik","34":"product_tag-wahlen-sie-tandpasta","35":"product_shipping_class-standardversand","37":"first","38":"instock","39":"shipping-taxable","40":"purchasable","41":"product-type-simple"},"bundled_by":[],"bundle_stock_status":"instock","bundle_stock_quantity":null,"bundle_virtual":false,"bundle_layout":"","bundle_add_to_cart_form_location":"","bundle_editable_in_cart":false,"bundle_sold_individually_context":"","bundle_item_grouping":"","bundle_min_size":"","bundle_max_size":"","bundle_price":[],"bundled_items":[],"bundle_sell_ids":[],"acf":[],"yoast_head":"<!-- This site is optimized with the Yoast SEO plugin v26.4 - https:\/\/yoast.com\/wordpress\/plugins\/seo\/ -->\n<title>CHOOSE Family Box - Zero Waste CHOOSE Paste<\/title>\n<meta name=\"description\" content=\"Ausgezeichnete Zahnpasta aus einer Tablette! Packung mit Bambus Aufbewahrungsbox und 180 Zahnputztabletten. Vermeiden Sie Plastikm\u00fcll aus Tuben und tragen Sie zur Gesundheit der Menschen bei!\" \/>\n<meta name=\"robots\" content=\"index, follow, max-snippet:-1, max-image-preview:large, max-video-preview:-1\" \/>\n<link rel=\"canonical\" href=\"https:\/\/chooseteethcare.com\/de\/produkt\/zahnpasta-tabletten-family-box\/\" \/>\n<meta property=\"og:locale\" content=\"de_DE\" \/>\n<meta property=\"og:type\" content=\"article\" \/>\n<meta property=\"og:title\" content=\"CHOOSE Family Box - Zero Waste CHOOSE Paste\" \/>\n<meta property=\"og:description\" content=\"Ausgezeichnete Zahnpasta aus einer Tablette! Packung mit Bambus Aufbewahrungsbox und 180 Zahnputztabletten. Vermeiden Sie Plastikm\u00fcll aus Tuben und tragen Sie zur Gesundheit der Menschen bei!\" \/>\n<meta property=\"og:url\" content=\"https:\/\/chooseteethcare.com\/de\/produkt\/zahnpasta-tabletten-family-box\/\" \/>\n<meta property=\"og:site_name\" content=\"CHOOSE!\u2122\" \/>\n<meta property=\"article:modified_time\" content=\"2026-04-27T11:26:06+00:00\" \/>\n<meta property=\"og:image\" content=\"https:\/\/chooseteethcare.com\/wp-content\/uploads\/2026\/04\/Transparant-180-Toothpaste-Tablets-1.png\" \/>\n\t<meta property=\"og:image:width\" content=\"1080\" \/>\n\t<meta property=\"og:image:height\" content=\"1080\" \/>\n\t<meta property=\"og:image:type\" content=\"image\/png\" \/>\n<meta name=\"twitter:card\" content=\"summary_large_image\" \/>\n<meta name=\"twitter:label1\" content=\"Gesch\u00e4tzte Lesezeit\" \/>\n\t<meta name=\"twitter:data1\" content=\"3\u00a0Minuten\" \/>\n<script type=\"application\/ld+json\" class=\"yoast-schema-graph\">{\"@context\":\"https:\/\/schema.org\",\"@graph\":[{\"@type\":\"WebPage\",\"@id\":\"https:\/\/chooseteethcare.com\/de\/produkt\/zahnpasta-tabletten-family-box\/\",\"url\":\"https:\/\/chooseteethcare.com\/de\/produkt\/zahnpasta-tabletten-family-box\/\",\"name\":\"CHOOSE Family Box - Zero Waste CHOOSE Paste\",\"isPartOf\":{\"@id\":\"https:\/\/chooseteethcare.com\/de\/#website\"},\"primaryImageOfPage\":{\"@id\":\"https:\/\/chooseteethcare.com\/de\/produkt\/zahnpasta-tabletten-family-box\/#primaryimage\"},\"image\":{\"@id\":\"https:\/\/chooseteethcare.com\/de\/produkt\/zahnpasta-tabletten-family-box\/#primaryimage\"},\"thumbnailUrl\":\"https:\/\/chooseteethcare.com\/wp-content\/uploads\/2026\/04\/Transparant-180-Toothpaste-Tablets-1.png\",\"datePublished\":\"2021-07-07T13:40:00+00:00\",\"dateModified\":\"2026-04-27T11:26:06+00:00\",\"description\":\"Ausgezeichnete Zahnpasta aus einer Tablette! Packung mit Bambus Aufbewahrungsbox und 180 Zahnputztabletten. Vermeiden Sie Plastikm\u00fcll aus Tuben und tragen Sie zur Gesundheit der Menschen bei!\",\"breadcrumb\":{\"@id\":\"https:\/\/chooseteethcare.com\/de\/produkt\/zahnpasta-tabletten-family-box\/#breadcrumb\"},\"inLanguage\":\"de\",\"potentialAction\":[{\"@type\":\"ReadAction\",\"target\":[\"https:\/\/chooseteethcare.com\/de\/produkt\/zahnpasta-tabletten-family-box\/\"]}]},{\"@type\":\"ImageObject\",\"inLanguage\":\"de\",\"@id\":\"https:\/\/chooseteethcare.com\/de\/produkt\/zahnpasta-tabletten-family-box\/#primaryimage\",\"url\":\"https:\/\/chooseteethcare.com\/wp-content\/uploads\/2026\/04\/Transparant-180-Toothpaste-Tablets-1.png\",\"contentUrl\":\"https:\/\/chooseteethcare.com\/wp-content\/uploads\/2026\/04\/Transparant-180-Toothpaste-Tablets-1.png\",\"width\":1080,\"height\":1080,\"caption\":\"CHOOSE Tandpasta Tabletten\"},{\"@type\":\"BreadcrumbList\",\"@id\":\"https:\/\/chooseteethcare.com\/de\/produkt\/zahnpasta-tabletten-family-box\/#breadcrumb\",\"itemListElement\":[{\"@type\":\"ListItem\",\"position\":1,\"name\":\"Home\",\"item\":\"https:\/\/chooseteethcare.com\/de\/\"},{\"@type\":\"ListItem\",\"position\":2,\"name\":\"Produkte\",\"item\":\"https:\/\/chooseteethcare.com\/de\/shop\/\"},{\"@type\":\"ListItem\",\"position\":3,\"name\":\"CHOOSE Family Box\"}]},{\"@type\":\"WebSite\",\"@id\":\"https:\/\/chooseteethcare.com\/de\/#website\",\"url\":\"https:\/\/chooseteethcare.com\/de\/\",\"name\":\"CHOOSE!\u2122\",\"description\":\"Get CHOOSE Paste - Excellent Tube-Free Toothpaste\",\"potentialAction\":[{\"@type\":\"SearchAction\",\"target\":{\"@type\":\"EntryPoint\",\"urlTemplate\":\"https:\/\/chooseteethcare.com\/de\/?s={search_term_string}\"},\"query-input\":{\"@type\":\"PropertyValueSpecification\",\"valueRequired\":true,\"valueName\":\"search_term_string\"}}],\"inLanguage\":\"de\"}]}<\/script>\n<!-- \/ Yoast SEO plugin. -->","yoast_head_json":{"title":"CHOOSE Family Box - Zero Waste CHOOSE Paste","description":"Ausgezeichnete Zahnpasta aus einer Tablette! Packung mit Bambus Aufbewahrungsbox und 180 Zahnputztabletten. Vermeiden Sie Plastikm\u00fcll aus Tuben und tragen Sie zur Gesundheit der Menschen bei!","robots":{"index":"index","follow":"follow","max-snippet":"max-snippet:-1","max-image-preview":"max-image-preview:large","max-video-preview":"max-video-preview:-1"},"canonical":"https:\/\/chooseteethcare.com\/de\/produkt\/zahnpasta-tabletten-family-box\/","og_locale":"de_DE","og_type":"article","og_title":"CHOOSE Family Box - Zero Waste CHOOSE Paste","og_description":"Ausgezeichnete Zahnpasta aus einer Tablette! Packung mit Bambus Aufbewahrungsbox und 180 Zahnputztabletten. Vermeiden Sie Plastikm\u00fcll aus Tuben und tragen Sie zur Gesundheit der Menschen bei!","og_url":"https:\/\/chooseteethcare.com\/de\/produkt\/zahnpasta-tabletten-family-box\/","og_site_name":"CHOOSE!\u2122","article_modified_time":"2026-04-27T11:26:06+00:00","og_image":[{"width":1080,"height":1080,"url":"https:\/\/chooseteethcare.com\/wp-content\/uploads\/2026\/04\/Transparant-180-Toothpaste-Tablets-1.png","type":"image\/png"}],"twitter_card":"summary_large_image","twitter_misc":{"Gesch\u00e4tzte Lesezeit":"3\u00a0Minuten"},"schema":{"@context":"https:\/\/schema.org","@graph":[{"@type":"WebPage","@id":"https:\/\/chooseteethcare.com\/de\/produkt\/zahnpasta-tabletten-family-box\/","url":"https:\/\/chooseteethcare.com\/de\/produkt\/zahnpasta-tabletten-family-box\/","name":"CHOOSE Family Box - Zero Waste CHOOSE Paste","isPartOf":{"@id":"https:\/\/chooseteethcare.com\/de\/#website"},"primaryImageOfPage":{"@id":"https:\/\/chooseteethcare.com\/de\/produkt\/zahnpasta-tabletten-family-box\/#primaryimage"},"image":{"@id":"https:\/\/chooseteethcare.com\/de\/produkt\/zahnpasta-tabletten-family-box\/#primaryimage"},"thumbnailUrl":"https:\/\/chooseteethcare.com\/wp-content\/uploads\/2026\/04\/Transparant-180-Toothpaste-Tablets-1.png","datePublished":"2021-07-07T13:40:00+00:00","dateModified":"2026-04-27T11:26:06+00:00","description":"Ausgezeichnete Zahnpasta aus einer Tablette! Packung mit Bambus Aufbewahrungsbox und 180 Zahnputztabletten. Vermeiden Sie Plastikm\u00fcll aus Tuben und tragen Sie zur Gesundheit der Menschen bei!","breadcrumb":{"@id":"https:\/\/chooseteethcare.com\/de\/produkt\/zahnpasta-tabletten-family-box\/#breadcrumb"},"inLanguage":"de","potentialAction":[{"@type":"ReadAction","target":["https:\/\/chooseteethcare.com\/de\/produkt\/zahnpasta-tabletten-family-box\/"]}]},{"@type":"ImageObject","inLanguage":"de","@id":"https:\/\/chooseteethcare.com\/de\/produkt\/zahnpasta-tabletten-family-box\/#primaryimage","url":"https:\/\/chooseteethcare.com\/wp-content\/uploads\/2026\/04\/Transparant-180-Toothpaste-Tablets-1.png","contentUrl":"https:\/\/chooseteethcare.com\/wp-content\/uploads\/2026\/04\/Transparant-180-Toothpaste-Tablets-1.png","width":1080,"height":1080,"caption":"CHOOSE Tandpasta Tabletten"},{"@type":"BreadcrumbList","@id":"https:\/\/chooseteethcare.com\/de\/produkt\/zahnpasta-tabletten-family-box\/#breadcrumb","itemListElement":[{"@type":"ListItem","position":1,"name":"Home","item":"https:\/\/chooseteethcare.com\/de\/"},{"@type":"ListItem","position":2,"name":"Produkte","item":"https:\/\/chooseteethcare.com\/de\/shop\/"},{"@type":"ListItem","position":3,"name":"CHOOSE Family Box"}]},{"@type":"WebSite","@id":"https:\/\/chooseteethcare.com\/de\/#website","url":"https:\/\/chooseteethcare.com\/de\/","name":"CHOOSE!\u2122","description":"Get CHOOSE Paste - Excellent Tube-Free Toothpaste","potentialAction":[{"@type":"SearchAction","target":{"@type":"EntryPoint","urlTemplate":"https:\/\/chooseteethcare.com\/de\/?s={search_term_string}"},"query-input":{"@type":"PropertyValueSpecification","valueRequired":true,"valueName":"search_term_string"}}],"inLanguage":"de"}]}},"_links":{"self":[{"href":"https:\/\/chooseteethcare.com\/de\/wp-json\/wp\/v2\/product\/4909","targetHints":{"allow":["GET"]}}],"collection":[{"href":"https:\/\/chooseteethcare.com\/de\/wp-json\/wp\/v2\/product"}],"about":[{"href":"https:\/\/chooseteethcare.com\/de\/wp-json\/wp\/v2\/types\/product"}],"replies":[{"embeddable":true,"href":"https:\/\/chooseteethcare.com\/de\/wp-json\/wp\/v2\/comments?post=4909"}],"version-history":[{"count":3,"href":"https:\/\/chooseteethcare.com\/de\/wp-json\/wp\/v2\/product\/4909\/revisions"}],"predecessor-version":[{"id":22632,"href":"https:\/\/chooseteethcare.com\/de\/wp-json\/wp\/v2\/product\/4909\/revisions\/22632"}],"wp:featuredmedia":[{"embeddable":true,"href":"https:\/\/chooseteethcare.com\/de\/wp-json\/wp\/v2\/media\/22515"}],"wp:attachment":[{"href":"https:\/\/chooseteethcare.com\/de\/wp-json\/wp\/v2\/media?parent=4909"}],"wp:term":[{"taxonomy":"product_brand","embeddable":true,"href":"https:\/\/chooseteethcare.com\/de\/wp-json\/wp\/v2\/product_brand?post=4909"},{"taxonomy":"product_cat","embeddable":true,"href":"https:\/\/chooseteethcare.com\/de\/wp-json\/wp\/v2\/product_cat?post=4909"},{"taxonomy":"product_tag","embeddable":true,"href":"https:\/\/chooseteethcare.com\/de\/wp-json\/wp\/v2\/product_tag?post=4909"}],"curies":[{"name":"wp","href":"https:\/\/api.w.org\/{rel}","templated":true}]}}