{"id":5025,"date":"2021-07-16T19:08:55","date_gmt":"2021-07-16T19:08:55","guid":{"rendered":"https:\/\/chooseteethcare.com\/?post_type=product&#038;p=5025"},"modified":"2026-04-27T13:48:26","modified_gmt":"2026-04-27T13:48:26","slug":"choose-bamboo-box","status":"publish","type":"product","link":"https:\/\/chooseteethcare.com\/de\/produkt\/choose-bamboo-box\/","title":{"rendered":"CHOOSE Bamboo Box"},"content":{"rendered":"<p class=\"txtp\"><strong>Starten Sie mit Bambus Zahnburste (2x), Bambus Zahnburstenetui und 14 Zahnpasta Tabletten. A<\/strong><strong>usgezeichneten Zahnpasta mit frischem Minzgeschmack! Kaue, putze und sp\u00fcre, wie sie zu Zahnpasta aufsch\u00e4umt, wie du es gewohnt bist, aber (mikro-) plastikfrei, 100% vegan, tierversuchsfrei und auf nachhaltig!<\/strong><\/p>\r\n<p class=\"txtp\"><strong>Bis 2050 werden wir mehr Fische als Plastik im Meer haben!<\/strong>\u00a0Jedes Jahr verschwinden 1,5 Milliarden Plastikzahnpastatuben mit 5-20% Zahnpasta-Resten im M\u00fcll und schlie\u00dflich im Meer. Die Tuben k\u00f6nnen von der Natur nicht vollst\u00e4ndig abgebaut werden. Als Folge davon treiben kleine Plastikteile (Mikroplastik) im Meer herum, die unsere Meerestiere t\u00f6ten k\u00f6nnen, wenn sie verschluckt werden\u2026!<\/p>\r\n\r\n<ul>\r\n \t<li><strong>Sparen Sie Plastikm\u00fcll.<\/strong>\u00a0Rette den Planeten um bis zu 12 Plastiktuben pro Jahr und vermeide bis zu 20% Zahnpastaabfall pro Tube.\u00a0<em>Das ist besser f\u00fcr unsere Meerestiere und die Umwelt!<\/em><\/li>\r\n \t<li><strong>Ausgezeichnete Qualit\u00e4t.<\/strong>\u00a0Unsere Zahnpastatabletten werden unabh\u00e4ngig getestet und von Zahn\u00e4rzten mit verantwortungsvollen Inhaltsstoffen hergestellt.\u00a0<em>Habe gesunde und strahlende Z\u00e4hne!<\/em><\/li>\r\n \t<li><strong>Giveback.<\/strong>\u00a0Trage zur zahn\u00e4rztlichen Versorgung unterprivilegierter Kinder in Kenia bei; 5% unserer Gewinne werden an die Dutch Dental Care Foundation (ANBI Status) gespendet.\u00a0<em>Lass diese Kinder wieder mit gesunden Z\u00e4hnen l\u00e4cheln!<\/em><\/li>\r\n<\/ul>\r\n<p style=\"text-align: center;\"><a class=\"button button-aqua button-shortcode \" href=\"https:\/\/chooseteethcare.com\/winkelmand\/?add-to-cart=5025 \">In den Einkaufswagen - 15.95<\/a><\/p>","protected":false},"excerpt":{"rendered":"<p>Starten Sie mit Bambus Zahnburste (2x), Bambus Zahnburstenetui und 14 Zahnpasta Tabletten. Ausgezeichneten Zahnpasta mit frischem Minzgeschmack! Kaue, putze und sp\u00fcre, wie sie zu Zahnpasta aufsch\u00e4umt, wie du es gewohnt bist, aber (mikro-) plastikfrei, 100% vegan, tierversuchsfrei und auf nachhaltig! Bis 2050 werden wir mehr Fische als Plastik im Meer haben!\u00a0Jedes Jahr verschwinden 1,5 Milliarden &hellip; <a href=\"https:\/\/chooseteethcare.com\/de\/produkt\/choose-bamboo-box\/\">Continued<\/a><\/p>\n","protected":false},"featured_media":5029,"comment_status":"open","ping_status":"closed","template":"","meta":{"_acf_changed":false},"product_brand":[],"product_cat":[85],"product_tag":[114,117,111,108,123,122,115,112,116,120,118,110,113,125,121,124,119,109],"class_list":{"0":"post-5025","1":"product","2":"type-product","3":"status-publish","4":"has-post-thumbnail","6":"product_cat-produkt","7":"product_tag-bio-zahnpasta","8":"product_tag-bio-zahnpasta-de","9":"product_tag-dauerhafte-zahnpasta","10":"product_tag-kauf","11":"product_tag-kunststofffreie-zahnpasta","12":"product_tag-naturliche-zahnpasta","13":"product_tag-oko-tandpasta","14":"product_tag-okologische-zahnpasta","15":"product_tag-tandpasta-null-abfall","16":"product_tag-umweltfreundliche-zahnpasta","17":"product_tag-vegane-tandpasta","18":"product_tag-wahlen-sie-tandpasta","19":"product_tag-wahlen-sie-zahnpflege","20":"product_tag-zahnburstentabletten","21":"product_tag-zahnpasta-ohne-plastik","22":"product_tag-zahnpastapillen","23":"product_tag-zahnpastatabletten-de","24":"product_tag-zahnpastatabletten","25":"product_shipping_class-standardversand","27":"first","28":"instock","29":"shipping-taxable","30":"purchasable","31":"product-type-simple"},"bundled_by":[],"bundle_stock_status":"instock","bundle_stock_quantity":null,"bundle_virtual":false,"bundle_layout":"","bundle_add_to_cart_form_location":"","bundle_editable_in_cart":false,"bundle_sold_individually_context":"","bundle_item_grouping":"","bundle_min_size":"","bundle_max_size":"","bundle_price":[],"bundled_items":[],"bundle_sell_ids":[],"acf":[],"yoast_head":"<!-- This site is optimized with the Yoast SEO plugin v26.4 - https:\/\/yoast.com\/wordpress\/plugins\/seo\/ -->\n<title>CHOOSE Bamboo Box - CHOOSE!\u2122<\/title>\n<meta name=\"description\" content=\"Zahnpasta in Tablettenform; W\u00e4hlen Sie Impact und putzen Sie Ihre Z\u00e4hne auf umweltfreundliche und soziale Weise!\" \/>\n<meta name=\"robots\" content=\"index, follow, max-snippet:-1, max-image-preview:large, max-video-preview:-1\" \/>\n<link rel=\"canonical\" href=\"https:\/\/chooseteethcare.com\/de\/produkt\/choose-bamboo-box\/\" \/>\n<meta property=\"og:locale\" content=\"de_DE\" \/>\n<meta property=\"og:type\" content=\"article\" \/>\n<meta property=\"og:title\" content=\"CHOOSE Bamboo Box - CHOOSE!\u2122\" \/>\n<meta property=\"og:description\" content=\"Zahnpasta in Tablettenform; W\u00e4hlen Sie Impact und putzen Sie Ihre Z\u00e4hne auf umweltfreundliche und soziale Weise!\" \/>\n<meta property=\"og:url\" content=\"https:\/\/chooseteethcare.com\/de\/produkt\/choose-bamboo-box\/\" \/>\n<meta property=\"og:site_name\" content=\"CHOOSE!\u2122\" \/>\n<meta property=\"article:modified_time\" content=\"2026-04-27T13:48:26+00:00\" \/>\n<meta property=\"og:image\" content=\"https:\/\/chooseteethcare.com\/wp-content\/uploads\/2021\/07\/1.001.png\" \/>\n\t<meta property=\"og:image:width\" content=\"500\" \/>\n\t<meta property=\"og:image:height\" content=\"500\" \/>\n\t<meta property=\"og:image:type\" content=\"image\/png\" \/>\n<meta name=\"twitter:card\" content=\"summary_large_image\" \/>\n<meta name=\"twitter:label1\" content=\"Gesch\u00e4tzte Lesezeit\" \/>\n\t<meta name=\"twitter:data1\" content=\"4\u00a0Minuten\" \/>\n<script type=\"application\/ld+json\" class=\"yoast-schema-graph\">{\"@context\":\"https:\/\/schema.org\",\"@graph\":[{\"@type\":\"WebPage\",\"@id\":\"https:\/\/chooseteethcare.com\/de\/produkt\/choose-bamboo-box\/\",\"url\":\"https:\/\/chooseteethcare.com\/de\/produkt\/choose-bamboo-box\/\",\"name\":\"CHOOSE Bamboo Box - CHOOSE!\u2122\",\"isPartOf\":{\"@id\":\"https:\/\/chooseteethcare.com\/de\/#website\"},\"primaryImageOfPage\":{\"@id\":\"https:\/\/chooseteethcare.com\/de\/produkt\/choose-bamboo-box\/#primaryimage\"},\"image\":{\"@id\":\"https:\/\/chooseteethcare.com\/de\/produkt\/choose-bamboo-box\/#primaryimage\"},\"thumbnailUrl\":\"https:\/\/chooseteethcare.com\/wp-content\/uploads\/2021\/07\/1.001.png\",\"datePublished\":\"2021-07-16T19:08:55+00:00\",\"dateModified\":\"2026-04-27T13:48:26+00:00\",\"description\":\"Zahnpasta in Tablettenform; W\u00e4hlen Sie Impact und putzen Sie Ihre Z\u00e4hne auf umweltfreundliche und soziale Weise!\",\"breadcrumb\":{\"@id\":\"https:\/\/chooseteethcare.com\/de\/produkt\/choose-bamboo-box\/#breadcrumb\"},\"inLanguage\":\"de\",\"potentialAction\":[{\"@type\":\"ReadAction\",\"target\":[\"https:\/\/chooseteethcare.com\/de\/produkt\/choose-bamboo-box\/\"]}]},{\"@type\":\"ImageObject\",\"inLanguage\":\"de\",\"@id\":\"https:\/\/chooseteethcare.com\/de\/produkt\/choose-bamboo-box\/#primaryimage\",\"url\":\"https:\/\/chooseteethcare.com\/wp-content\/uploads\/2021\/07\/1.001.png\",\"contentUrl\":\"https:\/\/chooseteethcare.com\/wp-content\/uploads\/2021\/07\/1.001.png\",\"width\":500,\"height\":500,\"caption\":\"Bamboo Box\"},{\"@type\":\"BreadcrumbList\",\"@id\":\"https:\/\/chooseteethcare.com\/de\/produkt\/choose-bamboo-box\/#breadcrumb\",\"itemListElement\":[{\"@type\":\"ListItem\",\"position\":1,\"name\":\"Home\",\"item\":\"https:\/\/chooseteethcare.com\/de\/\"},{\"@type\":\"ListItem\",\"position\":2,\"name\":\"Produkte\",\"item\":\"https:\/\/chooseteethcare.com\/de\/shop\/\"},{\"@type\":\"ListItem\",\"position\":3,\"name\":\"CHOOSE Bamboo Box\"}]},{\"@type\":\"WebSite\",\"@id\":\"https:\/\/chooseteethcare.com\/de\/#website\",\"url\":\"https:\/\/chooseteethcare.com\/de\/\",\"name\":\"CHOOSE!\u2122\",\"description\":\"Get CHOOSE Paste - Excellent Tube-Free Toothpaste\",\"potentialAction\":[{\"@type\":\"SearchAction\",\"target\":{\"@type\":\"EntryPoint\",\"urlTemplate\":\"https:\/\/chooseteethcare.com\/de\/?s={search_term_string}\"},\"query-input\":{\"@type\":\"PropertyValueSpecification\",\"valueRequired\":true,\"valueName\":\"search_term_string\"}}],\"inLanguage\":\"de\"}]}<\/script>\n<!-- \/ Yoast SEO plugin. -->","yoast_head_json":{"title":"CHOOSE Bamboo Box - CHOOSE!\u2122","description":"Zahnpasta in Tablettenform; W\u00e4hlen Sie Impact und putzen Sie Ihre Z\u00e4hne auf umweltfreundliche und soziale Weise!","robots":{"index":"index","follow":"follow","max-snippet":"max-snippet:-1","max-image-preview":"max-image-preview:large","max-video-preview":"max-video-preview:-1"},"canonical":"https:\/\/chooseteethcare.com\/de\/produkt\/choose-bamboo-box\/","og_locale":"de_DE","og_type":"article","og_title":"CHOOSE Bamboo Box - CHOOSE!\u2122","og_description":"Zahnpasta in Tablettenform; W\u00e4hlen Sie Impact und putzen Sie Ihre Z\u00e4hne auf umweltfreundliche und soziale Weise!","og_url":"https:\/\/chooseteethcare.com\/de\/produkt\/choose-bamboo-box\/","og_site_name":"CHOOSE!\u2122","article_modified_time":"2026-04-27T13:48:26+00:00","og_image":[{"width":500,"height":500,"url":"https:\/\/chooseteethcare.com\/wp-content\/uploads\/2021\/07\/1.001.png","type":"image\/png"}],"twitter_card":"summary_large_image","twitter_misc":{"Gesch\u00e4tzte Lesezeit":"4\u00a0Minuten"},"schema":{"@context":"https:\/\/schema.org","@graph":[{"@type":"WebPage","@id":"https:\/\/chooseteethcare.com\/de\/produkt\/choose-bamboo-box\/","url":"https:\/\/chooseteethcare.com\/de\/produkt\/choose-bamboo-box\/","name":"CHOOSE Bamboo Box - CHOOSE!\u2122","isPartOf":{"@id":"https:\/\/chooseteethcare.com\/de\/#website"},"primaryImageOfPage":{"@id":"https:\/\/chooseteethcare.com\/de\/produkt\/choose-bamboo-box\/#primaryimage"},"image":{"@id":"https:\/\/chooseteethcare.com\/de\/produkt\/choose-bamboo-box\/#primaryimage"},"thumbnailUrl":"https:\/\/chooseteethcare.com\/wp-content\/uploads\/2021\/07\/1.001.png","datePublished":"2021-07-16T19:08:55+00:00","dateModified":"2026-04-27T13:48:26+00:00","description":"Zahnpasta in Tablettenform; W\u00e4hlen Sie Impact und putzen Sie Ihre Z\u00e4hne auf umweltfreundliche und soziale Weise!","breadcrumb":{"@id":"https:\/\/chooseteethcare.com\/de\/produkt\/choose-bamboo-box\/#breadcrumb"},"inLanguage":"de","potentialAction":[{"@type":"ReadAction","target":["https:\/\/chooseteethcare.com\/de\/produkt\/choose-bamboo-box\/"]}]},{"@type":"ImageObject","inLanguage":"de","@id":"https:\/\/chooseteethcare.com\/de\/produkt\/choose-bamboo-box\/#primaryimage","url":"https:\/\/chooseteethcare.com\/wp-content\/uploads\/2021\/07\/1.001.png","contentUrl":"https:\/\/chooseteethcare.com\/wp-content\/uploads\/2021\/07\/1.001.png","width":500,"height":500,"caption":"Bamboo Box"},{"@type":"BreadcrumbList","@id":"https:\/\/chooseteethcare.com\/de\/produkt\/choose-bamboo-box\/#breadcrumb","itemListElement":[{"@type":"ListItem","position":1,"name":"Home","item":"https:\/\/chooseteethcare.com\/de\/"},{"@type":"ListItem","position":2,"name":"Produkte","item":"https:\/\/chooseteethcare.com\/de\/shop\/"},{"@type":"ListItem","position":3,"name":"CHOOSE Bamboo Box"}]},{"@type":"WebSite","@id":"https:\/\/chooseteethcare.com\/de\/#website","url":"https:\/\/chooseteethcare.com\/de\/","name":"CHOOSE!\u2122","description":"Get CHOOSE Paste - Excellent Tube-Free Toothpaste","potentialAction":[{"@type":"SearchAction","target":{"@type":"EntryPoint","urlTemplate":"https:\/\/chooseteethcare.com\/de\/?s={search_term_string}"},"query-input":{"@type":"PropertyValueSpecification","valueRequired":true,"valueName":"search_term_string"}}],"inLanguage":"de"}]}},"_links":{"self":[{"href":"https:\/\/chooseteethcare.com\/de\/wp-json\/wp\/v2\/product\/5025","targetHints":{"allow":["GET"]}}],"collection":[{"href":"https:\/\/chooseteethcare.com\/de\/wp-json\/wp\/v2\/product"}],"about":[{"href":"https:\/\/chooseteethcare.com\/de\/wp-json\/wp\/v2\/types\/product"}],"replies":[{"embeddable":true,"href":"https:\/\/chooseteethcare.com\/de\/wp-json\/wp\/v2\/comments?post=5025"}],"version-history":[{"count":1,"href":"https:\/\/chooseteethcare.com\/de\/wp-json\/wp\/v2\/product\/5025\/revisions"}],"predecessor-version":[{"id":22640,"href":"https:\/\/chooseteethcare.com\/de\/wp-json\/wp\/v2\/product\/5025\/revisions\/22640"}],"wp:featuredmedia":[{"embeddable":true,"href":"https:\/\/chooseteethcare.com\/de\/wp-json\/wp\/v2\/media\/5029"}],"wp:attachment":[{"href":"https:\/\/chooseteethcare.com\/de\/wp-json\/wp\/v2\/media?parent=5025"}],"wp:term":[{"taxonomy":"product_brand","embeddable":true,"href":"https:\/\/chooseteethcare.com\/de\/wp-json\/wp\/v2\/product_brand?post=5025"},{"taxonomy":"product_cat","embeddable":true,"href":"https:\/\/chooseteethcare.com\/de\/wp-json\/wp\/v2\/product_cat?post=5025"},{"taxonomy":"product_tag","embeddable":true,"href":"https:\/\/chooseteethcare.com\/de\/wp-json\/wp\/v2\/product_tag?post=5025"}],"curies":[{"name":"wp","href":"https:\/\/api.w.org\/{rel}","templated":true}]}}